{"id":8866,"date":"2022-09-20T15:51:05","date_gmt":"2022-09-20T08:51:05","guid":{"rendered":"https:\/\/tours.co.th\/?post_type=product&#038;p=8866"},"modified":"2025-11-18T02:37:36","modified_gmt":"2025-11-17T19:37:36","slug":"carnival-magic-phuket","status":"publish","type":"product","link":"https:\/\/tours.co.th\/pt\/carnival-magic-phuket\/","title":{"rendered":"Carnaval M\u00e1gico Phuket"},"content":{"rendered":"","protected":false},"excerpt":{"rendered":"<p>Carnival Magic Phuket \u00e9 a joia da coroa do entretenimento noturno na ilha tur\u00edstica de Phuket.<\/p>","protected":false},"featured_media":8908,"comment_status":"open","ping_status":"closed","template":"","meta":{"_acf_changed":false},"product_brand":[],"product_cat":[35],"product_tag":[246,118,247,37,338],"class_list":{"0":"post-8866","1":"product","2":"type-product","3":"status-publish","4":"has-post-thumbnail","6":"product_cat-phuket-tours","7":"product_tag-carnival-magic","8":"product_tag-city-tour","9":"product_tag-park","10":"product_tag-phuket","11":"product_tag-ticket","13":"first","14":"instock","15":"virtual","16":"sold-individually","17":"purchasable","18":"product-type-booking"},"booking_location":"","booking_location_type":"","booking_duration":1,"booking_duration_unit":"day","booking_buffer":0,"booking_cost":0,"booking_resources":[],"exclude_global_add_ons":false,"addons":[{"name":"Op\u00e7\u00e3o de ingresso","type":"multiple_choice","position":0,"required":true,"title_format":"label","default":"","description_enable":false,"description":"","placeholder_enable":false,"placeholder":"","display":"select","restrictions_type":"any_text","adjust_price":false,"price":"","price_type":"flat_fee","restrictions":false,"min":"0","max":"0","options":[{"label":"Ticket Only","price":"","price_type":"quantity_based","image":0,"visibility":true},{"label":"Ticket + Buffet Dinner","price":"449","price_type":"quantity_based","image":0,"visibility":true},{"label":"Ticket + Royal Seat","price":"400","price_type":"quantity_based","image":0,"visibility":true},{"label":"Ticket + Buffet Dinner + Royal Seat","price":"849","price_type":"quantity_based","image":0,"visibility":true}],"id":1702818400},{"name":"Transfer\u00eancia (opcional)","type":"multiple_choice","position":1,"required":false,"title_format":"label","default":"","description_enable":false,"description":"","placeholder_enable":false,"placeholder":"","display":"select","restrictions_type":"any_text","adjust_price":false,"price":"","price_type":"flat_fee","restrictions":false,"min":"0","max":"0","options":[{"label":"Everywhere in Phuket","price":"400","price_type":"quantity_based","image":0,"visibility":true},{"label":"Khaolak","price":"700","price_type":"quantity_based","image":0,"visibility":true}],"id":1702818401}],"acf":[],"_links":{"self":[{"href":"https:\/\/tours.co.th\/pt\/wp-json\/wp\/v2\/product\/8866","targetHints":{"allow":["GET"]}}],"collection":[{"href":"https:\/\/tours.co.th\/pt\/wp-json\/wp\/v2\/product"}],"about":[{"href":"https:\/\/tours.co.th\/pt\/wp-json\/wp\/v2\/types\/product"}],"replies":[{"embeddable":true,"href":"https:\/\/tours.co.th\/pt\/wp-json\/wp\/v2\/comments?post=8866"}],"version-history":[{"count":0,"href":"https:\/\/tours.co.th\/pt\/wp-json\/wp\/v2\/product\/8866\/revisions"}],"wp:featuredmedia":[{"embeddable":true,"href":"https:\/\/tours.co.th\/pt\/wp-json\/wp\/v2\/media\/8908"}],"wp:attachment":[{"href":"https:\/\/tours.co.th\/pt\/wp-json\/wp\/v2\/media?parent=8866"}],"wp:term":[{"taxonomy":"product_brand","embeddable":true,"href":"https:\/\/tours.co.th\/pt\/wp-json\/wp\/v2\/product_brand?post=8866"},{"taxonomy":"product_cat","embeddable":true,"href":"https:\/\/tours.co.th\/pt\/wp-json\/wp\/v2\/product_cat?post=8866"},{"taxonomy":"product_tag","embeddable":true,"href":"https:\/\/tours.co.th\/pt\/wp-json\/wp\/v2\/product_tag?post=8866"}],"curies":[{"name":"wp","href":"https:\/\/api.w.org\/{rel}","templated":true}]}}