{"id":35074,"date":"2025-08-11T20:19:44","date_gmt":"2025-08-11T13:19:44","guid":{"rendered":"https:\/\/tours.co.th\/?post_type=product&#038;p=35074"},"modified":"2026-01-10T12:49:41","modified_gmt":"2026-01-10T05:49:41","slug":"chiang-mai-white-water-rafting-3-hours-atv-adventure","status":"publish","type":"product","link":"https:\/\/tours.co.th\/pt\/chiang-mai-white-water-rafting-3-hours-atv-adventure\/","title":{"rendered":"Rafting em \u00e1guas bravas em Chiang Mai e aventura de 3 horas em quadriciclo"},"content":{"rendered":"<h3>Chiang Mai: Rafting em \u00e1guas bravas e aventura em quadriciclo<\/h3>\n<p>Viva o melhor da natureza de Chiang Mai com um passeio combinado cheio de a\u00e7\u00e3o. Esta excurs\u00e3o de dia inteiro une a emo\u00e7\u00e3o do rafting nas corredeiras do rio Mae Taeng com um emocionante passeio de quadriciclo pela exuberante selva. \u00c9 a maneira perfeita de liberar adrenalina e mergulhar na beleza natural do norte da Tail\u00e2ndia.<\/p>\n<h3>Destaques<\/h3>\n<ul>\n<li><b>Aventura Dupla:<\/b> Combine a emo\u00e7\u00e3o do rafting com a pr\u00e1tica de quadriciclos.<\/li>\n<li><b>Rio Mae Taeng:<\/b> Fa\u00e7a um passeio de jangada no rio mais emocionante de Chiang Mai.<\/li>\n<li><b>Passeio de quadriciclo na selva:<\/b> Explore trilhas acidentadas e paisagens deslumbrantes.<\/li>\n<li><b>Guias profissionais:<\/b> S\u00e3o fornecidas instru\u00e7\u00f5es de seguran\u00e7a e orienta\u00e7\u00f5es de especialistas.<\/li>\n<li><b>Tudo inclu\u00eddo:<\/b> Traslados, equipamentos de seguran\u00e7a e um delicioso almo\u00e7o inclu\u00eddos.<\/li>\n<li><b>Localiza\u00e7\u00e3o panor\u00e2mica:<\/b> Todas as atividades s\u00e3o realizadas em meio \u00e0 paisagem campestre deslumbrante.<\/li>\n<\/ul>\n<h3>Avalia\u00e7\u00f5es do Rio<\/h3>\n<p><strong>Classe I-II<\/strong>\u00a0Geralmente indica ondas abaixo de 80 cm de altura, com pouca navega\u00e7\u00e3o necess\u00e1ria e baixas consequ\u00eancias ou chances de tombamento. Melhor para crian\u00e7as pequenas e adultos indecisos.<\/p>\n<p><strong>Classe III<\/strong>\u00a0Ondas de at\u00e9 1 metro de altura, \u00e9 preciso ter habilidade de navega\u00e7\u00e3o para passar por pedras e obst\u00e1culos, corredeiras s\u00e3o desafiadoras, mas n\u00e3o avassaladoras \u2013 ideal para um n\u00edvel introdut\u00f3rio de rafting.<\/p>\n<p><strong>Classe IV<\/strong>\u00a0Ondas e quedas de at\u00e9 2 metros. Uma navega\u00e7\u00e3o adequada \u00e9 essencial, pois existe o risco de cair ou virar o bote. Os participantes devem estar prontos para ouvir e responder \u00e0s instru\u00e7\u00f5es do guia. Se voc\u00ea sair do bote, este pode ser um mergulho potencialmente desconfort\u00e1vel, com risco de esbarrar em pedras. Esta atividade \u00e9 ideal para quem busca aventura com entusiasmo; pode ser realizada por praticantes inexperientes, mas \u00e9 preciso ter aptid\u00e3o para a aventura.<\/p>","protected":false},"excerpt":{"rendered":"<p>Experience the best of Chiang Mai&#8217;s outdoors with an action-packed combo tour. This full-day trip combines the thrill of white water rafting on the Mae Taeng River with an exhilarating ATV ride through the scenic jungle.<\/p>","protected":false},"featured_media":35076,"comment_status":"open","ping_status":"closed","template":"","meta":{"_acf_changed":false},"product_brand":[],"product_cat":[41],"product_tag":[42,43,99],"class_list":{"0":"post-35074","1":"product","2":"type-product","3":"status-publish","4":"has-post-thumbnail","6":"product_cat-chiang-mai-tours","7":"product_tag-chiang-mai","8":"product_tag-chiang-mai-tours","9":"product_tag-mae-wang","11":"first","12":"instock","13":"virtual","14":"sold-individually","15":"purchasable","16":"product-type-booking"},"booking_location":"","booking_location_type":"","booking_duration":1,"booking_duration_unit":"day","booking_buffer":0,"booking_cost":0,"booking_resources":[],"exclude_global_add_ons":false,"addons":[{"name":"Op\u00e7\u00e3o de rota","type":"multiple_choice","position":0,"required":true,"title_format":"label","default":"","description_enable":false,"description":"","placeholder_enable":false,"placeholder":"","display":"select","restrictions_type":"any_text","adjust_price":false,"price":"","price_type":"flat_fee","restrictions":false,"min":"0","max":"0","options":[{"label":"Rafting 8 Km","price":"","price_type":"quantity_based","image":0,"visibility":true},{"label":"Rafting 10 Km","price":"300","price_type":"quantity_based","image":0,"visibility":true}],"id":1754941422}],"acf":[],"_links":{"self":[{"href":"https:\/\/tours.co.th\/pt\/wp-json\/wp\/v2\/product\/35074","targetHints":{"allow":["GET"]}}],"collection":[{"href":"https:\/\/tours.co.th\/pt\/wp-json\/wp\/v2\/product"}],"about":[{"href":"https:\/\/tours.co.th\/pt\/wp-json\/wp\/v2\/types\/product"}],"replies":[{"embeddable":true,"href":"https:\/\/tours.co.th\/pt\/wp-json\/wp\/v2\/comments?post=35074"}],"version-history":[{"count":2,"href":"https:\/\/tours.co.th\/pt\/wp-json\/wp\/v2\/product\/35074\/revisions"}],"predecessor-version":[{"id":35082,"href":"https:\/\/tours.co.th\/pt\/wp-json\/wp\/v2\/product\/35074\/revisions\/35082"}],"wp:featuredmedia":[{"embeddable":true,"href":"https:\/\/tours.co.th\/pt\/wp-json\/wp\/v2\/media\/35076"}],"wp:attachment":[{"href":"https:\/\/tours.co.th\/pt\/wp-json\/wp\/v2\/media?parent=35074"}],"wp:term":[{"taxonomy":"product_brand","embeddable":true,"href":"https:\/\/tours.co.th\/pt\/wp-json\/wp\/v2\/product_brand?post=35074"},{"taxonomy":"product_cat","embeddable":true,"href":"https:\/\/tours.co.th\/pt\/wp-json\/wp\/v2\/product_cat?post=35074"},{"taxonomy":"product_tag","embeddable":true,"href":"https:\/\/tours.co.th\/pt\/wp-json\/wp\/v2\/product_tag?post=35074"}],"curies":[{"name":"wp","href":"https:\/\/api.w.org\/{rel}","templated":true}]}}