{"id":21902,"date":"2023-12-13T13:48:27","date_gmt":"2023-12-13T06:48:27","guid":{"rendered":"https:\/\/tours.co.th\/?post_type=product&#038;p=21902"},"modified":"2025-08-23T22:58:03","modified_gmt":"2025-08-23T15:58:03","slug":"private-phi-phi-island-by-speed-boat-from-krabi","status":"publish","type":"product","link":"https:\/\/tours.co.th\/pt\/private-phi-phi-island-by-speed-boat-from-krabi\/","title":{"rendered":"Ilha Phi Phi particular em lancha saindo de Krabi"},"content":{"rendered":"<div id=\"model-response-message-contentr_ed7a2690d9fb978a\" class=\"markdown markdown-main-panel stronger enable-updated-hr-color\" dir=\"ltr\">\n<h3>Excurs\u00e3o particular de lancha r\u00e1pida \u00e0s Ilhas Phi Phi saindo de Krabi.<\/h3>\n<p>Embarque em uma aventura exclusiva rumo ao deslumbrante cen\u00e1rio de tirar o f\u00f4lego. <b>Ilhas Phi Phi<\/b> Desfrute de um passeio privativo de lancha saindo de Krabi. Amplamente consideradas um dos arquip\u00e9lagos mais belos do mundo, as Ilhas Phi Phi s\u00e3o um destino imperd\u00edvel que oferece paisagens deslumbrantes e experi\u00eancias inesquec\u00edveis.<\/p>\n<p>Desfrute do m\u00e1ximo conforto e privacidade enquanto navega pelo Mar de Andaman. Personalize o seu dia ao seu gosto, passando mais tempo nos seus locais favoritos, seja explorando os famosos <b>Ba\u00eda Maya<\/b>, Fa\u00e7a snorkel em \u00e1guas cristalinas ou simplesmente relaxe em praias isoladas. Este passeio privado \u00e9 perfeito para quem quer fugir das multid\u00f5es e descobrir a beleza intocada de Phi Phi no seu pr\u00f3prio ritmo.<\/p>\n<h3>Destaques<\/h3>\n<ul>\n<li><b>Visita guiada privada:<\/b> Desfrute de uma experi\u00eancia exclusiva e personalizada.<\/li>\n<li><b>Lancha:<\/b> Viagem r\u00e1pida e confort\u00e1vel para as Ilhas Phi Phi.<\/li>\n<li><b>Ilhas ic\u00f4nicas:<\/b> Visite Maya Bay, Phi Phi Leh e muito mais.<\/li>\n<li><b>Mergulho com snorkel:<\/b> Explore os vibrantes recifes de coral e a rica vida marinha.<\/li>\n<li><b>Personaliz\u00e1vel:<\/b> Crie o seu itiner\u00e1rio perfeito.<\/li>\n<\/ul>\n<\/div>","protected":false},"excerpt":{"rendered":"<p>Ilha Phi Phi particular em lancha saindo de Krabi. Uma visita a Krabi n\u00e3o estaria completa sem uma visita \u00e0 Ilha Phi Phi, o destino tur\u00edstico mais popular<\/p>","protected":false},"featured_media":35317,"comment_status":"open","ping_status":"closed","template":"","meta":{"_acf_changed":false},"product_brand":[403],"product_cat":[90],"product_tag":[94,91,53,52],"class_list":{"0":"post-21902","1":"product","2":"type-product","3":"status-publish","4":"has-post-thumbnail","6":"product_brand-krabi-tours","7":"product_cat-krabi-tours","8":"product_tag-krabi-tour","9":"product_tag-phi-phi","10":"product_tag-private","11":"product_tag-speed-boat","13":"first","14":"instock","15":"sold-individually","16":"shipping-taxable","17":"purchasable","18":"product-type-booking"},"booking_location":"","booking_location_type":"","booking_duration":1,"booking_duration_unit":"day","booking_buffer":0,"booking_cost":0,"booking_resources":[],"exclude_global_add_ons":false,"addons":[{"name":"Op\u00e7\u00e3o de barco","type":"multiple_choice","position":0,"required":true,"title_format":"label","default":"","description_enable":false,"description":"","placeholder_enable":false,"placeholder":"","display":"select","restrictions_type":"any_text","adjust_price":false,"price":"","price_type":"flat_fee","restrictions":false,"min":"0","max":"0","options":[{"label":"1 Engine (1-15 Seats)","price":"","price_type":"flat_fee","image":0,"visibility":true},{"label":"2 Engine (1-35 Seats)","price":"7000","price_type":"flat_fee","image":0,"visibility":true},{"label":"3 Engine (1-46 Seats)","price":"18000","price_type":"flat_fee","image":0,"visibility":true}],"id":1702478864},{"name":"Almo\u00e7o (opcional)","type":"multiple_choice","position":1,"required":false,"title_format":"label","default":"","description_enable":false,"description":"","placeholder_enable":false,"placeholder":"","display":"select","restrictions_type":"any_text","adjust_price":false,"price":"","price_type":"flat_fee","restrictions":false,"min":"0","max":"0","options":[{"label":"Thai set menu","price":"350","price_type":"quantity_based","image":0,"visibility":true}],"id":1702478865}],"acf":[],"_links":{"self":[{"href":"https:\/\/tours.co.th\/pt\/wp-json\/wp\/v2\/product\/21902","targetHints":{"allow":["GET"]}}],"collection":[{"href":"https:\/\/tours.co.th\/pt\/wp-json\/wp\/v2\/product"}],"about":[{"href":"https:\/\/tours.co.th\/pt\/wp-json\/wp\/v2\/types\/product"}],"replies":[{"embeddable":true,"href":"https:\/\/tours.co.th\/pt\/wp-json\/wp\/v2\/comments?post=21902"}],"version-history":[{"count":6,"href":"https:\/\/tours.co.th\/pt\/wp-json\/wp\/v2\/product\/21902\/revisions"}],"predecessor-version":[{"id":35439,"href":"https:\/\/tours.co.th\/pt\/wp-json\/wp\/v2\/product\/21902\/revisions\/35439"}],"wp:featuredmedia":[{"embeddable":true,"href":"https:\/\/tours.co.th\/pt\/wp-json\/wp\/v2\/media\/35317"}],"wp:attachment":[{"href":"https:\/\/tours.co.th\/pt\/wp-json\/wp\/v2\/media?parent=21902"}],"wp:term":[{"taxonomy":"product_brand","embeddable":true,"href":"https:\/\/tours.co.th\/pt\/wp-json\/wp\/v2\/product_brand?post=21902"},{"taxonomy":"product_cat","embeddable":true,"href":"https:\/\/tours.co.th\/pt\/wp-json\/wp\/v2\/product_cat?post=21902"},{"taxonomy":"product_tag","embeddable":true,"href":"https:\/\/tours.co.th\/pt\/wp-json\/wp\/v2\/product_tag?post=21902"}],"curies":[{"name":"wp","href":"https:\/\/api.w.org\/{rel}","templated":true}]}}