{"id":2079,"date":"2022-03-26T18:56:54","date_gmt":"2022-03-26T11:56:54","guid":{"rendered":"https:\/\/thaihotels.ir\/?post_type=product&#038;p=2079"},"modified":"2025-07-17T22:10:03","modified_gmt":"2025-07-17T15:10:03","slug":"the-upside-down-house-museum-fun-attractions","status":"publish","type":"product","link":"https:\/\/tours.co.th\/pt\/the-upside-down-house-museum-fun-attractions\/","title":{"rendered":"Museu The Upside Down House e atrac\u00e7\u00f5es divertidas"},"content":{"rendered":"<p>O Upside Down House Phuket (Baan Teelanka) \u00e9 uma atra\u00e7\u00e3o \u00fanica com atividades para toda a fam\u00edlia que todas as idades podem aproveitar. \u00c9 ideal tanto para um dia divertido com a fam\u00edlia quanto uma boa atividade para escapar da chuva do clima tropical.<\/p>\n<p>Uma experi\u00eancia divertida n\u00e3o \u00e9 a \u00fanica coisa que voc\u00ea levar\u00e1 para casa. Tire fotos incr\u00edveis com ilus\u00f5es de \u00f3tica e efeitos divertidos para expressar seu estilo de vida \u00fanico online! Voc\u00ea tamb\u00e9m pode optar por visitar o Labirinto do Jardim em tamanho real, localizado do lado de fora da Casa UpsideDown, para se perder nele ou desafiar a si mesmo e encontrar a sa\u00edda! Estamos abertos todos os dias. Visite-nos das 10h \u00e0s 17h30.<\/p>","protected":false},"excerpt":{"rendered":"<p>O Upside Down House Phuket (Baan Teelanka) \u00e9 uma atra\u00e7\u00e3o \u00fanica com atividades para toda a fam\u00edlia que todas as idades podem aproveitar. \u00c9 ideal tanto para um dia divertido com a fam\u00edlia quanto uma boa atividade para escapar da chuva do clima tropical.<\/p>","protected":false},"featured_media":2086,"comment_status":"open","ping_status":"closed","template":"","meta":{"_acf_changed":false},"product_brand":[401],"product_cat":[35],"product_tag":[44,37,425],"class_list":{"0":"post-2079","1":"product","2":"type-product","3":"status-publish","4":"has-post-thumbnail","6":"product_brand-phuket-tours","7":"product_cat-phuket-tours","8":"product_tag-city","9":"product_tag-phuket","10":"product_tag-upside-down-house","12":"first","13":"instock","14":"virtual","15":"sold-individually","16":"purchasable","17":"product-type-booking"},"booking_location":"","booking_location_type":"","booking_duration":1,"booking_duration_unit":"day","booking_buffer":0,"booking_cost":0,"booking_resources":[],"exclude_global_add_ons":false,"addons":[{"name":"Addons","type":"multiple_choice","position":1,"required":false,"title_format":"label","default":"","description_enable":false,"description":"","placeholder_enable":false,"placeholder":"","display":"select","restrictions_type":"any_text","adjust_price":false,"price":"","price_type":"flat_fee","restrictions":false,"min":"0","max":"0","options":[{"label":"Garden Maze","price":"110","price_type":"quantity_based","image":0,"visibility":true},{"label":"Garden Maze + Escape Room","price":"920","price_type":"quantity_based","image":0,"visibility":true}],"id":1752790203}],"acf":[],"_links":{"self":[{"href":"https:\/\/tours.co.th\/pt\/wp-json\/wp\/v2\/product\/2079","targetHints":{"allow":["GET"]}}],"collection":[{"href":"https:\/\/tours.co.th\/pt\/wp-json\/wp\/v2\/product"}],"about":[{"href":"https:\/\/tours.co.th\/pt\/wp-json\/wp\/v2\/types\/product"}],"replies":[{"embeddable":true,"href":"https:\/\/tours.co.th\/pt\/wp-json\/wp\/v2\/comments?post=2079"}],"version-history":[{"count":2,"href":"https:\/\/tours.co.th\/pt\/wp-json\/wp\/v2\/product\/2079\/revisions"}],"predecessor-version":[{"id":34414,"href":"https:\/\/tours.co.th\/pt\/wp-json\/wp\/v2\/product\/2079\/revisions\/34414"}],"wp:featuredmedia":[{"embeddable":true,"href":"https:\/\/tours.co.th\/pt\/wp-json\/wp\/v2\/media\/2086"}],"wp:attachment":[{"href":"https:\/\/tours.co.th\/pt\/wp-json\/wp\/v2\/media?parent=2079"}],"wp:term":[{"taxonomy":"product_brand","embeddable":true,"href":"https:\/\/tours.co.th\/pt\/wp-json\/wp\/v2\/product_brand?post=2079"},{"taxonomy":"product_cat","embeddable":true,"href":"https:\/\/tours.co.th\/pt\/wp-json\/wp\/v2\/product_cat?post=2079"},{"taxonomy":"product_tag","embeddable":true,"href":"https:\/\/tours.co.th\/pt\/wp-json\/wp\/v2\/product_tag?post=2079"}],"curies":[{"name":"wp","href":"https:\/\/api.w.org\/{rel}","templated":true}]}}