{"id":635,"date":"2022-03-15T02:08:21","date_gmt":"2022-03-14T19:08:21","guid":{"rendered":"https:\/\/thaihotels.ir\/?post_type=product&#038;p=635"},"modified":"2025-08-18T19:25:37","modified_gmt":"2025-08-18T12:25:37","slug":"phuket-private-speedboat-aqva-37-ft","status":"publish","type":"product","link":"https:\/\/tours.co.th\/pl\/phuket-private-speedboat-aqva-37-ft\/","title":{"rendered":"Prywatna \u0142\u00f3d\u017a motorowa Phuket: AQVA 37 st\u00f3p"},"content":{"rendered":"<h3>Prywatna \u0142\u00f3d\u017a motorowa AQVA o d\u0142ugo\u015bci 37 st\u00f3p: Luksusowe rejsy po wyspach Phuket<\/h3>\n<div class=\"content-wrapper\">\n<div class=\"main-content ng-trigger ng-trigger-routeChangeAnimation\">\n<div class=\"content-container\">\n<div class=\"chat-container ng-tns-c31793501-68 ng-trigger ng-trigger-chatHistoryImmersiveTransitions\">\n<div id=\"chat-history\" class=\"chat-history-scroll-container\">\n<div id=\"473c0cfe9d385ad0\" class=\"conversation-container message-actions-hover-boundary ng-star-inserted\">\n<div class=\"response-container ng-tns-c103211297-183 response-container-with-gpi ng-star-inserted response-container-has-multiple-responses\">\n<div class=\"presented-response-container ng-tns-c103211297-183\">\n<div class=\"response-container-content ng-tns-c103211297-183\">\n<div class=\"response-content ng-tns-c103211297-183\">\n<div id=\"model-response-message-contentr_473c0cfe9d385ad0\" class=\"markdown markdown-main-panel stronger enable-updated-hr-color\" dir=\"ltr\">\n<p>Prze\u017cyj wyj\u0105tkow\u0105 prywatn\u0105 przygod\u0119 z <b>\u0141\u00f3d\u017a motorowa AQVA 37ft<\/b>, idealny statek dla rodziny lub ma\u0142ej grupy pragn\u0105cej zwiedzi\u0107 wspania\u0142e wyspy Phuket w komfortowych i stylowych warunkach. <span class=\"citation-9 citation-end-9\">Ta nowoczesna \u0142\u00f3d\u017a motorowa, odnowiona w 2022 roku, zosta\u0142a zaprojektowana z my\u015bl\u0105 o szybko\u015bci i komforcie. Pomie\u015bci maksymalnie 12 go\u015bci i ma dwuosobow\u0105 profesjonaln\u0105 za\u0142og\u0119.<br \/>\n<\/span><span class=\"citation-8\">Ten <\/span><b><span class=\"citation-8\">AQVA 37 st\u00f3p<\/span><\/b><span class=\"citation-8 citation-end-8\"> zapewnia najwy\u017cszej jako\u015bci prywatne czartery, umo\u017cliwiaj\u0105c Ci stworzenie spersonalizowanego planu podr\u00f3\u017cy do wymarzonych miejsc.<\/span> Niezale\u017cnie od tego, czy chcesz podziwia\u0107 ikoniczne pi\u0119kno wysp Phi Phi, spokojne brzegi wyspy Maiton, dramatyczne krajobrazy zatoki Phang Nga czy krystalicznie czyste wody wysp Racha i Coral, ta \u0142\u00f3d\u017a motorowa jest Twoim biletem na niezapomniany dzie\u0144 na morzu.<\/p>\n<h3>Przegl\u0105d najwa\u017cniejszych wydarze\u0144<\/h3>\n<ul>\n<li><b>Premium Speedboat:<\/b> Rejs nowoczesn\u0105, odnowion\u0105 \u0142odzi\u0105 motorow\u0105 o d\u0142ugo\u015bci 37 st\u00f3p.<\/li>\n<li><b><span class=\"citation-7\">Do 12 go\u015bci:<\/span><\/b><span class=\"citation-7 citation-end-7\"> Idealne na prywatne wycieczki z rodzin\u0105 lub przyjaci\u00f3\u0142mi.<\/span><\/li>\n<li><b>Za\u0142oga ekspert\u00f3w:<\/b><span class=\"citation-6 citation-end-6\"> Skorzystaj z profesjonalnej obs\u0142ugi zapewnianej przez oddan\u0105, dwuosobow\u0105 za\u0142og\u0119.<\/span><\/li>\n<li><b>Spersonalizowany plan podr\u00f3\u017cy:<\/b> Wybierz w\u0142asne miejsca docelowe i zaplanuj podr\u00f3\u017c w spos\u00f3b spersonalizowany.<\/li>\n<li><b><span class=\"citation-5 interactive-span-hovered\">Komfort i styl:<\/span><\/b><span class=\"citation-5 citation-end-5 interactive-span-hovered\"> Wygodny i elegancki statek do eksploracji Morza Andama\u0144skiego.<\/span><\/li>\n<\/ul>\n<\/div>\n<\/div>\n<\/div>\n<\/div>\n<\/div>\n<\/div>\n<\/div>\n<\/div>\n<\/div>\n<\/div>\n<\/div>","protected":false},"excerpt":{"rendered":"<p>Prze\u017cyj wyj\u0105tkow\u0105 prywatn\u0105 przygod\u0119 z <b>\u0141\u00f3d\u017a motorowa AQVA 37ft<\/b>, idealny statek dla rodziny lub ma\u0142ej grupy pragn\u0105cej zwiedzi\u0107 wspania\u0142e wyspy Phuket w komfortowych i stylowych warunkach.<\/p>","protected":false},"featured_media":35269,"comment_status":"open","ping_status":"closed","template":"","meta":{"_acf_changed":false},"product_brand":[401],"product_cat":[35],"product_tag":[50,83,39,53,69,97],"class_list":{"0":"post-635","1":"product","2":"type-product","3":"status-publish","4":"has-post-thumbnail","6":"product_brand-phuket-tours","7":"product_cat-phuket-tours","8":"product_tag-island-tours","9":"product_tag-luxury","10":"product_tag-phuket-tours","11":"product_tag-private","12":"product_tag-sea-tours","13":"product_tag-speedboat","15":"first","16":"instock","17":"virtual","18":"sold-individually","19":"purchasable","20":"product-type-booking"},"booking_location":"","booking_location_type":"","booking_duration":1,"booking_duration_unit":"day","booking_buffer":0,"booking_cost":0,"booking_resources":[],"exclude_global_add_ons":false,"addons":[{"name":"Cel podr\u00f3\u017cy (7 godzin)","type":"multiple_choice","position":0,"required":true,"title_format":"label","default":"","description_enable":false,"description":"","placeholder_enable":false,"placeholder":"","display":"select","restrictions_type":"any_text","adjust_price":false,"price":"","price_type":"flat_fee","restrictions":false,"min":"0","max":"0","options":[{"label":"Racha Yai Island + Banana Beach at Coral Island","price":"","price_type":"flat_fee","image":0,"visibility":true},{"label":"Maiton Island + Banana Beach at Coral Island","price":"","price_type":"flat_fee","image":0,"visibility":true},{"label":"Banana Beach at Coral Island + Promthep Cape","price":"","price_type":"flat_fee","image":0,"visibility":true},{"label":"Khai Nok Island + Maiton Island","price":"","price_type":"flat_fee","image":0,"visibility":true},{"label":"Phi Phi Islands + Maiton Island","price":"10300","price_type":"flat_fee","image":0,"visibility":true},{"label":"Phang Nga Bay","price":"10300","price_type":"flat_fee","image":0,"visibility":true}],"id":1679363960}],"acf":[],"_links":{"self":[{"href":"https:\/\/tours.co.th\/pl\/wp-json\/wp\/v2\/product\/635","targetHints":{"allow":["GET"]}}],"collection":[{"href":"https:\/\/tours.co.th\/pl\/wp-json\/wp\/v2\/product"}],"about":[{"href":"https:\/\/tours.co.th\/pl\/wp-json\/wp\/v2\/types\/product"}],"replies":[{"embeddable":true,"href":"https:\/\/tours.co.th\/pl\/wp-json\/wp\/v2\/comments?post=635"}],"version-history":[{"count":4,"href":"https:\/\/tours.co.th\/pl\/wp-json\/wp\/v2\/product\/635\/revisions"}],"predecessor-version":[{"id":35285,"href":"https:\/\/tours.co.th\/pl\/wp-json\/wp\/v2\/product\/635\/revisions\/35285"}],"wp:featuredmedia":[{"embeddable":true,"href":"https:\/\/tours.co.th\/pl\/wp-json\/wp\/v2\/media\/35269"}],"wp:attachment":[{"href":"https:\/\/tours.co.th\/pl\/wp-json\/wp\/v2\/media?parent=635"}],"wp:term":[{"taxonomy":"product_brand","embeddable":true,"href":"https:\/\/tours.co.th\/pl\/wp-json\/wp\/v2\/product_brand?post=635"},{"taxonomy":"product_cat","embeddable":true,"href":"https:\/\/tours.co.th\/pl\/wp-json\/wp\/v2\/product_cat?post=635"},{"taxonomy":"product_tag","embeddable":true,"href":"https:\/\/tours.co.th\/pl\/wp-json\/wp\/v2\/product_tag?post=635"}],"curies":[{"name":"wp","href":"https:\/\/api.w.org\/{rel}","templated":true}]}}