{"id":537,"date":"2022-03-14T17:50:44","date_gmt":"2022-03-14T10:50:44","guid":{"rendered":"https:\/\/thaihotels.ir\/?post_type=product&#038;p=537"},"modified":"2025-11-09T20:05:53","modified_gmt":"2025-11-09T13:05:53","slug":"james-bond-island-by-longtail-boat-from-krabi","status":"publish","type":"product","link":"https:\/\/tours.co.th\/pl\/james-bond-island-by-longtail-boat-from-krabi\/","title":{"rendered":"Wyspa Jamesa Bonda \u0142odzi\u0105 Longtail Boat z Krabi"},"content":{"rendered":"<h3>Wycieczka d\u0142ug\u0105 \u0142odzi\u0105 na wysp\u0119 Jamesa Bonda z Krabi<\/h3>\n<p>Wybierz si\u0119 na fascynuj\u0105c\u0105, ca\u0142odniow\u0105 przygod\u0119 krajoznawcz\u0105, <b>Wyspa Jamesa Bonda<\/b> i zapieraj\u0105ce dech w piersiach <b>Zatoka Phang Nga<\/b> Tradycyjn\u0105 \u0142odzi\u0105 longtail z Krabi. Ta kompleksowa wycieczka oferuje mn\u00f3stwo wyj\u0105tkowych widok\u00f3w, \u0142\u0105cz\u0105c kultow\u0105 histori\u0119 kina z cudami natury.<\/p>\n<p>Ciesz si\u0119 wygod\u0105 <b>transfery hotelowe<\/b> z Krabi, Ao Nang, Klong Muang i Tub Kaek klimatyzowanymi minivanami. Przygoda zaczyna si\u0119 od postoju w mistycznym <b>Jaskinia Ma\u0142p (Wat Suwan Kuha)<\/b> przed wyruszeniem na molo w Phang Nga.<\/p>\n<p>Stamt\u0105d rejs klasycznym <b>\u0142\u00f3d\u017a typu longtail<\/b> Do <b>Wyspa Jamesa Bonda (Ko Ta Pu)<\/b> I <b>Khao Phing Kan<\/b> aby zobaczy\u0107 s\u0142ynn\u0105 formacj\u0119 skaln\u0105, kt\u00f3r\u0105 mo\u017cna zobaczy\u0107 w filmie \u2018Cz\u0142owiek ze z\u0142otym pistoletem\u2019. B\u0119dziesz mie\u0107 czas wolny, aby samodzielnie zwiedzi\u0107 t\u0119 kultow\u0105 atrakcj\u0119.<\/p>\n<p>Wycieczka obejmuje ekscytuj\u0105c\u0105 okazj\u0119 do: <b>opcjonalne kajakarstwo<\/b> przez jaskinie i wzd\u0142u\u017c wznosz\u0105cych si\u0119 kanion\u00f3w wok\u00f3\u0142 <b>Jaskinia Lod<\/b>. Alternatywnie, mo\u017cesz wybra\u0107 si\u0119 na malownicz\u0105 przeja\u017cd\u017ck\u0119 d\u0142ug\u0105 \u0142odzi\u0105, podziwiaj\u0105c osza\u0142amiaj\u0105ce widoki <b>lasy namorzynowe<\/b> i pi\u0119kne wapienne krajobrazy krasowe zatoki Phang Nga.<\/p>\n<p>Obie grupy spotykaj\u0105 si\u0119 na pysznym posi\u0142ku <b>Lunch w stylu tajskim<\/b> Na <b>Koh Panyee<\/b>, wyj\u0105tkowa p\u0142ywaj\u0105ca wioska rybacka. B\u0119dziesz mie\u0107 czas na w\u0119dr\u00f3wk\u0119 i odkrywanie tej fascynuj\u0105cej spo\u0142eczno\u015bci Cygan\u00f3w Morskich.<\/p>\n<p>Aby dope\u0142ni\u0107 swoj\u0105 przygod\u0119, wycieczka ko\u0144czy si\u0119 odpr\u0119\u017caj\u0105cym przystankiem w <b>wodospad<\/b>, gdzie mo\u017cesz si\u0119 och\u0142odzi\u0107 i pop\u0142ywa\u0107 (pami\u0119taj, \u017ceby zabra\u0107 str\u00f3j k\u0105pielowy i r\u0119cznik!). Ta pe\u0142na wra\u017ce\u0144 jednodniowa wycieczka oferuje niezapomnian\u0105 podr\u00f3\u017c przez najpi\u0119kniejsze krajobrazy po\u0142udniowej Tajlandii.<\/p>\n<h3>Przegl\u0105d najwa\u017cniejszych wydarze\u0144<\/h3>\n<ul>\n<li><b>Wycieczka \u0142odzi\u0105 typu longtail:<\/b> Autentyczny i malowniczy rejs po zatoce Phang Nga.<\/li>\n<li><b>Wyspa Jamesa Bonda:<\/b> Zobacz kultowy kamie\u0144 z filmu \u2018Cz\u0142owiek ze z\u0142otym pistoletem\u2019.\u2019<\/li>\n<li><b>Jaskinia Ma\u0142p:<\/b> Odwied\u017a wyj\u0105tkow\u0105 \u015bwi\u0105tyni\u0119 jaskiniow\u0105 Wat Suwan Kuha.<\/li>\n<li><b>Opcja kajakarstwa:<\/b> Zwiedzanie jaskini Lod i kanion\u00f3w (opcjonalnie).<\/li>\n<li><b>Obiad na Koh Panyee:<\/b> Pyszny tajski lunch w p\u0142ywaj\u0105cej wiosce.<\/li>\n<li><b>Wizyta w wodospadzie:<\/b> Ostatni przystanek na orze\u017awiaj\u0105c\u0105 k\u0105piel i och\u0142od\u0119.<\/li>\n<\/ul>","protected":false},"excerpt":{"rendered":"<p>Explore the iconic James Bond Island by longtail boat from Krabi . You&#8217;ll have the opportunity to see the filming locations up close, as well as enjoy the beautiful scenery and wildlife of the area.<\/p>","protected":false},"featured_media":21648,"comment_status":"open","ping_status":"closed","template":"","meta":{"_acf_changed":false},"product_brand":[403],"product_cat":[90],"product_tag":[65,100,66,67,68,37,39],"class_list":{"0":"post-537","1":"product","2":"type-product","3":"status-publish","4":"has-post-thumbnail","6":"product_brand-krabi-tours","7":"product_cat-krabi-tours","8":"product_tag-canoeing","9":"product_tag-james-bond-island","10":"product_tag-james-bond-island-tours","11":"product_tag-kayaking","12":"product_tag-longtail-boat","13":"product_tag-phuket","14":"product_tag-phuket-tours","16":"first","17":"instock","18":"virtual","19":"sold-individually","20":"purchasable","21":"product-type-booking"},"booking_location":"","booking_location_type":"","booking_duration":1,"booking_duration_unit":"day","booking_buffer":0,"booking_cost":0,"booking_resources":[],"exclude_global_add_ons":false,"addons":[{"name":"Kajakarstwo","type":"checkbox","position":0,"required":false,"title_format":"hide","default":"","description_enable":false,"description":"","placeholder_enable":false,"placeholder":"","display":"select","restrictions_type":"any_text","adjust_price":false,"price":"","price_type":"flat_fee","restrictions":false,"min":"0","max":"0","options":[{"label":"Canoeing","price":"199","price_type":"flat_fee","image":0,"visibility":true}],"id":1762718111}],"acf":[],"_links":{"self":[{"href":"https:\/\/tours.co.th\/pl\/wp-json\/wp\/v2\/product\/537","targetHints":{"allow":["GET"]}}],"collection":[{"href":"https:\/\/tours.co.th\/pl\/wp-json\/wp\/v2\/product"}],"about":[{"href":"https:\/\/tours.co.th\/pl\/wp-json\/wp\/v2\/types\/product"}],"replies":[{"embeddable":true,"href":"https:\/\/tours.co.th\/pl\/wp-json\/wp\/v2\/comments?post=537"}],"version-history":[{"count":4,"href":"https:\/\/tours.co.th\/pl\/wp-json\/wp\/v2\/product\/537\/revisions"}],"predecessor-version":[{"id":36148,"href":"https:\/\/tours.co.th\/pl\/wp-json\/wp\/v2\/product\/537\/revisions\/36148"}],"wp:featuredmedia":[{"embeddable":true,"href":"https:\/\/tours.co.th\/pl\/wp-json\/wp\/v2\/media\/21648"}],"wp:attachment":[{"href":"https:\/\/tours.co.th\/pl\/wp-json\/wp\/v2\/media?parent=537"}],"wp:term":[{"taxonomy":"product_brand","embeddable":true,"href":"https:\/\/tours.co.th\/pl\/wp-json\/wp\/v2\/product_brand?post=537"},{"taxonomy":"product_cat","embeddable":true,"href":"https:\/\/tours.co.th\/pl\/wp-json\/wp\/v2\/product_cat?post=537"},{"taxonomy":"product_tag","embeddable":true,"href":"https:\/\/tours.co.th\/pl\/wp-json\/wp\/v2\/product_tag?post=537"}],"curies":[{"name":"wp","href":"https:\/\/api.w.org\/{rel}","templated":true}]}}