{"id":36092,"date":"2025-11-08T22:38:34","date_gmt":"2025-11-08T15:38:34","guid":{"rendered":"https:\/\/tours.co.th\/?post_type=product&#038;p=36092"},"modified":"2025-11-18T01:55:19","modified_gmt":"2025-11-17T18:55:19","slug":"rok-haa-islands-by-sawanu-speedboat","status":"publish","type":"product","link":"https:\/\/tours.co.th\/pl\/rok-haa-islands-by-sawanu-speedboat\/","title":{"rendered":"Wyspy Rok i Haa \u0142odzi\u0105 motorow\u0105 Sawanu"},"content":{"rendered":"<p><b>Wycieczka \u0142odzi\u0105 motorow\u0105 Ko Rok i Ko Haa statkiem Sawanu: Raj nad Morzem Andama\u0144skim<\/b><\/p>\n<p>Wyrusz w niesamowit\u0105 podr\u00f3\u017c na dziewicze wyspy <b>Ko Rok<\/b> I <b>Ko Haa<\/b> Z t\u0105 ekskluzywn\u0105 wycieczk\u0105 motor\u00f3wk\u0105 po Sawanu. Odkryj dwa z najbardziej zapieraj\u0105cych dech w piersiach miejsc na Morzu Andama\u0144skim, s\u0142yn\u0105ce z niezr\u00f3wnanej widoczno\u015bci pod wod\u0105, mi\u0119kkich, bia\u0142ych pla\u017c i bogatego \u017cycia morskiego.<\/p>\n<p>Sp\u0119d\u017a dzie\u0144 p\u0142ywaj\u0105c i nurkuj\u0105c w krystalicznie czystej, lazurowej wodzie, odkrywaj\u0105c t\u0119tni\u0105ce \u017cyciem ogrody koralowe i relaksuj\u0105c si\u0119 na ustronnych, idyllicznych pla\u017cach. Ko Haa (Pi\u0119\u0107 Wysp) s\u0142ynie z przepi\u0119knej laguny i wyj\u0105tkowych miejsc do nurkowania, a Ko Rok oferuje ol\u015bniewaj\u0105ce dwie zatoki i dziewicze pi\u0119kno natury. Ta wycieczka to idealne po\u0142\u0105czenie szybkiej przygody i spokojnego wypoczynku na wyspie.<\/p>\n<h3>Przegl\u0105d najwa\u017cniejszych wydarze\u0144<\/h3>\n<ul>\n<li><b>Dziewicze Wyspy:<\/b> Odwied\u017a zachwycaj\u0105ce wyspy Ko Rok i Ko Haa \u2013 klejnoty Morza Andama\u0144skiego.<\/li>\n<li><b>Kryszta\u0142owe wody:<\/b> P\u0142ywaj i nurkuj w wodach, kt\u00f3re s\u0142yn\u0105 ze swojej przejrzysto\u015bci i koloru.<\/li>\n<li><b>T\u0119tni\u0105ce \u017cyciem rafy:<\/b> Odkryj r\u00f3\u017cnorodne i bogate ogrody koralowe oraz \u017cycie morskie.<\/li>\n<li><b>Laguna Ko Haa:<\/b> Odkryj wyj\u0105tkowe pi\u0119kno s\u0142ynnej laguny Ko Haa.<\/li>\n<li><b>Komfort \u0142odzi motorowej:<\/b> Ciesz si\u0119 szybkimi i wygodnymi transferami z Sawanu.<\/li>\n<li><b>Dziewicze pla\u017ce:<\/b> Zrelaksuj si\u0119 na mi\u0119kkich, ustronnych pla\u017cach z bia\u0142ym piaskiem.<\/li>\n<\/ul>","protected":false},"excerpt":{"rendered":"<p>Wyrusz w niesamowit\u0105 podr\u00f3\u017c na dziewicze wyspy <b>Ko Rok<\/b> I <b>Ko Haa<\/b> with this exclusive Sawanu speedboat tour.<\/p>","protected":false},"featured_media":36102,"comment_status":"open","ping_status":"closed","template":"","meta":{"_acf_changed":false},"product_brand":[401],"product_cat":[35],"product_tag":[75,455,454,420,79,123,71],"class_list":{"0":"post-36092","1":"product","2":"type-product","3":"status-publish","4":"has-post-thumbnail","6":"product_brand-phuket-tours","7":"product_cat-phuket-tours","8":"product_tag-catamaran","9":"product_tag-haa-island","10":"product_tag-rok-island","11":"product_tag-sawanu","12":"product_tag-snorkeling","13":"product_tag-speed-catamaran","14":"product_tag-swimming","16":"first","17":"instock","18":"virtual","19":"sold-individually","20":"purchasable","21":"product-type-booking"},"booking_location":"","booking_location_type":"","booking_duration":1,"booking_duration_unit":"day","booking_buffer":0,"booking_cost":0,"booking_resources":[],"exclude_global_add_ons":[],"addons":[],"acf":[],"_links":{"self":[{"href":"https:\/\/tours.co.th\/pl\/wp-json\/wp\/v2\/product\/36092","targetHints":{"allow":["GET"]}}],"collection":[{"href":"https:\/\/tours.co.th\/pl\/wp-json\/wp\/v2\/product"}],"about":[{"href":"https:\/\/tours.co.th\/pl\/wp-json\/wp\/v2\/types\/product"}],"replies":[{"embeddable":true,"href":"https:\/\/tours.co.th\/pl\/wp-json\/wp\/v2\/comments?post=36092"}],"version-history":[{"count":3,"href":"https:\/\/tours.co.th\/pl\/wp-json\/wp\/v2\/product\/36092\/revisions"}],"predecessor-version":[{"id":36320,"href":"https:\/\/tours.co.th\/pl\/wp-json\/wp\/v2\/product\/36092\/revisions\/36320"}],"wp:featuredmedia":[{"embeddable":true,"href":"https:\/\/tours.co.th\/pl\/wp-json\/wp\/v2\/media\/36102"}],"wp:attachment":[{"href":"https:\/\/tours.co.th\/pl\/wp-json\/wp\/v2\/media?parent=36092"}],"wp:term":[{"taxonomy":"product_brand","embeddable":true,"href":"https:\/\/tours.co.th\/pl\/wp-json\/wp\/v2\/product_brand?post=36092"},{"taxonomy":"product_cat","embeddable":true,"href":"https:\/\/tours.co.th\/pl\/wp-json\/wp\/v2\/product_cat?post=36092"},{"taxonomy":"product_tag","embeddable":true,"href":"https:\/\/tours.co.th\/pl\/wp-json\/wp\/v2\/product_tag?post=36092"}],"curies":[{"name":"wp","href":"https:\/\/api.w.org\/{rel}","templated":true}]}}