{"id":33924,"date":"2025-06-14T22:59:13","date_gmt":"2025-06-14T15:59:13","guid":{"rendered":"https:\/\/tours.co.th\/?post_type=product&#038;p=33924"},"modified":"2025-06-14T23:24:46","modified_gmt":"2025-06-14T16:24:46","slug":"private-4-islands-trip-by-premium-speedboat-in-krabi","status":"publish","type":"product","link":"https:\/\/tours.co.th\/pl\/private-4-islands-trip-by-premium-speedboat-in-krabi\/","title":{"rendered":"Prywatna wycieczka po 4 wyspach luksusow\u0105 \u0142odzi\u0105 motorow\u0105 w Krabi"},"content":{"rendered":"<div id=\"model-response-message-contentr_80e821f53292deee\" class=\"markdown markdown-main-panel stronger enable-updated-hr-color\" dir=\"ltr\">\n<p data-sourcepos=\"1:1-1:65\"><strong>Krabi 4 Islands Premium Speedboat Tour: Experience the Andaman<\/strong><\/p>\n<p data-sourcepos=\"3:1-3:608\">Nie tylko odwied\u017a Andamany, ale naprawd\u0119 je prze\u017cyj! Wyrusz w niezwyk\u0142\u0105, ekologiczn\u0105, luksusow\u0105 podr\u00f3\u017c \u0142odzi\u0105, kt\u00f3ra zabierze Ci\u0119 w niezapomniane chwile. Twoja podr\u00f3\u017c dla duszy rozpoczyna si\u0119 ju\u017c dzi\u015b, dzi\u0119ki naszej ekskluzywnej wycieczce \u201c4 Wyspy\u201d. Na pok\u0142adzie naszej luksusowej motor\u00f3wki znajdziesz luksusowe meble zapewniaj\u0105ce najwy\u017cszy komfort, najwy\u017cszej klasy sprz\u0119t do snorkelingu do podwodnych eksploracji oraz dedykowan\u0105 za\u0142og\u0119, kt\u00f3ra zapewni Ci niezapomniane wra\u017cenia. Pozw\u00f3l nam oprowadzi\u0107 Ci\u0119 po zachwycaj\u0105cych krajobrazach wyspy Poda, Thale Waek (Morza Oddzielonego), wyspy Chicken Island i kultowej zatoki Railay. Czas rozkoszowa\u0107 si\u0119 niezr\u00f3wnanym pi\u0119knem Andaman\u00f3w.<\/p>\n<h3 data-sourcepos=\"7:1-7:14\">Przegl\u0105d najwa\u017cniejszych wydarze\u0144<\/h3>\n<ul data-sourcepos=\"9:1-14:70\">\n<li data-sourcepos=\"9:1-9:57\"><strong>Premium Speedboat:<\/strong> Maksymalny komfort, udogodnienia klasy premium.<\/li>\n<li data-sourcepos=\"10:1-10:68\"><strong>Wycieczka ekologiczna:<\/strong> Poznaj odpowiedzialne i zr\u00f3wnowa\u017cone podr\u00f3\u017ce.<\/li>\n<li data-sourcepos=\"11:1-11:65\"><strong>Trasa po 4 wyspach:<\/strong> Poda, Thale Waek, kurczak, Railay Bay.<\/li>\n<li data-sourcepos=\"12:1-12:63\"><strong>Snorkeling premium:<\/strong> Najwy\u017cszej klasy sprz\u0119t do eksploracji.<\/li>\n<li data-sourcepos=\"13:1-13:57\"><strong>Dedykowana za\u0142oga:<\/strong> Doskona\u0142a obs\u0142uga na idealny dzie\u0144.<\/li>\n<li data-sourcepos=\"14:1-14:70\"><strong>Trwa\u0142e wspomnienia:<\/strong> Stw\u00f3rz niezapomnian\u0105, wzbogacaj\u0105c\u0105 dusz\u0119 podr\u00f3\u017c.<\/li>\n<\/ul>\n<\/div>\n<h3>Menu \u017cywno\u015bci<\/h3>\n<p>\u201cProsimy o wybranie jednego zestawu menu i jednego napoju na osob\u0119 z powy\u017cszych opcji. Prosimy o zaznaczenie swoich wybor\u00f3w w polu \u2018\u017byczenia specjalne\u2019 na stronie p\u0142atno\u015bci.\u201d<\/p>\n<p><a href=\"https:\/\/tours.co.th\/wp-content\/uploads\/2023\/02\/s-6348804-0.jpg\"><img fetchpriority=\"high\" decoding=\"async\" class=\"alignnone wp-image-33901 size-medium\" src=\"https:\/\/tours.co.th\/wp-content\/uploads\/2023\/02\/s-6348804-0-260x300.jpg\" alt=\"Menu obiadowe\" width=\"260\" height=\"300\" title=\"\"><\/a><\/p>","protected":false},"excerpt":{"rendered":"<p>Let\u2019s add \u201cextra\u201d to &#8220;ordinary.\u201d Make your trip the most extraordinary ever. We are offering you a Premium Speedboat experience along with an eco-friendly trip.<\/p>","protected":false},"featured_media":33937,"comment_status":"open","ping_status":"closed","template":"","meta":{"_acf_changed":false},"product_brand":[403],"product_cat":[90],"product_tag":[288,158,83,156,53,97],"class_list":{"0":"post-33924","1":"product","2":"type-product","3":"status-publish","4":"has-post-thumbnail","6":"product_brand-krabi-tours","7":"product_cat-krabi-tours","8":"product_tag-4-island","9":"product_tag-krabi","10":"product_tag-luxury","11":"product_tag-premium","12":"product_tag-private","13":"product_tag-speedboat","15":"first","16":"instock","17":"virtual","18":"sold-individually","19":"purchasable","20":"product-type-booking"},"booking_location":"","booking_location_type":"","booking_duration":1,"booking_duration_unit":"day","booking_buffer":0,"booking_cost":0,"booking_resources":[],"exclude_global_add_ons":false,"addons":[{"name":"Trasa programu","type":"multiple_choice","position":0,"required":true,"title_format":"label","default":"","description_enable":false,"description":"","placeholder_enable":false,"placeholder":"","display":"select","restrictions_type":"any_text","adjust_price":false,"price":"","price_type":"flat_fee","restrictions":false,"min":"0","max":"0","options":[{"label":"Half day - 4 Islands trip (4 Hours)","price":"","price_type":"flat_fee","image":0,"visibility":true},{"label":"Full day - 4 Islands trip (8 Hours)","price":"5000","price_type":"flat_fee","image":0,"visibility":true}],"id":1710355622},{"name":"Czas trwania programu p\u00f3\u0142dniowego","type":"multiple_choice","position":1,"required":false,"title_format":"label","default":"","description_enable":true,"description":"Opcja ta jest dost\u0119pna tylko w ramach programu p\u00f3\u0142dniowego.","placeholder_enable":false,"placeholder":"","display":"select","restrictions_type":"any_text","adjust_price":false,"price":"","price_type":"flat_fee","restrictions":false,"min":"0","max":"0","options":[{"label":"Morning Duration (08.30-12:30hrs)","price":"","price_type":"flat_fee","image":0,"visibility":true},{"label":"Afternoon Duration (14.30-18.30hrs)","price":"","price_type":"flat_fee","image":0,"visibility":true}],"id":1749937595}],"acf":[],"_links":{"self":[{"href":"https:\/\/tours.co.th\/pl\/wp-json\/wp\/v2\/product\/33924","targetHints":{"allow":["GET"]}}],"collection":[{"href":"https:\/\/tours.co.th\/pl\/wp-json\/wp\/v2\/product"}],"about":[{"href":"https:\/\/tours.co.th\/pl\/wp-json\/wp\/v2\/types\/product"}],"replies":[{"embeddable":true,"href":"https:\/\/tours.co.th\/pl\/wp-json\/wp\/v2\/comments?post=33924"}],"version-history":[{"count":1,"href":"https:\/\/tours.co.th\/pl\/wp-json\/wp\/v2\/product\/33924\/revisions"}],"predecessor-version":[{"id":33938,"href":"https:\/\/tours.co.th\/pl\/wp-json\/wp\/v2\/product\/33924\/revisions\/33938"}],"wp:featuredmedia":[{"embeddable":true,"href":"https:\/\/tours.co.th\/pl\/wp-json\/wp\/v2\/media\/33937"}],"wp:attachment":[{"href":"https:\/\/tours.co.th\/pl\/wp-json\/wp\/v2\/media?parent=33924"}],"wp:term":[{"taxonomy":"product_brand","embeddable":true,"href":"https:\/\/tours.co.th\/pl\/wp-json\/wp\/v2\/product_brand?post=33924"},{"taxonomy":"product_cat","embeddable":true,"href":"https:\/\/tours.co.th\/pl\/wp-json\/wp\/v2\/product_cat?post=33924"},{"taxonomy":"product_tag","embeddable":true,"href":"https:\/\/tours.co.th\/pl\/wp-json\/wp\/v2\/product_tag?post=33924"}],"curies":[{"name":"wp","href":"https:\/\/api.w.org\/{rel}","templated":true}]}}