{"id":33623,"date":"2025-05-25T18:42:56","date_gmt":"2025-05-25T11:42:56","guid":{"rendered":"https:\/\/tours.co.th\/?post_type=product&#038;p=33623"},"modified":"2025-08-06T22:46:52","modified_gmt":"2025-08-06T15:46:52","slug":"phang-nga-bay-hong-island-by-speedboat-from-phuket","status":"publish","type":"product","link":"https:\/\/tours.co.th\/pl\/phang-nga-bay-hong-island-by-speedboat-from-phuket\/","title":{"rendered":"Zatoka Phang Nga i wyspa Hong szybk\u0105 \u0142odzi\u0105 z Phuket"},"content":{"rendered":"<div id=\"model-response-message-contentr_2879be26e415f41a\" class=\"markdown markdown-main-panel stronger enable-updated-hr-color\" dir=\"ltr\">\n<div id=\"model-response-message-contentr_51f818ab8cc6c484\" class=\"markdown markdown-main-panel stronger enable-updated-hr-color\" dir=\"ltr\">\n<p data-sourcepos=\"1:1-1:69\"><strong>Krabi i zatoka Phang Nga: najlepsza rajska przygoda na wyspie<\/strong><\/p>\n<p data-sourcepos=\"3:1-3:259\">Wybierz si\u0119 na niezapomnian\u0105, ca\u0142odniow\u0105 wycieczk\u0119 po wyspach, odkrywaj\u0105c osza\u0142amiaj\u0105ce pi\u0119kno natury Krabi i zatoki Phang Nga. Ta przygoda to idealne po\u0142\u0105czenie relaksu, eksploracji i zapieraj\u0105cych dech w piersiach widok\u00f3w na kultowe wyspy i ukryte pere\u0142ki.<\/p>\n<p data-sourcepos=\"5:1-5:321\">Odkryj malownicze <strong>Wyspa Lao Lading<\/strong>, z przytuln\u0105 pla\u017c\u0105 po\u0142o\u017con\u0105 w\u015br\u00f3d stromych klif\u00f3w i tropikalnej zieleni \u2013 idealn\u0105 do p\u0142ywania i robienia pi\u0119knych zdj\u0119\u0107. Zobacz wyj\u0105tkowe <strong>Jaskinia Ptasie Gniazdo<\/strong> w Lao Kar i zanurz si\u0119 w krystalicznie czystych wodach <strong>Ao Kar<\/strong> za niesamowite <strong>nurkowanie z rurk\u0105<\/strong> do\u015bwiadczenie.<\/p>\n<p data-sourcepos=\"7:1-7:472\">Podr\u00f3\u017c do spokoju <strong>Laguna Wyspy Hong<\/strong> zanim wejdziemy na d\u0142ugie, bia\u0142e, piaszczyste pla\u017ce <strong>Wyspa Hong<\/strong>, wyznaczony Park Narodowy idealny na relaks, nurkowanie z rurk\u0105 lub spokojny spacer po d\u017cungli. Wejd\u017a na jego <strong>Punkt widzenia<\/strong> aby podziwia\u0107 niezr\u00f3wnane panoramiczne widoki wybrze\u017ca Krabi. Po drodze zr\u00f3b zdj\u0119cia <strong>Wyspa Ma\u0142p<\/strong> i uchwy\u0107 wyj\u0105tkowy widok dw\u00f3ch kultowych wysp, kt\u00f3re wyznaczaj\u0105 <strong>brama graniczna prowincji Phang Nga i Krabi<\/strong>.<\/p>\n<p data-sourcepos=\"9:1-9:330\">Spaceruj wzd\u0142u\u017c s\u0142ynnej <strong>Laem Had Koh Yaw piaszczysta mierzeja<\/strong>, filmowy krajobraz \u015bnie\u017cnobia\u0142ego piasku i ko\u0142ysz\u0105cych si\u0119 palm. Zako\u0144cz swoj\u0105 wyspiarsk\u0105 odysej\u0119 w <strong>Wyspa Naka<\/strong>, gdzie mo\u017cesz odpocz\u0105\u0107 na pla\u017cy lub doda\u0107 sobie dreszczyku emocji, korzystaj\u0105c z opcjonalnych aktywno\u015bci, takich jak <strong>Jazda na nartach wodnych, p\u0142ywanie bananem lub parasailing<\/strong> (obowi\u0105zuj\u0105 dodatkowe op\u0142aty).<\/p>\n<p data-sourcepos=\"11:1-11:163\">W programie wycieczki przewidziano wygodny transfer z hotelu i z powrotem na molo, co zapewni Ci bezproblemow\u0105 i niezapomnian\u0105 eksploracj\u0119 najbardziej urzekaj\u0105cych wysp Tajlandii.<\/p>\n<\/div>\n<\/div>","protected":false},"excerpt":{"rendered":"<p>Krabi &amp; Phang Nga Bay Island Hopping\u00a0Explore stunning islands, snorkel, swim, and relax on white-sand beaches. Visit iconic spots like Hong Island &amp; Laem Had Koh Yaw. Book your adventure!<\/p>","protected":false},"featured_media":33660,"comment_status":"open","ping_status":"closed","template":"","meta":{"_acf_changed":false},"product_brand":[401],"product_cat":[35],"product_tag":[159,158,412,413],"class_list":{"0":"post-33623","1":"product","2":"type-product","3":"status-publish","4":"has-post-thumbnail","6":"product_brand-phuket-tours","7":"product_cat-phuket-tours","8":"product_tag-hong-island","9":"product_tag-krabi","10":"product_tag-lao-lading-island","11":"product_tag-monkey-island","13":"first","14":"instock","15":"sold-individually","16":"shipping-taxable","17":"purchasable","18":"product-type-booking"},"booking_location":"","booking_location_type":"","booking_duration":1,"booking_duration_unit":"day","booking_buffer":0,"booking_cost":0,"booking_resources":[],"exclude_global_add_ons":[],"addons":[],"acf":[],"_links":{"self":[{"href":"https:\/\/tours.co.th\/pl\/wp-json\/wp\/v2\/product\/33623","targetHints":{"allow":["GET"]}}],"collection":[{"href":"https:\/\/tours.co.th\/pl\/wp-json\/wp\/v2\/product"}],"about":[{"href":"https:\/\/tours.co.th\/pl\/wp-json\/wp\/v2\/types\/product"}],"replies":[{"embeddable":true,"href":"https:\/\/tours.co.th\/pl\/wp-json\/wp\/v2\/comments?post=33623"}],"version-history":[{"count":8,"href":"https:\/\/tours.co.th\/pl\/wp-json\/wp\/v2\/product\/33623\/revisions"}],"predecessor-version":[{"id":34503,"href":"https:\/\/tours.co.th\/pl\/wp-json\/wp\/v2\/product\/33623\/revisions\/34503"}],"wp:featuredmedia":[{"embeddable":true,"href":"https:\/\/tours.co.th\/pl\/wp-json\/wp\/v2\/media\/33660"}],"wp:attachment":[{"href":"https:\/\/tours.co.th\/pl\/wp-json\/wp\/v2\/media?parent=33623"}],"wp:term":[{"taxonomy":"product_brand","embeddable":true,"href":"https:\/\/tours.co.th\/pl\/wp-json\/wp\/v2\/product_brand?post=33623"},{"taxonomy":"product_cat","embeddable":true,"href":"https:\/\/tours.co.th\/pl\/wp-json\/wp\/v2\/product_cat?post=33623"},{"taxonomy":"product_tag","embeddable":true,"href":"https:\/\/tours.co.th\/pl\/wp-json\/wp\/v2\/product_tag?post=33623"}],"curies":[{"name":"wp","href":"https:\/\/api.w.org\/{rel}","templated":true}]}}