{"id":2479,"date":"2022-03-30T18:26:00","date_gmt":"2022-03-30T11:26:00","guid":{"rendered":"https:\/\/thaihotels.ir\/?post_type=product&#038;p=2479"},"modified":"2025-03-11T20:43:57","modified_gmt":"2025-03-11T13:43:57","slug":"phuket-city-tour-cooking-class-one-day-adventure","status":"publish","type":"product","link":"https:\/\/tours.co.th\/pl\/phuket-city-tour-cooking-class-one-day-adventure\/","title":{"rendered":"Wycieczka po mie\u015bcie Phuket i kurs gotowania: jednodniowa przygoda"},"content":{"rendered":"<div class=\"markdown markdown-main-panel response-optimization stronger\" dir=\"ltr\">\n<p data-sourcepos=\"1:1-1:59\"><strong>Wycieczka po mie\u015bcie Phuket i lekcja gotowania: jednodniowa przygoda<\/strong><\/p>\n<p data-sourcepos=\"3:1-3:301\">Odkryj to, co najlepsze w Phuket w jeden dzie\u0144 dzi\u0119ki naszej wyj\u0105tkowej wycieczce po mie\u015bcie i kursowi gotowania! Zwiedzaj zabytki, delektuj si\u0119 pyszn\u0105 tajsk\u0105 kuchni\u0105 i podziwiaj zapieraj\u0105ce dech w piersiach widoki. Ta niesamowita oferta \u0142\u0105czy w sobie zanurzenie w kulturze, kulinarne rozkosze i zapieraj\u0105ce dech w piersiach krajobrazy, tworz\u0105c niezapomniane wra\u017cenia.<\/p>\n<p data-sourcepos=\"5:1-5:15\"><strong>Przegl\u0105d najwa\u017cniejszych wydarze\u0144:<\/strong><\/p>\n<ul data-sourcepos=\"7:1-12:0\">\n<li data-sourcepos=\"7:1-7:122\"><strong>Eksploracja miasta Phuket:<\/strong> Zanurz si\u0119 w chi\u0144sko-portugalskiej architekturze i t\u0119tni\u0105cej \u017cyciem atmosferze miasta Phuket.<\/li>\n<li data-sourcepos=\"8:1-8:105\"><strong>Kultowe zabytki:<\/strong> Odwied\u017a majestatyczny Wielki Budda i podziwiaj panoramiczne widoki z punktu widokowego Karon.<\/li>\n<li data-sourcepos=\"9:1-9:103\"><strong>Praktyczne zaj\u0119cia kulinarne:<\/strong> Naucz si\u0119 przygotowywa\u0107 autentyczne tajskie dania i desery pod okiem eksperta.<\/li>\n<li data-sourcepos=\"10:1-10:115\"><strong>Lokalne spostrze\u017cenia:<\/strong> Zdob\u0105d\u017a g\u0142\u0119bsze zrozumienie kultury i tradycji Phuket od naszych do\u015bwiadczonych przewodnik\u00f3w.<\/li>\n<li data-sourcepos=\"11:1-12:0\"><strong>Bezkonkurencyjna warto\u015b\u0107:<\/strong> Skorzystaj z prywatnej wycieczki w cenie dla uczestnik\u00f3w, gwarantujemy, \u017ce to najlepsza oferta na Phuket!<\/li>\n<\/ul>\n<p data-sourcepos=\"13:1-13:85\"><strong>Zarezerwuj wycieczk\u0119 po mie\u015bcie Phuket i kurs gotowania ju\u017c dzi\u015b i stw\u00f3rz niezapomniane chwile!<\/strong><\/p>\n<\/div>","protected":false},"excerpt":{"rendered":"<p>Explore Phuket&#8217;s highlights on this full-day tour! Immerse yourself in the city&#8217;s Sino-Portuguese architecture, visit the majestic Big Buddha, and learn to cook authentic Thai dishes. Guaranteed best price, even for private tours!<\/p>","protected":false},"featured_media":2839,"comment_status":"open","ping_status":"closed","template":"","meta":{"_acf_changed":false},"product_brand":[401],"product_cat":[35],"product_tag":[118,45,116,117,115,37,38,39],"class_list":{"0":"post-2479","1":"product","2":"type-product","3":"status-publish","4":"has-post-thumbnail","6":"product_brand-phuket-tours","7":"product_cat-phuket-tours","8":"product_tag-city-tour","9":"product_tag-cooking-class","10":"product_tag-half-day-phuket-city-tour","11":"product_tag-half-day-tour","12":"product_tag-land-tour","13":"product_tag-phuket","14":"product_tag-phuket-city-tour","15":"product_tag-phuket-tours","17":"first","18":"instock","19":"virtual","20":"sold-individually","21":"purchasable","22":"product-type-booking"},"booking_location":"","booking_location_type":"","booking_duration":1,"booking_duration_unit":"day","booking_buffer":0,"booking_cost":0,"booking_resources":[],"exclude_global_add_ons":[],"addons":[],"acf":[],"_links":{"self":[{"href":"https:\/\/tours.co.th\/pl\/wp-json\/wp\/v2\/product\/2479","targetHints":{"allow":["GET"]}}],"collection":[{"href":"https:\/\/tours.co.th\/pl\/wp-json\/wp\/v2\/product"}],"about":[{"href":"https:\/\/tours.co.th\/pl\/wp-json\/wp\/v2\/types\/product"}],"replies":[{"embeddable":true,"href":"https:\/\/tours.co.th\/pl\/wp-json\/wp\/v2\/comments?post=2479"}],"version-history":[{"count":0,"href":"https:\/\/tours.co.th\/pl\/wp-json\/wp\/v2\/product\/2479\/revisions"}],"wp:featuredmedia":[{"embeddable":true,"href":"https:\/\/tours.co.th\/pl\/wp-json\/wp\/v2\/media\/2839"}],"wp:attachment":[{"href":"https:\/\/tours.co.th\/pl\/wp-json\/wp\/v2\/media?parent=2479"}],"wp:term":[{"taxonomy":"product_brand","embeddable":true,"href":"https:\/\/tours.co.th\/pl\/wp-json\/wp\/v2\/product_brand?post=2479"},{"taxonomy":"product_cat","embeddable":true,"href":"https:\/\/tours.co.th\/pl\/wp-json\/wp\/v2\/product_cat?post=2479"},{"taxonomy":"product_tag","embeddable":true,"href":"https:\/\/tours.co.th\/pl\/wp-json\/wp\/v2\/product_tag?post=2479"}],"curies":[{"name":"wp","href":"https:\/\/api.w.org\/{rel}","templated":true}]}}