{"id":2453,"date":"2022-03-30T02:16:50","date_gmt":"2022-03-29T19:16:50","guid":{"rendered":"https:\/\/thaihotels.ir\/?post_type=product&#038;p=2453"},"modified":"2025-03-28T17:45:45","modified_gmt":"2025-03-28T10:45:45","slug":"surin-island-by-speedboat","status":"publish","type":"product","link":"https:\/\/tours.co.th\/pl\/surin-island-by-speedboat\/","title":{"rendered":"Premium Surin Island \u0142odzi\u0105 motorow\u0105"},"content":{"rendered":"<p>Wyspy Surin: najlepszy raj do nurkowania i snorkelingu w Tajlandii<\/p>\n<p>Odkryj dziewicze pi\u0119kno Wysp Surin, znanych jako jedno z najlepszych miejsc do nurkowania i obserwacji \u017cycia morskiego na \u015bwiecie, a tak\u017ce niezaprzeczalnie najwspanialsze w Tajlandii. Wyspy te, b\u0119d\u0105ce cz\u0119\u015bci\u0105 Parku Narodowego Mu Koh Surin, oferuj\u0105 niezr\u00f3wnane mo\u017cliwo\u015bci nurkowania, snorkelingu i obcowania z natur\u0105.<\/p>\n<p>Przegl\u0105d najwa\u017cniejszych wydarze\u0144:<\/p>\n<p>* Nurkowanie i snorkeling na \u015bwiatowym poziomie: Odkryj \u017cywe rafy koralowe i spotkaj si\u0119 z r\u00f3\u017cnorodnym \u017cyciem morskim w krystalicznie czystych wodach.<\/p>\n<p>* Park Narodowy Mu Koh Surin: Zanurz si\u0119 w chronionym pi\u0119knie przyrody tego zachwycaj\u0105cego archipelagu.<\/p>\n<p>* Odosobnione i dziewicze miejsce: Ucieknij od t\u0142um\u00f3w i odkryj spokojny raj z dziewiczymi pla\u017cami i bujn\u0105 ro\u015blinno\u015bci\u0105.<\/p>\n<p>* Eksploracja wyspy: odkryj niepowtarzalny urok Koh Surin Nuea, Koh Surin Tai, Koh Ri, Koh Khai i Koh Klang.<\/p>\n<p>* Piesze w\u0119dr\u00f3wki i w\u0119dkarstwo: Skorzystaj ze szlak\u00f3w turystycznych i doskona\u0142ych mo\u017cliwo\u015bci w\u0119dkowania.<\/p>\n<p>* R\u00f3\u017cnorodno\u015b\u0107 biologiczna m\u00f3rz: Mo\u017cna tu zaobserwowa\u0107 bogactwo gatunk\u00f3w morskich, co czyni to miejsce rajem dla mi\u0142o\u015bnik\u00f3w podwodnego \u015bwiata.<\/p>\n<p>Odkryj Wyspy Surin: Zarezerwuj wycieczk\u0119 ju\u017c dzi\u015b i odkryj podwodne oblicze Tajlandii<\/p>\n<p>skarb!<\/p>","protected":false},"excerpt":{"rendered":"<p>exciting speedboat ride to Surin Island! This beautiful island is home to white beaches, clear waters, and amazing wildlife. Don&#8217;t miss your chance to explore this paradise!<\/p>\n<p>&nbsp;<\/p>\n<p>&nbsp;<\/p>","protected":false},"featured_media":2921,"comment_status":"open","ping_status":"closed","template":"","meta":{"_acf_changed":false},"product_brand":[401],"product_cat":[35],"product_tag":[121,50,39,69,70,79,52,152,151,71],"class_list":{"0":"post-2453","1":"product","2":"type-product","3":"status-publish","4":"has-post-thumbnail","6":"product_brand-phuket-tours","7":"product_cat-phuket-tours","8":"product_tag-boat-trip","9":"product_tag-island-tours","10":"product_tag-phuket-tours","11":"product_tag-sea-tours","12":"product_tag-sightseeing","13":"product_tag-snorkeling","14":"product_tag-speed-boat","15":"product_tag-surin","16":"product_tag-surin-islands","17":"product_tag-swimming","19":"first","20":"instock","21":"virtual","22":"sold-individually","23":"purchasable","24":"product-type-booking"},"booking_location":"","booking_location_type":"","booking_duration":1,"booking_duration_unit":"day","booking_buffer":0,"booking_cost":0,"booking_resources":[],"exclude_global_add_ons":false,"addons":[{"name":"Transport","type":"multiple_choice","position":0,"required":true,"title_format":"label","default":"","description_enable":false,"description":"","placeholder_enable":false,"placeholder":"","display":"select","restrictions_type":"any_text","adjust_price":false,"price":"","price_type":"flat_fee","restrictions":false,"min":"0","max":"0","options":[{"label":"Without transportation (Meet at Tablamu pier 07:30)","price":"","price_type":"quantity_based","image":0,"visibility":true},{"label":"With Roundtrip transfer (Share transfer)","price":"300","price_type":"quantity_based","image":0,"visibility":true}],"id":1676326601}],"acf":[],"_links":{"self":[{"href":"https:\/\/tours.co.th\/pl\/wp-json\/wp\/v2\/product\/2453","targetHints":{"allow":["GET"]}}],"collection":[{"href":"https:\/\/tours.co.th\/pl\/wp-json\/wp\/v2\/product"}],"about":[{"href":"https:\/\/tours.co.th\/pl\/wp-json\/wp\/v2\/types\/product"}],"replies":[{"embeddable":true,"href":"https:\/\/tours.co.th\/pl\/wp-json\/wp\/v2\/comments?post=2453"}],"version-history":[{"count":0,"href":"https:\/\/tours.co.th\/pl\/wp-json\/wp\/v2\/product\/2453\/revisions"}],"wp:featuredmedia":[{"embeddable":true,"href":"https:\/\/tours.co.th\/pl\/wp-json\/wp\/v2\/media\/2921"}],"wp:attachment":[{"href":"https:\/\/tours.co.th\/pl\/wp-json\/wp\/v2\/media?parent=2453"}],"wp:term":[{"taxonomy":"product_brand","embeddable":true,"href":"https:\/\/tours.co.th\/pl\/wp-json\/wp\/v2\/product_brand?post=2453"},{"taxonomy":"product_cat","embeddable":true,"href":"https:\/\/tours.co.th\/pl\/wp-json\/wp\/v2\/product_cat?post=2453"},{"taxonomy":"product_tag","embeddable":true,"href":"https:\/\/tours.co.th\/pl\/wp-json\/wp\/v2\/product_tag?post=2453"}],"curies":[{"name":"wp","href":"https:\/\/api.w.org\/{rel}","templated":true}]}}