{"id":1329,"date":"2022-03-21T03:26:22","date_gmt":"2022-03-20T20:26:22","guid":{"rendered":"https:\/\/thaihotels.ir\/?post_type=product&#038;p=1329"},"modified":"2025-06-16T02:33:27","modified_gmt":"2025-06-15T19:33:27","slug":"half-day-phuket-elephants-sanctuary","status":"publish","type":"product","link":"https:\/\/tours.co.th\/pl\/half-day-phuket-elephants-sanctuary\/","title":{"rendered":"P\u00f3\u0142dniowa wycieczka do sanktuarium s\u0142oni w Phuket"},"content":{"rendered":"<div class=\"markdown markdown-main-panel response-optimization stronger\" dir=\"ltr\">\n<p data-sourcepos=\"1:1-1:61\"><strong>Etyczne Sanktuarium S\u0142oni w Phuket: Do\u015bwiadcz i Naucz si\u0119<\/strong><\/p>\n<p data-sourcepos=\"3:1-3:295\">Do\u0142\u0105cz do Elephant Jungle Sanctuary Phuket i prze\u017cyj niezapomniane, etyczne spotkanie z uratowanymi s\u0142oniami. Dowiedz si\u0119 wi\u0119cej o ich opiece, zadbaj o ich dobrostan i wesprzyj zr\u00f3wnowa\u017con\u0105 ekoturystyk\u0119. Nasz\u0105 misj\u0105 jest zapewnienie uratowanym s\u0142oniom sanktuarium, w kt\u00f3rym b\u0119d\u0105 mog\u0142y \u017cy\u0107 swobodnie i szcz\u0119\u015bliwie.<\/p>\n<p data-sourcepos=\"5:1-5:15\"><strong>Przegl\u0105d najwa\u017cniejszych wydarze\u0144:<\/strong><\/p>\n<ul data-sourcepos=\"7:1-11:0\">\n<li data-sourcepos=\"7:1-7:106\"><strong>Interakcje etyczne:<\/strong> K\u0105p, karm i wchod\u017a w interakcje ze s\u0142oniami w spos\u00f3b odpowiedzialny i pe\u0142en szacunku.<\/li>\n<li data-sourcepos=\"8:1-8:98\"><strong>Dowiedz si\u0119 o s\u0142oniach:<\/strong> Poznaj zasady opieki nad s\u0142oniami, ich zachowania i dzia\u0142ania na rzecz ich ochrony.<\/li>\n<li data-sourcepos=\"9:1-9:114\"><strong>Zr\u00f3wnowa\u017cona ekoturystyka:<\/strong> Wesprzyj azyl, kt\u00f3ry dba o dobrostan s\u0142oni i chroni \u015brodowisko.<\/li>\n<li data-sourcepos=\"10:1-11:0\"><strong>Zr\u00f3b r\u00f3\u017cnic\u0119:<\/strong> Przyczy\u0144 si\u0119 do ratowania i rehabilitacji tych majestatycznych zwierz\u0105t.<\/li>\n<\/ul>\n<p data-sourcepos=\"12:1-12:85\"><strong>Zarezerwuj ju\u017c dzi\u015b wizyt\u0119 u s\u0142oni w Elephant Jungle Sanctuary Phuket!<\/strong><\/p>\n<\/div>","protected":false},"excerpt":{"rendered":"<p>Do\u015bwiadcz etycznej opieki nad s\u0142oniami w Elephant Jungle Sanctuary! Ucz si\u0119 w praktyce, k\u0105p i karm uratowane s\u0142onie oraz wspieraj zr\u00f3wnowa\u017con\u0105 ekoturystyk\u0119. Do\u0142\u0105cz do naszej misji, by zapewni\u0107 wolno\u015b\u0107 i szcz\u0119\u015bcie tym \u0142agodnym olbrzymom.<\/p>","protected":false},"featured_media":1330,"comment_status":"open","ping_status":"closed","template":"","meta":{"_acf_changed":false},"product_brand":[],"product_cat":[35],"product_tag":[157,118,55,89,54,115,39],"class_list":{"0":"post-1329","1":"product","2":"type-product","3":"status-publish","4":"has-post-thumbnail","6":"product_cat-phuket-tours","7":"product_tag-animal","8":"product_tag-city-tour","9":"product_tag-city-tours","10":"product_tag-elephant","11":"product_tag-elephant-sanctuary","12":"product_tag-land-tour","13":"product_tag-phuket-tours","15":"first","16":"instock","17":"virtual","18":"sold-individually","19":"purchasable","20":"product-type-booking"},"booking_location":"","booking_location_type":"","booking_duration":1,"booking_duration_unit":"day","booking_buffer":0,"booking_cost":0,"booking_resources":[],"exclude_global_add_ons":false,"addons":[{"name":"Czas trwania","type":"multiple_choice","position":0,"required":true,"title_format":"label","default":"","description_enable":false,"description":"","placeholder_enable":false,"placeholder":"","display":"select","restrictions_type":"any_text","adjust_price":false,"price":"","price_type":"flat_fee","restrictions":false,"min":"0","max":"0","options":[{"label":"Morning (07:00 am)","price":"","price_type":"quantity_based","image":0,"visibility":true},{"label":"Afternoon (11:30 am)","price":"","price_type":"quantity_based","image":0,"visibility":true}],"id":1684300353}],"acf":[],"_links":{"self":[{"href":"https:\/\/tours.co.th\/pl\/wp-json\/wp\/v2\/product\/1329","targetHints":{"allow":["GET"]}}],"collection":[{"href":"https:\/\/tours.co.th\/pl\/wp-json\/wp\/v2\/product"}],"about":[{"href":"https:\/\/tours.co.th\/pl\/wp-json\/wp\/v2\/types\/product"}],"replies":[{"embeddable":true,"href":"https:\/\/tours.co.th\/pl\/wp-json\/wp\/v2\/comments?post=1329"}],"version-history":[{"count":0,"href":"https:\/\/tours.co.th\/pl\/wp-json\/wp\/v2\/product\/1329\/revisions"}],"wp:featuredmedia":[{"embeddable":true,"href":"https:\/\/tours.co.th\/pl\/wp-json\/wp\/v2\/media\/1330"}],"wp:attachment":[{"href":"https:\/\/tours.co.th\/pl\/wp-json\/wp\/v2\/media?parent=1329"}],"wp:term":[{"taxonomy":"product_brand","embeddable":true,"href":"https:\/\/tours.co.th\/pl\/wp-json\/wp\/v2\/product_brand?post=1329"},{"taxonomy":"product_cat","embeddable":true,"href":"https:\/\/tours.co.th\/pl\/wp-json\/wp\/v2\/product_cat?post=1329"},{"taxonomy":"product_tag","embeddable":true,"href":"https:\/\/tours.co.th\/pl\/wp-json\/wp\/v2\/product_tag?post=1329"}],"curies":[{"name":"wp","href":"https:\/\/api.w.org\/{rel}","templated":true}]}}