{"id":3,"date":"2022-03-14T14:51:55","date_gmt":"2022-03-14T14:51:55","guid":{"rendered":"https:\/\/thaihotels.ir\/?page_id=3"},"modified":"2025-02-06T17:56:37","modified_gmt":"2025-02-06T10:56:37","slug":"privacy-policy","status":"publish","type":"page","link":"https:\/\/tours.co.th\/pl\/privacy-policy\/","title":{"rendered":"Polityka prywatno\u015bci"},"content":{"rendered":"<p><strong>Jakie dane osobowe zbieramy<\/strong>&nbsp;<strong>I W jakim celu zbieramy dane osobowe?<\/strong><br>Kiedy rezerwujesz wycieczki na naszej stronie internetowej, w ramach procesu kupna i sprzeda\u017cy zbieramy takie dane osobowe, jak imi\u0119 i nazwisko, adres hotelu i adres e-mail, aby potwierdzi\u0107 rezerwacj\u0119 u organizatora wraz z prawid\u0142owymi informacjami, a tak\u017ce na potrzeby ubezpieczenia Twojego bezpiecze\u0144stwa przed rozpocz\u0119ciem wycieczki.<\/p>\n\n\n\n<p><strong>Jak d\u0142ugo przechowujemy dane osobowe?<\/strong><br>Przechowujemy wszystkie Twoje dane a\u017c do momentu sfinalizowania rezerwacji.<\/p>\n\n\n\n<p><strong>W jaki spos\u00f3b nasi klienci mog\u0105 wys\u0142a\u0107 pro\u015bb\u0119 o usuni\u0119cie, ujawnienie lub aktualizacj\u0119 przechowywanych przez nas danych osobowych?<\/strong><br>Mo\u017cesz po prostu wys\u0142a\u0107 nam wiadomo\u015b\u0107 na czacie, wys\u0142a\u0107 e-mail, zadzwoni\u0107 bezpo\u015brednio lub skorzysta\u0107 z dowolnego wygodnego dla Ciebie medium spo\u0142eczno\u015bciowego. Nasz zesp\u00f3\u0142 zajmie si\u0119 Tob\u0105.<\/p>\n\n\n\n<p><strong>Z kim dzielimy si\u0119 danymi osobowymi, teraz lub w przysz\u0142o\u015bci?<\/strong><br>My&nbsp;<strong>\u201eTours.co.th\u201d<\/strong>&nbsp;kto jest po\u015brednikiem mi\u0119dzy klientem a organizatorem wycieczki. Twoje dane osobowe udost\u0119pniamy wy\u0142\u0105cznie naszemu organizatorowi wycieczki, kt\u00f3ry organizuje i obs\u0142uguje wycieczk\u0119 oraz transfer do hotelu.<\/p>\n\n\n\n<p><strong>Nasze dane kontaktowe i kana\u0142owe.<\/strong><br><strong>E-mail<\/strong>:\u00a0<a href=\"mailto:Info@tours.co.th\">Info@tours.co.th<\/a><\/p>","protected":false},"excerpt":{"rendered":"<p>What personal data do we collect&nbsp;and For what purpose do we collect the personal data?When you\u2019re booking your tours from our website, as part of the buying and selling process, we do collect the personal requirements such as your name, hotel address, and email address to confirm your booking with the operator with the correct [&hellip;]<\/p>\n","protected":false},"author":1,"featured_media":0,"parent":0,"menu_order":0,"comment_status":"closed","ping_status":"open","template":"","meta":{"_acf_changed":false,"footnotes":""},"class_list":["post-3","page","type-page","status-publish","hentry"],"acf":[],"_links":{"self":[{"href":"https:\/\/tours.co.th\/pl\/wp-json\/wp\/v2\/pages\/3","targetHints":{"allow":["GET"]}}],"collection":[{"href":"https:\/\/tours.co.th\/pl\/wp-json\/wp\/v2\/pages"}],"about":[{"href":"https:\/\/tours.co.th\/pl\/wp-json\/wp\/v2\/types\/page"}],"author":[{"embeddable":true,"href":"https:\/\/tours.co.th\/pl\/wp-json\/wp\/v2\/users\/1"}],"replies":[{"embeddable":true,"href":"https:\/\/tours.co.th\/pl\/wp-json\/wp\/v2\/comments?post=3"}],"version-history":[{"count":0,"href":"https:\/\/tours.co.th\/pl\/wp-json\/wp\/v2\/pages\/3\/revisions"}],"wp:attachment":[{"href":"https:\/\/tours.co.th\/pl\/wp-json\/wp\/v2\/media?parent=3"}],"curies":[{"name":"wp","href":"https:\/\/api.w.org\/{rel}","templated":true}]}}