{"id":702,"date":"2022-03-15T03:31:49","date_gmt":"2022-03-14T20:31:49","guid":{"rendered":"https:\/\/thaihotels.ir\/?post_type=product&#038;p=702"},"modified":"2025-04-02T23:22:21","modified_gmt":"2025-04-02T16:22:21","slug":"private-james-bond-island-by-speed-boat-from-krabi","status":"publish","type":"product","link":"https:\/\/tours.co.th\/fr\/private-james-bond-island-by-speed-boat-from-krabi\/","title":{"rendered":"Private James Bond Island en bateau rapide de Krabi"},"content":{"rendered":"<div class=\"markdown markdown-main-panel response-optimization stronger\" dir=\"ltr\">\n<p data-sourcepos=\"1:1-1:55\"><strong>Excursion priv\u00e9e en hors-bord sur l&#039;\u00eele de James Bond au d\u00e9part de Krabi<\/strong><\/p>\n<p data-sourcepos=\"3:1-3:339\">Vivez une exp\u00e9rience inoubliable sur l&#039;\u00eele mythique de James Bond (Koh Tapu) lors d&#039;une excursion priv\u00e9e en hors-bord au d\u00e9part de Krabi\u00a0! Explorez la magnifique baie de Phang Nga, pagayez en kayak \u00e0 travers des lagons secrets et d\u00e9couvrez le c\u00e9l\u00e8bre lieu de tournage de \u201c\u00a0L&#039;Homme au pistolet d&#039;or\u00a0\u201d. Cette excursion exclusive vous propose une aventure personnalis\u00e9e alliant visites, baignade et d\u00e9tente au paradis.<\/p>\n<p data-sourcepos=\"5:1-5:15\"><strong>Points forts:<\/strong><\/p>\n<ul data-sourcepos=\"7:1-13:0\">\n<li data-sourcepos=\"7:1-7:99\"><strong>Bateau rapide priv\u00e9 :<\/strong> Vivez une exp\u00e9rience personnalis\u00e9e \u00e0 bord de votre propre hors-bord priv\u00e9 avec guide.<\/li>\n<li data-sourcepos=\"8:1-8:84\"><strong>L&#039;\u00eele de James Bond :<\/strong> Visitez l&#039;embl\u00e9matique Koh Tapu et prenez des photos inoubliables.<\/li>\n<li data-sourcepos=\"9:1-9:106\"><strong>Baie de Phang Nga :<\/strong> Explorez les paysages \u00e0 couper le souffle de la baie de Phang Nga et ses impressionnantes falaises calcaires.<\/li>\n<li data-sourcepos=\"10:1-10:95\"><strong>Aventure en cano\u00eb :<\/strong> Explorez en pagayant des lagons cach\u00e9s et des grottes marines pour une perspective unique.<\/li>\n<li data-sourcepos=\"11:1-11:103\"><strong>Nager et se d\u00e9tendre :<\/strong> Profitez de la baignade dans des eaux cristallines et d\u00e9tendez-vous sur des plages immacul\u00e9es.<\/li>\n<li data-sourcepos=\"12:1-13:0\"><strong>Itin\u00e9raire flexible\u00a0:<\/strong> Personnalisez votre circuit selon vos pr\u00e9f\u00e9rences et vos centres d&#039;int\u00e9r\u00eat.<\/li>\n<\/ul>\n<p data-sourcepos=\"14:1-14:73\"><strong>R\u00e9servez d\u00e8s aujourd&#039;hui votre excursion priv\u00e9e en hors-bord sur l&#039;\u00eele de James Bond au d\u00e9part de Krabi !<\/strong><\/p>\n<\/div>","protected":false},"excerpt":{"rendered":"<p>\u00cele James Bond priv\u00e9e en bateau rapide depuis Krabi avec cano\u00eb. sous un autre nom que nous appelons Koh Ping Kan est situ\u00e9 dans la baie de Phang Nga, l&#039;une des premi\u00e8res listes \u00e0 Phuket. Pourquoi l&#039;\u00eele James Bond ? parce qu&#039;il est apparu dans \u00ab L&#039;homme au pistolet d&#039;or \u00bb de 1974. Apr\u00e8s la sortie du film, la ville est devenue une destination touristique populaire. Ce programme ne comprend pas seulement un arr\u00eat sur l&#039;\u00eele James Bond, mais inclut la baie de Phang Nga et d&#039;autres activit\u00e9s touristiques, de baignade, de cano\u00eb et de d\u00e9tente.<\/p>","protected":false},"featured_media":21895,"comment_status":"open","ping_status":"closed","template":"","meta":{"_acf_changed":false},"product_brand":[],"product_cat":[90],"product_tag":[100,98,94,53],"class_list":{"0":"post-702","1":"product","2":"type-product","3":"status-publish","4":"has-post-thumbnail","6":"product_cat-krabi-tours","7":"product_tag-james-bond-island","8":"product_tag-james-bond-island-from-krabi","9":"product_tag-krabi-tour","10":"product_tag-private","12":"first","13":"instock","14":"sold-individually","15":"shipping-taxable","16":"purchasable","17":"product-type-booking"},"booking_location":"","booking_location_type":"","booking_duration":1,"booking_duration_unit":"day","booking_buffer":0,"booking_cost":0,"booking_resources":[],"exclude_global_add_ons":false,"addons":[{"name":"Option bateau","type":"multiple_choice","position":0,"required":true,"title_format":"label","default":"","description_enable":false,"description":"","placeholder_enable":false,"placeholder":"","display":"select","restrictions_type":"any_text","adjust_price":false,"price":"","price_type":"flat_fee","restrictions":false,"min":"0","max":"0","options":[{"label":"1 Engine (1-12 Seats)","price":"","price_type":"flat_fee","image":0,"visibility":true},{"label":"2 Engine (1-35 Seats)","price":"10999","price_type":"flat_fee","image":0,"visibility":true},{"label":"3 Engine (1-45 Seats)","price":"18999","price_type":"flat_fee","image":0,"visibility":true}],"id":1702479455},{"name":"D\u00e9jeuner (facultatif)","type":"multiple_choice","position":1,"required":false,"title_format":"label","default":"","description_enable":false,"description":"","placeholder_enable":false,"placeholder":"","display":"select","restrictions_type":"any_text","adjust_price":false,"price":"","price_type":"flat_fee","restrictions":false,"min":"0","max":"0","options":[{"label":"Thai set menu","price":"250","price_type":"quantity_based","image":0,"visibility":true},{"label":"BBQ set menu","price":"450","price_type":"flat_fee","image":0,"visibility":true}],"id":1702479456}],"acf":[],"_links":{"self":[{"href":"https:\/\/tours.co.th\/fr\/wp-json\/wp\/v2\/product\/702","targetHints":{"allow":["GET"]}}],"collection":[{"href":"https:\/\/tours.co.th\/fr\/wp-json\/wp\/v2\/product"}],"about":[{"href":"https:\/\/tours.co.th\/fr\/wp-json\/wp\/v2\/types\/product"}],"replies":[{"embeddable":true,"href":"https:\/\/tours.co.th\/fr\/wp-json\/wp\/v2\/comments?post=702"}],"version-history":[{"count":0,"href":"https:\/\/tours.co.th\/fr\/wp-json\/wp\/v2\/product\/702\/revisions"}],"wp:featuredmedia":[{"embeddable":true,"href":"https:\/\/tours.co.th\/fr\/wp-json\/wp\/v2\/media\/21895"}],"wp:attachment":[{"href":"https:\/\/tours.co.th\/fr\/wp-json\/wp\/v2\/media?parent=702"}],"wp:term":[{"taxonomy":"product_brand","embeddable":true,"href":"https:\/\/tours.co.th\/fr\/wp-json\/wp\/v2\/product_brand?post=702"},{"taxonomy":"product_cat","embeddable":true,"href":"https:\/\/tours.co.th\/fr\/wp-json\/wp\/v2\/product_cat?post=702"},{"taxonomy":"product_tag","embeddable":true,"href":"https:\/\/tours.co.th\/fr\/wp-json\/wp\/v2\/product_tag?post=702"}],"curies":[{"name":"wp","href":"https:\/\/api.w.org\/{rel}","templated":true}]}}