{"id":635,"date":"2022-03-15T02:08:21","date_gmt":"2022-03-14T19:08:21","guid":{"rendered":"https:\/\/thaihotels.ir\/?post_type=product&#038;p=635"},"modified":"2025-08-18T19:25:37","modified_gmt":"2025-08-18T12:25:37","slug":"phuket-private-speedboat-aqva-37-ft","status":"publish","type":"product","link":"https:\/\/tours.co.th\/fr\/phuket-private-speedboat-aqva-37-ft\/","title":{"rendered":"Hors-bord priv\u00e9 de Phuket\u00a0: AQVA 37 pieds"},"content":{"rendered":"<h3>Bateau rapide priv\u00e9 AQVA de 11,3 m\u00a0: Excursions de luxe d&#039;\u00eele en \u00eele \u00e0 Phuket<\/h3>\n<div class=\"content-wrapper\">\n<div class=\"main-content ng-trigger ng-trigger-routeChangeAnimation\">\n<div class=\"content-container\">\n<div class=\"chat-container ng-tns-c31793501-68 ng-trigger ng-trigger-chatHistoryImmersiveTransitions\">\n<div id=\"chat-history\" class=\"chat-history-scroll-container\">\n<div id=\"473c0cfe9d385ad0\" class=\"conversation-container message-actions-hover-boundary ng-star-inserted\">\n<div class=\"response-container ng-tns-c103211297-183 response-container-with-gpi ng-star-inserted response-container-has-multiple-responses\">\n<div class=\"presented-response-container ng-tns-c103211297-183\">\n<div class=\"response-container-content ng-tns-c103211297-183\">\n<div class=\"response-content ng-tns-c103211297-183\">\n<div id=\"model-response-message-contentr_473c0cfe9d385ad0\" class=\"markdown markdown-main-panel stronger enable-updated-hr-color\" dir=\"ltr\">\n<p>Vivez l&#039;aventure priv\u00e9e ultime avec <b>Bateau \u00e0 moteur AQVA de 37 pieds<\/b>, un bateau id\u00e9al pour une famille ou un petit groupe souhaitant explorer les superbes \u00eeles de Phuket dans le confort et avec style. <span class=\"citation-9 citation-end-9\">R\u00e9nov\u00e9 en 2022, ce hors-bord moderne est con\u00e7u pour la vitesse et le confort, avec une capacit\u00e9 allant jusqu&#039;\u00e0 12 passagers et un \u00e9quipage professionnel de deux personnes.<br \/>\n<\/span><span class=\"citation-8\">Le <\/span><b><span class=\"citation-8\">AQVA 37 pieds<\/span><\/b><span class=\"citation-8 citation-end-8\"> propose une exp\u00e9rience de charter priv\u00e9 haut de gamme, vous permettant de cr\u00e9er un itin\u00e9raire personnalis\u00e9 vers vos destinations de r\u00eave.<\/span> Que vous soyez \u00e0 la recherche de la beaut\u00e9 embl\u00e9matique des \u00eeles Phi Phi, des rivages paisibles de l&#039;\u00eele Maiton, des paysages spectaculaires de la baie de Phang Nga ou des eaux cristallines des \u00eeles Racha et Coral, ce hors-bord est votre s\u00e9same pour une journ\u00e9e inoubliable en mer.<\/p>\n<h3>Points forts<\/h3>\n<ul>\n<li><b>Bateau rapide haut de gamme :<\/b> Naviguez \u00e0 bord d&#039;un hors-bord moderne de 11,3 m\u00e8tres (37 pieds) enti\u00e8rement r\u00e9nov\u00e9.<\/li>\n<li><b><span class=\"citation-7\">Jusqu&#039;\u00e0 12 invit\u00e9s :<\/span><\/b><span class=\"citation-7 citation-end-7\"> Id\u00e9al pour des visites priv\u00e9es en famille ou entre amis.<\/span><\/li>\n<li><b>\u00c9quipage d&#039;experts :<\/b><span class=\"citation-6 citation-end-6\"> B\u00e9n\u00e9ficiez d&#039;un service professionnel assur\u00e9 par une \u00e9quipe d\u00e9di\u00e9e de deux personnes.<\/span><\/li>\n<li><b>Itin\u00e9raire personnalis\u00e9\u00a0:<\/b> Choisissez vos propres destinations pour un voyage personnalis\u00e9.<\/li>\n<li><b><span class=\"citation-5 interactive-span-hovered\">Confort et style :<\/span><\/b><span class=\"citation-5 citation-end-5 interactive-span-hovered\"> Un navire confortable et \u00e9l\u00e9gant pour explorer la mer d&#039;Andaman.<\/span><\/li>\n<\/ul>\n<\/div>\n<\/div>\n<\/div>\n<\/div>\n<\/div>\n<\/div>\n<\/div>\n<\/div>\n<\/div>\n<\/div>\n<\/div>","protected":false},"excerpt":{"rendered":"<p>Vivez l&#039;aventure priv\u00e9e ultime avec <b>Bateau \u00e0 moteur AQVA de 37 pieds<\/b>, un bateau id\u00e9al pour une famille ou un petit groupe souhaitant explorer les superbes \u00eeles de Phuket dans le confort et avec style.<\/p>","protected":false},"featured_media":35269,"comment_status":"open","ping_status":"closed","template":"","meta":{"_acf_changed":false},"product_brand":[401],"product_cat":[35],"product_tag":[50,83,39,53,69,97],"class_list":{"0":"post-635","1":"product","2":"type-product","3":"status-publish","4":"has-post-thumbnail","6":"product_brand-phuket-tours","7":"product_cat-phuket-tours","8":"product_tag-island-tours","9":"product_tag-luxury","10":"product_tag-phuket-tours","11":"product_tag-private","12":"product_tag-sea-tours","13":"product_tag-speedboat","15":"first","16":"instock","17":"virtual","18":"sold-individually","19":"purchasable","20":"product-type-booking"},"booking_location":"","booking_location_type":"","booking_duration":1,"booking_duration_unit":"day","booking_buffer":0,"booking_cost":0,"booking_resources":[],"exclude_global_add_ons":false,"addons":[{"name":"Destination (7 heures)","type":"multiple_choice","position":0,"required":true,"title_format":"label","default":"","description_enable":false,"description":"","placeholder_enable":false,"placeholder":"","display":"select","restrictions_type":"any_text","adjust_price":false,"price":"","price_type":"flat_fee","restrictions":false,"min":"0","max":"0","options":[{"label":"Racha Yai Island + Banana Beach at Coral Island","price":"","price_type":"flat_fee","image":0,"visibility":true},{"label":"Maiton Island + Banana Beach at Coral Island","price":"","price_type":"flat_fee","image":0,"visibility":true},{"label":"Banana Beach at Coral Island + Promthep Cape","price":"","price_type":"flat_fee","image":0,"visibility":true},{"label":"Khai Nok Island + Maiton Island","price":"","price_type":"flat_fee","image":0,"visibility":true},{"label":"Phi Phi Islands + Maiton Island","price":"10300","price_type":"flat_fee","image":0,"visibility":true},{"label":"Phang Nga Bay","price":"10300","price_type":"flat_fee","image":0,"visibility":true}],"id":1679363960}],"acf":[],"_links":{"self":[{"href":"https:\/\/tours.co.th\/fr\/wp-json\/wp\/v2\/product\/635","targetHints":{"allow":["GET"]}}],"collection":[{"href":"https:\/\/tours.co.th\/fr\/wp-json\/wp\/v2\/product"}],"about":[{"href":"https:\/\/tours.co.th\/fr\/wp-json\/wp\/v2\/types\/product"}],"replies":[{"embeddable":true,"href":"https:\/\/tours.co.th\/fr\/wp-json\/wp\/v2\/comments?post=635"}],"version-history":[{"count":4,"href":"https:\/\/tours.co.th\/fr\/wp-json\/wp\/v2\/product\/635\/revisions"}],"predecessor-version":[{"id":35285,"href":"https:\/\/tours.co.th\/fr\/wp-json\/wp\/v2\/product\/635\/revisions\/35285"}],"wp:featuredmedia":[{"embeddable":true,"href":"https:\/\/tours.co.th\/fr\/wp-json\/wp\/v2\/media\/35269"}],"wp:attachment":[{"href":"https:\/\/tours.co.th\/fr\/wp-json\/wp\/v2\/media?parent=635"}],"wp:term":[{"taxonomy":"product_brand","embeddable":true,"href":"https:\/\/tours.co.th\/fr\/wp-json\/wp\/v2\/product_brand?post=635"},{"taxonomy":"product_cat","embeddable":true,"href":"https:\/\/tours.co.th\/fr\/wp-json\/wp\/v2\/product_cat?post=635"},{"taxonomy":"product_tag","embeddable":true,"href":"https:\/\/tours.co.th\/fr\/wp-json\/wp\/v2\/product_tag?post=635"}],"curies":[{"name":"wp","href":"https:\/\/api.w.org\/{rel}","templated":true}]}}