{"id":5340,"date":"2022-06-15T02:34:10","date_gmt":"2022-06-14T19:34:10","guid":{"rendered":"https:\/\/tours.co.th\/?post_type=product&#038;p=5340"},"modified":"2025-08-06T22:46:58","modified_gmt":"2025-08-06T15:46:58","slug":"frost-magical-ice-of-siam-pattaya","status":"publish","type":"product","link":"https:\/\/tours.co.th\/fr\/frost-magical-ice-of-siam-pattaya\/","title":{"rendered":"Givre Glace Magique de Siam Pattaya"},"content":{"rendered":"","protected":false},"excerpt":{"rendered":"<p>Glace magique de Siam Pattaya. D\u00e9couvrez une autre facette du Siam par des temp\u00e9ratures n\u00e9gatives de 10 degr\u00e9s en explorant le premier d\u00f4me de glace de Pattaya !<\/p>","protected":false},"featured_media":5359,"comment_status":"open","ping_status":"closed","template":"","meta":{"_acf_changed":false},"product_brand":[],"product_cat":[175],"product_tag":[115,193,222,70],"class_list":{"0":"post-5340","1":"product","2":"type-product","3":"status-publish","4":"has-post-thumbnail","6":"product_cat-pattaya-tours","7":"product_tag-land-tour","8":"product_tag-pattaya","9":"product_tag-pattaya-city-tour","10":"product_tag-sightseeing","12":"first","13":"instock","14":"virtual","15":"sold-individually","16":"purchasable","17":"product-type-booking"},"booking_location":"","booking_location_type":"","booking_duration":1,"booking_duration_unit":"day","booking_buffer":0,"booking_cost":0,"booking_resources":[],"exclude_global_add_ons":false,"addons":[{"name":"Dur\u00e9e","type":"multiple_choice","position":0,"required":true,"title_format":"label","default":"","description_enable":false,"description":"","placeholder_enable":false,"placeholder":"","display":"select","restrictions_type":"any_text","adjust_price":false,"price":"","price_type":"flat_fee","restrictions":false,"min":"0","max":"0","options":[{"label":"Morning (09:00-12:00)","price":"","price_type":"quantity_based","image":0,"visibility":true},{"label":"Afternoon (13:00-16:00)","price":"","price_type":"quantity_based","image":0,"visibility":true}],"id":1686680865}],"acf":[],"_links":{"self":[{"href":"https:\/\/tours.co.th\/fr\/wp-json\/wp\/v2\/product\/5340","targetHints":{"allow":["GET"]}}],"collection":[{"href":"https:\/\/tours.co.th\/fr\/wp-json\/wp\/v2\/product"}],"about":[{"href":"https:\/\/tours.co.th\/fr\/wp-json\/wp\/v2\/types\/product"}],"replies":[{"embeddable":true,"href":"https:\/\/tours.co.th\/fr\/wp-json\/wp\/v2\/comments?post=5340"}],"version-history":[{"count":0,"href":"https:\/\/tours.co.th\/fr\/wp-json\/wp\/v2\/product\/5340\/revisions"}],"wp:featuredmedia":[{"embeddable":true,"href":"https:\/\/tours.co.th\/fr\/wp-json\/wp\/v2\/media\/5359"}],"wp:attachment":[{"href":"https:\/\/tours.co.th\/fr\/wp-json\/wp\/v2\/media?parent=5340"}],"wp:term":[{"taxonomy":"product_brand","embeddable":true,"href":"https:\/\/tours.co.th\/fr\/wp-json\/wp\/v2\/product_brand?post=5340"},{"taxonomy":"product_cat","embeddable":true,"href":"https:\/\/tours.co.th\/fr\/wp-json\/wp\/v2\/product_cat?post=5340"},{"taxonomy":"product_tag","embeddable":true,"href":"https:\/\/tours.co.th\/fr\/wp-json\/wp\/v2\/product_tag?post=5340"}],"curies":[{"name":"wp","href":"https:\/\/api.w.org\/{rel}","templated":true}]}}