{"id":3875,"date":"2022-04-27T23:44:02","date_gmt":"2022-04-27T16:44:02","guid":{"rendered":"https:\/\/tours.co.th\/?post_type=product&#038;p=3875"},"modified":"2025-08-06T22:46:55","modified_gmt":"2025-08-06T15:46:55","slug":"pattaya-sanctuary-of-truth","status":"publish","type":"product","link":"https:\/\/tours.co.th\/fr\/pattaya-sanctuary-of-truth\/","title":{"rendered":"Sanctuaire de la v\u00e9rit\u00e9 de Pattaya"},"content":{"rendered":"","protected":false},"excerpt":{"rendered":"<p>Le sanctuaire de la v\u00e9rit\u00e9 de Pattaya ou temple Prasat Satchatham est un temple en bois situ\u00e9 au bord de la mer. Le temple est enti\u00e8rement construit en bois.<\/p>","protected":false},"featured_media":3878,"comment_status":"open","ping_status":"closed","template":"","meta":{"_acf_changed":false},"product_brand":[],"product_cat":[175],"product_tag":[55,117,193,194],"class_list":{"0":"post-3875","1":"product","2":"type-product","3":"status-publish","4":"has-post-thumbnail","6":"product_cat-pattaya-tours","7":"product_tag-city-tours","8":"product_tag-half-day-tour","9":"product_tag-pattaya","10":"product_tag-sanctuary-of-truth","12":"first","13":"instock","14":"virtual","15":"sold-individually","16":"purchasable","17":"product-type-booking"},"booking_location":"","booking_location_type":"","booking_duration":1,"booking_duration_unit":"day","booking_buffer":0,"booking_cost":0,"booking_resources":[],"exclude_global_add_ons":false,"addons":[{"name":"Session","type":"multiple_choice","position":0,"required":true,"title_format":"label","default":"","description_enable":false,"description":"","placeholder_enable":false,"placeholder":"","display":"select","restrictions_type":"any_text","adjust_price":false,"price":"","price_type":"flat_fee","restrictions":false,"min":"0","max":"0","options":[{"label":"Morning (09:00-12:00)","price":"","price_type":"flat_fee","image":0,"visibility":true},{"label":"Afternoon (13:00-16:00)","price":"","price_type":"flat_fee","image":0,"visibility":true}],"id":1686679357}],"acf":[],"_links":{"self":[{"href":"https:\/\/tours.co.th\/fr\/wp-json\/wp\/v2\/product\/3875","targetHints":{"allow":["GET"]}}],"collection":[{"href":"https:\/\/tours.co.th\/fr\/wp-json\/wp\/v2\/product"}],"about":[{"href":"https:\/\/tours.co.th\/fr\/wp-json\/wp\/v2\/types\/product"}],"replies":[{"embeddable":true,"href":"https:\/\/tours.co.th\/fr\/wp-json\/wp\/v2\/comments?post=3875"}],"version-history":[{"count":0,"href":"https:\/\/tours.co.th\/fr\/wp-json\/wp\/v2\/product\/3875\/revisions"}],"wp:featuredmedia":[{"embeddable":true,"href":"https:\/\/tours.co.th\/fr\/wp-json\/wp\/v2\/media\/3878"}],"wp:attachment":[{"href":"https:\/\/tours.co.th\/fr\/wp-json\/wp\/v2\/media?parent=3875"}],"wp:term":[{"taxonomy":"product_brand","embeddable":true,"href":"https:\/\/tours.co.th\/fr\/wp-json\/wp\/v2\/product_brand?post=3875"},{"taxonomy":"product_cat","embeddable":true,"href":"https:\/\/tours.co.th\/fr\/wp-json\/wp\/v2\/product_cat?post=3875"},{"taxonomy":"product_tag","embeddable":true,"href":"https:\/\/tours.co.th\/fr\/wp-json\/wp\/v2\/product_tag?post=3875"}],"curies":[{"name":"wp","href":"https:\/\/api.w.org\/{rel}","templated":true}]}}