{"id":35902,"date":"2025-10-22T15:24:22","date_gmt":"2025-10-22T08:24:22","guid":{"rendered":"https:\/\/tours.co.th\/?post_type=product&#038;p=35902"},"modified":"2025-11-19T05:27:44","modified_gmt":"2025-11-18T22:27:44","slug":"full-day-trip-to-khai-islands-by-speedboat","status":"publish","type":"product","link":"https:\/\/tours.co.th\/fr\/full-day-trip-to-khai-islands-by-speedboat\/","title":{"rendered":"Excursion d&#039;une journ\u00e9e aux \u00eeles Khai en hors-bord"},"content":{"rendered":"<h3>Excursion en hors-bord aux \u00eeles Khai : une escapade insulaire d&#039;une journ\u00e9e.<\/h3>\n<p>Vivez une aventure tropicale inoubliable avec notre excursion d&#039;une journ\u00e9e en hors-bord aux \u00eeles Khai au d\u00e9part de Phuket. Ce circuit est con\u00e7u pour vous permettre de profiter au maximum de votre temps sur les \u00eeles, en vous emmenant d\u00e9couvrir trois \u00eeles magnifiques\u00a0: Khai Nok, Khai Nui et Khai Nai. Vous pourrez vous d\u00e9tendre, faire de la plong\u00e9e avec tuba et profiter d&#039;activit\u00e9s baln\u00e9aires uniques. Traversez la mer d&#039;Andaman dans le plus grand confort et avec style\u00a0: toute la logistique, y compris la prise en charge et le retour \u00e0 votre h\u00f4tel, est prise en charge.<\/p>\n<h4>Points forts et itin\u00e9raire d\u00e9taill\u00e9<\/h4>\n<ul>\n<li>Trois \u00eeles, une journ\u00e9e\u00a0: visitez Khai Nok, Khai Nui et Khai Nai pour une exp\u00e9rience compl\u00e8te de d\u00e9couverte des \u00eeles.<\/li>\n<li>Meilleure plong\u00e9e en apn\u00e9e : D\u00e9couvrez une vie marine foisonnante, des coraux color\u00e9s et des bancs de poissons gr\u00e2ce \u00e0 des s\u00e9ances de natation et de plong\u00e9e en apn\u00e9e d\u00e9di\u00e9es \u00e0 l&#039;\u00eele de Khai Nui.<\/li>\n<li>S\u00e9jour baln\u00e9aire ultime\u00a0: Commencez par l\u2019\u00eele de Khai Nok pour nager dans une eau cristalline et vous d\u00e9tendre sur la plage de sable blanc.<\/li>\n<li>Exp\u00e9rience sur l&#039;\u00eele de Khai Nai (4 heures)\u00a0: L&#039;aventure se termine en beaut\u00e9 sur l&#039;\u00eele de Khai Nai par un s\u00e9jour prolong\u00e9 de quatre heures. Vous pourrez nourrir les chats de l&#039;\u00eele directement sur la plage, prendre des photos, vous baigner et savourer un d\u00e9jeuner au restaurant de l&#039;\u00eele.<\/li>\n<li>Confort tout compris : Profitez d&#039;un voyage sans tracas gr\u00e2ce \u00e0 un accompagnement professionnel, des trajets confortables en hors-bord et des transferts aller-retour pratiques depuis votre h\u00f4tel.<\/li>\n<\/ul>\n<p>Cette excursion d&#039;une journ\u00e9e est id\u00e9ale pour les familles, les couples et les amoureux des chats \u00e0 la recherche d&#039;un m\u00e9lange parfait de d\u00e9tente, de plong\u00e9e en apn\u00e9e anim\u00e9e et d&#039;un moment insulaire vraiment unique.<\/p>","protected":false},"excerpt":{"rendered":"<p>\u00c9vadez-vous au paradis avec notre excursion en hors-bord aux \u00eeles Khai, qui vous emm\u00e8ne vers un superbe trio de petites \u00eeles pittoresques situ\u00e9es juste au large des c\u00f4tes de Phuket.<\/p>","protected":false},"featured_media":35323,"comment_status":"open","ping_status":"closed","template":"","meta":{"_acf_changed":false},"product_brand":[401],"product_cat":[35],"product_tag":[121,50,77,37,39,126,70,79,52,71],"class_list":{"0":"post-35902","1":"product","2":"type-product","3":"status-publish","4":"has-post-thumbnail","6":"product_brand-phuket-tours","7":"product_cat-phuket-tours","8":"product_tag-boat-trip","9":"product_tag-island-tours","10":"product_tag-khai-island","11":"product_tag-phuket","12":"product_tag-phuket-tours","13":"product_tag-sea-tour","14":"product_tag-sightseeing","15":"product_tag-snorkeling","16":"product_tag-speed-boat","17":"product_tag-swimming","19":"first","20":"instock","21":"virtual","22":"sold-individually","23":"purchasable","24":"product-type-booking"},"booking_location":"","booking_location_type":"","booking_duration":1,"booking_duration_unit":"day","booking_buffer":0,"booking_cost":0,"booking_resources":[],"exclude_global_add_ons":[],"addons":[],"acf":[],"_links":{"self":[{"href":"https:\/\/tours.co.th\/fr\/wp-json\/wp\/v2\/product\/35902","targetHints":{"allow":["GET"]}}],"collection":[{"href":"https:\/\/tours.co.th\/fr\/wp-json\/wp\/v2\/product"}],"about":[{"href":"https:\/\/tours.co.th\/fr\/wp-json\/wp\/v2\/types\/product"}],"replies":[{"embeddable":true,"href":"https:\/\/tours.co.th\/fr\/wp-json\/wp\/v2\/comments?post=35902"}],"version-history":[{"count":4,"href":"https:\/\/tours.co.th\/fr\/wp-json\/wp\/v2\/product\/35902\/revisions"}],"predecessor-version":[{"id":35911,"href":"https:\/\/tours.co.th\/fr\/wp-json\/wp\/v2\/product\/35902\/revisions\/35911"}],"wp:featuredmedia":[{"embeddable":true,"href":"https:\/\/tours.co.th\/fr\/wp-json\/wp\/v2\/media\/35323"}],"wp:attachment":[{"href":"https:\/\/tours.co.th\/fr\/wp-json\/wp\/v2\/media?parent=35902"}],"wp:term":[{"taxonomy":"product_brand","embeddable":true,"href":"https:\/\/tours.co.th\/fr\/wp-json\/wp\/v2\/product_brand?post=35902"},{"taxonomy":"product_cat","embeddable":true,"href":"https:\/\/tours.co.th\/fr\/wp-json\/wp\/v2\/product_cat?post=35902"},{"taxonomy":"product_tag","embeddable":true,"href":"https:\/\/tours.co.th\/fr\/wp-json\/wp\/v2\/product_tag?post=35902"}],"curies":[{"name":"wp","href":"https:\/\/api.w.org\/{rel}","templated":true}]}}