{"id":35147,"date":"2025-08-13T01:18:59","date_gmt":"2025-08-12T18:18:59","guid":{"rendered":"https:\/\/tours.co.th\/?post_type=product&#038;p=35147"},"modified":"2025-08-13T01:27:22","modified_gmt":"2025-08-12T18:27:22","slug":"chiang-mai-boxing-stadium","status":"publish","type":"product","link":"https:\/\/tours.co.th\/fr\/chiang-mai-boxing-stadium\/","title":{"rendered":"Stade de boxe de Chiang Mai"},"content":{"rendered":"<p>Chiang Mai est un endroit id\u00e9al pour d\u00e9couvrir le Muay Tha\u00ef, le sport national de la Tha\u00eflande. Bien que la ville compte plusieurs stades, <b>Stade de boxe de Chiang Mai<\/b> est l&#039;un des plus populaires et est r\u00e9put\u00e9 pour ses matchs authentiques et dynamiques.<\/p>\n<h3>Points forts<\/h3>\n<ul>\n<li><b>Combats authentiques :<\/b> Contrairement \u00e0 certains spectacles destin\u00e9s aux touristes, le stade de boxe de Chiang Mai est r\u00e9put\u00e9 pour accueillir de v\u00e9ritables combats comp\u00e9titifs opposant des boxeurs tha\u00eflandais locaux \u00e0 des combattants internationaux.<\/li>\n<li><b>Calendrier des combats\u00a0:<\/b> Les combats ont g\u00e9n\u00e9ralement lieu le <b>du lundi au samedi soir<\/b>, l&#039;action commen\u00e7ant vers <b>21h00<\/b>. Les portes ouvrent g\u00e9n\u00e9ralement une heure plus t\u00f4t, ce qui vous laisse le temps de trouver votre place et de profiter pleinement du spectacle.<\/li>\n<li><b>Prix des billets\u00a0:<\/b> Les billets sont g\u00e9n\u00e9ralement propos\u00e9s en plusieurs cat\u00e9gories\u00a0:<br \/>\n<b>Standard\/Tribune :<\/b> L&#039;option la plus abordable, offrant une bonne vue depuis les gradins.<br \/>\n<b>Au bord du ring :<\/b> Offre une vue beaucoup plus rapproch\u00e9e et immersive de l&#039;action. Boisson offerte.<br \/>\n<b>VIP:<\/b> L&#039;option la plus haut de gamme, comprenant boissons et collations \u00e0 volont\u00e9, et parfois l&#039;acc\u00e8s \u00e0 une chambre priv\u00e9e climatis\u00e9e.<\/li>\n<li><b>Emplacement:<\/b> Le stade est situ\u00e9 dans le quartier de Chang Phueak \u00e0 Chiang Mai, juste au nord de la porte Chang Phueak de la vieille ville. Il est facilement accessible en tuk-tuk ou en songthaew (taxi-camion rouge).<\/li>\n<\/ul>","protected":false},"excerpt":{"rendered":"<p>Une soir\u00e9e dans un stade de Muay Thai \u00e0 Chiang Mai est une exp\u00e9rience incontournable pour de nombreux visiteurs. L&#039;ambiance y est \u00e9lectrique, m\u00ealant locaux enthousiastes et touristes curieux.<\/p>","protected":false},"featured_media":35154,"comment_status":"open","ping_status":"closed","template":"","meta":{"_acf_changed":false},"product_brand":[400],"product_cat":[41],"product_tag":[],"class_list":{"0":"post-35147","1":"product","2":"type-product","3":"status-publish","4":"has-post-thumbnail","6":"product_brand-chiang-mai-tours","7":"product_cat-chiang-mai-tours","9":"first","10":"instock","11":"sold-individually","12":"shipping-taxable","13":"purchasable","14":"product-type-booking"},"booking_location":"","booking_location_type":"","booking_duration":1,"booking_duration_unit":"day","booking_buffer":0,"booking_cost":0,"booking_resources":[],"exclude_global_add_ons":false,"addons":[{"name":"Option de si\u00e8ge","type":"multiple_choice","position":0,"required":true,"title_format":"label","default":"","description_enable":false,"description":"","placeholder_enable":false,"placeholder":"","display":"select","restrictions_type":"any_text","adjust_price":false,"price":"","price_type":"flat_fee","restrictions":false,"min":"0","max":"0","options":[{"label":"Standard\/Grandstand","price":"","price_type":"quantity_based","image":0,"visibility":true},{"label":"Ringside","price":"300","price_type":"quantity_based","image":0,"visibility":true},{"label":"VIP","price":"700","price_type":"quantity_based","image":0,"visibility":true}],"id":1755047943}],"acf":[],"_links":{"self":[{"href":"https:\/\/tours.co.th\/fr\/wp-json\/wp\/v2\/product\/35147","targetHints":{"allow":["GET"]}}],"collection":[{"href":"https:\/\/tours.co.th\/fr\/wp-json\/wp\/v2\/product"}],"about":[{"href":"https:\/\/tours.co.th\/fr\/wp-json\/wp\/v2\/types\/product"}],"replies":[{"embeddable":true,"href":"https:\/\/tours.co.th\/fr\/wp-json\/wp\/v2\/comments?post=35147"}],"version-history":[{"count":3,"href":"https:\/\/tours.co.th\/fr\/wp-json\/wp\/v2\/product\/35147\/revisions"}],"predecessor-version":[{"id":35167,"href":"https:\/\/tours.co.th\/fr\/wp-json\/wp\/v2\/product\/35147\/revisions\/35167"}],"wp:featuredmedia":[{"embeddable":true,"href":"https:\/\/tours.co.th\/fr\/wp-json\/wp\/v2\/media\/35154"}],"wp:attachment":[{"href":"https:\/\/tours.co.th\/fr\/wp-json\/wp\/v2\/media?parent=35147"}],"wp:term":[{"taxonomy":"product_brand","embeddable":true,"href":"https:\/\/tours.co.th\/fr\/wp-json\/wp\/v2\/product_brand?post=35147"},{"taxonomy":"product_cat","embeddable":true,"href":"https:\/\/tours.co.th\/fr\/wp-json\/wp\/v2\/product_cat?post=35147"},{"taxonomy":"product_tag","embeddable":true,"href":"https:\/\/tours.co.th\/fr\/wp-json\/wp\/v2\/product_tag?post=35147"}],"curies":[{"name":"wp","href":"https:\/\/api.w.org\/{rel}","templated":true}]}}