{"id":2462,"date":"2022-03-30T03:57:41","date_gmt":"2022-03-29T20:57:41","guid":{"rendered":"https:\/\/thaihotels.ir\/?post_type=product&#038;p=2462"},"modified":"2025-06-16T02:30:15","modified_gmt":"2025-06-15T19:30:15","slug":"phuket-fantasea-show","status":"publish","type":"product","link":"https:\/\/tours.co.th\/fr\/phuket-fantasea-show\/","title":{"rendered":"Phuket FantaSea : un spectacle magique \u00e0 ne pas manquer !"},"content":{"rendered":"<div id=\"model-response-message-contentr_879397efdece0027\" class=\"markdown markdown-main-panel stronger\" dir=\"ltr\">\n<p data-sourcepos=\"1:1-1:81\"><strong>Phuket FantaSea Show\u00a0: une soir\u00e9e spectaculaire de culture et de divertissement tha\u00eflandais<\/strong><\/p>\n<p data-sourcepos=\"3:1-3:374\">Vivez la magie de Phuket FantaSea, le spectacle le plus extravagant de l&#039;\u00eele ! Laissez-vous captiver par une troupe de centaines de trap\u00e9zistes \u00e9blouissants, d&#039;\u00e9l\u00e9phants et d&#039;autres animaux, le tout dans un sc\u00e9nario enchanteur m\u00ealant tradition tha\u00eflandaise et fantaisie \u00e9poustouflante. Et le spectacle ne s&#039;arr\u00eate pas l\u00e0 : offrez-vous un festin dans l&#039;un des plus grands restaurants buffet d&#039;Asie !<\/p>\n<p data-sourcepos=\"5:1-5:15\"><strong>Points forts:<\/strong><\/p>\n<ul data-sourcepos=\"7:1-14:0\">\n<li data-sourcepos=\"7:1-7:121\"><strong>Spectacle spectaculaire :<\/strong> Assistez \u00e0 une performance de classe mondiale m\u00ealant culture tha\u00eflandaise, mythologie et effets sp\u00e9ciaux \u00e9blouissants.<\/li>\n<li data-sourcepos=\"8:1-8:106\"><strong>Distribution massive :<\/strong> Laissez-vous \u00e9merveiller par des centaines d\u2019artistes, dont des acrobates, des danseurs et des animaux dress\u00e9s.<\/li>\n<li data-sourcepos=\"9:1-9:88\"><strong>Rencontres avec les \u00e9l\u00e9phants :<\/strong> \u00c9merveillez-vous devant la gr\u00e2ce et l\u2019intelligence des \u00e9l\u00e9phants savants.<\/li>\n<li data-sourcepos=\"10:1-10:100\"><strong>Sc\u00e9nario exotique :<\/strong> Plongez dans un conte captivant qui allie tradition et fantaisie.<\/li>\n<li data-sourcepos=\"11:1-11:126\"><strong>Grand Buffet :<\/strong> Profitez d&#039;un vaste buffet international, l&#039;un des plus grands d&#039;Asie, offrant un large \u00e9ventail de d\u00e9lices culinaires.<\/li>\n<li data-sourcepos=\"12:1-12:103\"><strong>Exp\u00e9rience culturelle :<\/strong> D\u00e9couvrez la beaut\u00e9 et la richesse du patrimoine tha\u00eflandais \u00e0 travers un art \u00e9poustouflant.<\/li>\n<li data-sourcepos=\"13:1-14:0\"><strong>Soir\u00e9e inoubliable :<\/strong> Cr\u00e9ez des souvenirs durables dans le premier lieu de divertissement nocturne de Phuket.<\/li>\n<\/ul>\n<p data-sourcepos=\"15:1-15:81\"><strong>R\u00e9servez vos billets pour Phuket FantaSea d\u00e8s aujourd&#039;hui pour une nuit d&#039;\u00e9merveillement et d&#039;excitation !<\/strong><\/p>\n<\/div>","protected":false},"excerpt":{"rendered":"<p>Phuket FantaSea: Biggest Show! Spectacular show with elephants &amp; more! Plus, Asia&#8217;s largest buffet. A magical Phuket evening.<\/p>","protected":false},"featured_media":2553,"comment_status":"open","ping_status":"closed","template":"","meta":{"_acf_changed":false},"product_brand":[401],"product_cat":[35],"product_tag":[44,118,92,89,115,37,38,155,39,154],"class_list":{"0":"post-2462","1":"product","2":"type-product","3":"status-publish","4":"has-post-thumbnail","6":"product_brand-phuket-tours","7":"product_cat-phuket-tours","8":"product_tag-city","9":"product_tag-city-tour","10":"product_tag-dinner","11":"product_tag-elephant","12":"product_tag-land-tour","13":"product_tag-phuket","14":"product_tag-phuket-city-tour","15":"product_tag-phuket-fantasea","16":"product_tag-phuket-tours","17":"product_tag-show","19":"first","20":"instock","21":"virtual","22":"sold-individually","23":"purchasable","24":"product-type-booking"},"booking_location":"","booking_location_type":"","booking_duration":1,"booking_duration_unit":"day","booking_buffer":0,"booking_cost":0,"booking_resources":[],"exclude_global_add_ons":false,"addons":[{"name":"Forfait (facultatif)","type":"multiple_choice","position":0,"required":true,"title_format":"label","default":"","description_enable":false,"description":"","placeholder_enable":false,"placeholder":"","display":"select","restrictions_type":"any_text","adjust_price":false,"price":"","price_type":"flat_fee","restrictions":false,"min":"0","max":"0","options":[{"label":"Show only","price":"","price_type":"quantity_based","image":0,"visibility":true},{"label":"Show + Gold seat","price":"300","price_type":"quantity_based","image":0,"visibility":true},{"label":"Show + Dinner","price":"300","price_type":"quantity_based","image":0,"visibility":true},{"label":"Show + Dinner + Gold seat","price":"600","price_type":"quantity_based","image":0,"visibility":true}],"id":1715686016},{"name":"Transfert","type":"multiple_choice","position":1,"required":false,"title_format":"label","default":"","description_enable":true,"description":"Suppl\u00e9ment pour le transfert 350 THB (partout \u00e0 Phuket)","placeholder_enable":false,"placeholder":"","display":"select","restrictions_type":"any_text","adjust_price":false,"price":"","price_type":"flat_fee","restrictions":false,"min":"0","max":"0","options":[{"label":"Per Person","price":"350","price_type":"quantity_based","image":0,"visibility":true}],"id":1715686017}],"acf":[],"_links":{"self":[{"href":"https:\/\/tours.co.th\/fr\/wp-json\/wp\/v2\/product\/2462","targetHints":{"allow":["GET"]}}],"collection":[{"href":"https:\/\/tours.co.th\/fr\/wp-json\/wp\/v2\/product"}],"about":[{"href":"https:\/\/tours.co.th\/fr\/wp-json\/wp\/v2\/types\/product"}],"replies":[{"embeddable":true,"href":"https:\/\/tours.co.th\/fr\/wp-json\/wp\/v2\/comments?post=2462"}],"version-history":[{"count":0,"href":"https:\/\/tours.co.th\/fr\/wp-json\/wp\/v2\/product\/2462\/revisions"}],"wp:featuredmedia":[{"embeddable":true,"href":"https:\/\/tours.co.th\/fr\/wp-json\/wp\/v2\/media\/2553"}],"wp:attachment":[{"href":"https:\/\/tours.co.th\/fr\/wp-json\/wp\/v2\/media?parent=2462"}],"wp:term":[{"taxonomy":"product_brand","embeddable":true,"href":"https:\/\/tours.co.th\/fr\/wp-json\/wp\/v2\/product_brand?post=2462"},{"taxonomy":"product_cat","embeddable":true,"href":"https:\/\/tours.co.th\/fr\/wp-json\/wp\/v2\/product_cat?post=2462"},{"taxonomy":"product_tag","embeddable":true,"href":"https:\/\/tours.co.th\/fr\/wp-json\/wp\/v2\/product_tag?post=2462"}],"curies":[{"name":"wp","href":"https:\/\/api.w.org\/{rel}","templated":true}]}}