{"id":2453,"date":"2022-03-30T02:16:50","date_gmt":"2022-03-29T19:16:50","guid":{"rendered":"https:\/\/thaihotels.ir\/?post_type=product&#038;p=2453"},"modified":"2025-03-28T17:45:45","modified_gmt":"2025-03-28T10:45:45","slug":"surin-island-by-speedboat","status":"publish","type":"product","link":"https:\/\/tours.co.th\/fr\/surin-island-by-speedboat\/","title":{"rendered":"Excursion premium sur l&#039;\u00eele de Surin en hors-bord"},"content":{"rendered":"<p>\u00celes Surin : le paradis de la plong\u00e9e sous-marine et avec tuba en Tha\u00eflande<\/p>\n<p>D\u00e9couvrez la beaut\u00e9 immacul\u00e9e des \u00eeles Surin, r\u00e9put\u00e9es comme l&#039;une des meilleures destinations mondiales pour la plong\u00e9e et l&#039;observation de la faune marine, et incontestablement parmi les plus belles de Tha\u00eflande. Faisant partie du parc national de Mu Koh Surin, ces \u00eeles offrent des exp\u00e9riences de plong\u00e9e libre et sous-marine, ainsi qu&#039;une immersion en pleine nature, tout simplement exceptionnelles.<\/p>\n<p>Points forts:<\/p>\n<p>* Plong\u00e9e sous-marine et en apn\u00e9e de classe mondiale\u00a0: Explorez des r\u00e9cifs coralliens \u00e9clatants et d\u00e9couvrez une faune marine diversifi\u00e9e dans des eaux cristallines.<\/p>\n<p>* Parc national de Mu Koh Surin\u00a0: Plongez au c\u0153ur de la beaut\u00e9 naturelle prot\u00e9g\u00e9e de ce magnifique archipel.<\/p>\n<p>* Lointain et pr\u00e9serv\u00e9 : \u00c9chappez \u00e0 la foule et d\u00e9couvrez un paradis tranquille avec des plages immacul\u00e9es et des paysages luxuriants.<\/p>\n<p>* Exploration de l&#039;\u00eele\u00a0: d\u00e9couvrez le charme unique de Koh Surin Nuea, Koh Surin Tai, Koh Ri, Koh Khai et Koh Klang.<\/p>\n<p>Randonn\u00e9e et p\u00eache : Profitez des sentiers de randonn\u00e9e et d&#039;excellentes possibilit\u00e9s de p\u00eache sportive.<\/p>\n<p>* Biodiversit\u00e9 marine : D\u00e9couvrez une abondance d&#039;esp\u00e8ces marines, faisant de ce lieu un v\u00e9ritable paradis pour les passionn\u00e9s de la faune et de la flore sous-marines.<\/p>\n<p>D\u00e9couvrez les \u00eeles Surin\u00a0: r\u00e9servez votre voyage d\u00e8s aujourd\u2019hui et explorez les fonds marins de la Tha\u00eflande.<\/p>\n<p>tr\u00e9sor!<\/p>","protected":false},"excerpt":{"rendered":"<p>exciting speedboat ride to Surin Island! This beautiful island is home to white beaches, clear waters, and amazing wildlife. Don&#8217;t miss your chance to explore this paradise!<\/p>\n<p>&nbsp;<\/p>\n<p>&nbsp;<\/p>","protected":false},"featured_media":2921,"comment_status":"open","ping_status":"closed","template":"","meta":{"_acf_changed":false},"product_brand":[401],"product_cat":[35],"product_tag":[121,50,39,69,70,79,52,152,151,71],"class_list":{"0":"post-2453","1":"product","2":"type-product","3":"status-publish","4":"has-post-thumbnail","6":"product_brand-phuket-tours","7":"product_cat-phuket-tours","8":"product_tag-boat-trip","9":"product_tag-island-tours","10":"product_tag-phuket-tours","11":"product_tag-sea-tours","12":"product_tag-sightseeing","13":"product_tag-snorkeling","14":"product_tag-speed-boat","15":"product_tag-surin","16":"product_tag-surin-islands","17":"product_tag-swimming","19":"first","20":"instock","21":"virtual","22":"sold-individually","23":"purchasable","24":"product-type-booking"},"booking_location":"","booking_location_type":"","booking_duration":1,"booking_duration_unit":"day","booking_buffer":0,"booking_cost":0,"booking_resources":[],"exclude_global_add_ons":false,"addons":[{"name":"Le transport","type":"multiple_choice","position":0,"required":true,"title_format":"label","default":"","description_enable":false,"description":"","placeholder_enable":false,"placeholder":"","display":"select","restrictions_type":"any_text","adjust_price":false,"price":"","price_type":"flat_fee","restrictions":false,"min":"0","max":"0","options":[{"label":"Without transportation (Meet at Tablamu pier 07:30)","price":"","price_type":"quantity_based","image":0,"visibility":true},{"label":"With Roundtrip transfer (Share transfer)","price":"300","price_type":"quantity_based","image":0,"visibility":true}],"id":1676326601}],"acf":[],"_links":{"self":[{"href":"https:\/\/tours.co.th\/fr\/wp-json\/wp\/v2\/product\/2453","targetHints":{"allow":["GET"]}}],"collection":[{"href":"https:\/\/tours.co.th\/fr\/wp-json\/wp\/v2\/product"}],"about":[{"href":"https:\/\/tours.co.th\/fr\/wp-json\/wp\/v2\/types\/product"}],"replies":[{"embeddable":true,"href":"https:\/\/tours.co.th\/fr\/wp-json\/wp\/v2\/comments?post=2453"}],"version-history":[{"count":0,"href":"https:\/\/tours.co.th\/fr\/wp-json\/wp\/v2\/product\/2453\/revisions"}],"wp:featuredmedia":[{"embeddable":true,"href":"https:\/\/tours.co.th\/fr\/wp-json\/wp\/v2\/media\/2921"}],"wp:attachment":[{"href":"https:\/\/tours.co.th\/fr\/wp-json\/wp\/v2\/media?parent=2453"}],"wp:term":[{"taxonomy":"product_brand","embeddable":true,"href":"https:\/\/tours.co.th\/fr\/wp-json\/wp\/v2\/product_brand?post=2453"},{"taxonomy":"product_cat","embeddable":true,"href":"https:\/\/tours.co.th\/fr\/wp-json\/wp\/v2\/product_cat?post=2453"},{"taxonomy":"product_tag","embeddable":true,"href":"https:\/\/tours.co.th\/fr\/wp-json\/wp\/v2\/product_tag?post=2453"}],"curies":[{"name":"wp","href":"https:\/\/api.w.org\/{rel}","templated":true}]}}