{"id":22550,"date":"2024-01-10T02:08:52","date_gmt":"2024-01-09T19:08:52","guid":{"rendered":"https:\/\/tours.co.th\/phi-phi-island-hopping-luxury-sunset-cruise-to-maya-bay-pileh-lagoon\/"},"modified":"2025-08-06T22:46:50","modified_gmt":"2025-08-06T15:46:50","slug":"phi-phi-island-hopping-luxury-sunset-cruise-to-maya-bay-pileh-lagoon","status":"publish","type":"product","link":"https:\/\/tours.co.th\/fr\/phi-phi-island-hopping-luxury-sunset-cruise-to-maya-bay-pileh-lagoon\/","title":{"rendered":"Excursion sur les \u00eeles Phi Phi\u00a0: croisi\u00e8re de luxe au coucher du soleil vers la baie de Maya et le lagon de Pileh"},"content":{"rendered":"","protected":false},"excerpt":{"rendered":"<p>Plong\u00e9e, kayak, coucher de soleil\u00a0! Naviguez sur Phi Phi dans le luxe. Il reste peu de places, r\u00e9servez votre \u00eele de r\u00eave d\u00e8s aujourd&#039;hui\u00a0!<\/p>","protected":false},"featured_media":22554,"comment_status":"open","ping_status":"closed","template":"","meta":{"_acf_changed":false},"product_brand":[],"product_cat":[35],"product_tag":[253,83,91,341,254,51],"class_list":{"0":"post-22550","1":"product","2":"type-product","3":"status-publish","4":"has-post-thumbnail","6":"product_cat-phuket-tours","7":"product_tag-bigboat","8":"product_tag-luxury","9":"product_tag-phi-phi","10":"product_tag-phi-phi-island","11":"product_tag-phi-phi-island-from-phuket","12":"product_tag-phi-phi-islands","14":"first","15":"instock","16":"virtual","17":"sold-individually","18":"purchasable","19":"product-type-booking"},"booking_location":"","booking_location_type":"","booking_duration":1,"booking_duration_unit":"day","booking_buffer":0,"booking_cost":0,"booking_resources":[],"exclude_global_add_ons":false,"addons":[{"name":"Le transport","type":"multiple_choice","position":0,"required":true,"title_format":"label","default":"","description_enable":false,"description":"","placeholder_enable":false,"placeholder":"","display":"select","restrictions_type":"any_text","adjust_price":false,"price":"","price_type":"flat_fee","restrictions":false,"min":"0","max":"0","options":[{"label":"Without transportation (Meet at Visit Panwa Pier 08:30)","price":"","price_type":"quantity_based","image":0,"visibility":true},{"label":"With Roundtrip Transfer","price":"200","price_type":"quantity_based","image":0,"visibility":true}],"id":1704852734}],"acf":[],"_links":{"self":[{"href":"https:\/\/tours.co.th\/fr\/wp-json\/wp\/v2\/product\/22550","targetHints":{"allow":["GET"]}}],"collection":[{"href":"https:\/\/tours.co.th\/fr\/wp-json\/wp\/v2\/product"}],"about":[{"href":"https:\/\/tours.co.th\/fr\/wp-json\/wp\/v2\/types\/product"}],"replies":[{"embeddable":true,"href":"https:\/\/tours.co.th\/fr\/wp-json\/wp\/v2\/comments?post=22550"}],"version-history":[{"count":1,"href":"https:\/\/tours.co.th\/fr\/wp-json\/wp\/v2\/product\/22550\/revisions"}],"predecessor-version":[{"id":34731,"href":"https:\/\/tours.co.th\/fr\/wp-json\/wp\/v2\/product\/22550\/revisions\/34731"}],"wp:featuredmedia":[{"embeddable":true,"href":"https:\/\/tours.co.th\/fr\/wp-json\/wp\/v2\/media\/22554"}],"wp:attachment":[{"href":"https:\/\/tours.co.th\/fr\/wp-json\/wp\/v2\/media?parent=22550"}],"wp:term":[{"taxonomy":"product_brand","embeddable":true,"href":"https:\/\/tours.co.th\/fr\/wp-json\/wp\/v2\/product_brand?post=22550"},{"taxonomy":"product_cat","embeddable":true,"href":"https:\/\/tours.co.th\/fr\/wp-json\/wp\/v2\/product_cat?post=22550"},{"taxonomy":"product_tag","embeddable":true,"href":"https:\/\/tours.co.th\/fr\/wp-json\/wp\/v2\/product_tag?post=22550"}],"curies":[{"name":"wp","href":"https:\/\/api.w.org\/{rel}","templated":true}]}}