{"id":21902,"date":"2023-12-13T13:48:27","date_gmt":"2023-12-13T06:48:27","guid":{"rendered":"https:\/\/tours.co.th\/?post_type=product&#038;p=21902"},"modified":"2025-08-23T22:58:03","modified_gmt":"2025-08-23T15:58:03","slug":"private-phi-phi-island-by-speed-boat-from-krabi","status":"publish","type":"product","link":"https:\/\/tours.co.th\/fr\/private-phi-phi-island-by-speed-boat-from-krabi\/","title":{"rendered":"\u00cele Phi Phi priv\u00e9e en hors-bord depuis Krabi"},"content":{"rendered":"<div id=\"model-response-message-contentr_ed7a2690d9fb978a\" class=\"markdown markdown-main-panel stronger enable-updated-hr-color\" dir=\"ltr\">\n<h3>Excursion priv\u00e9e en hors-bord aux \u00eeles Phi Phi au d\u00e9part de Krabi<\/h3>\n<p>Embarquez pour une aventure exclusive vers un lieu \u00e0 couper le souffle <b>\u00celes Phi Phi<\/b> Lors d&#039;une excursion priv\u00e9e en hors-bord au d\u00e9part de Krabi, d\u00e9couvrez les \u00eeles Phi Phi, l&#039;un des plus beaux archipels du monde. Destination incontournable, elles offrent des paysages \u00e0 couper le souffle et des exp\u00e9riences inoubliables.<\/p>\n<p>Profitez d&#039;un confort et d&#039;une intimit\u00e9 absolus lors de votre croisi\u00e8re en mer d&#039;Andaman. Personnalisez votre journ\u00e9e \u00e0 votre guise, en passant plus de temps dans vos endroits pr\u00e9f\u00e9r\u00e9s, qu&#039;il s&#039;agisse d&#039;explorer les sites c\u00e9l\u00e8bres <b>Baie Maya<\/b>, Que ce soit pour faire de la plong\u00e9e avec tuba dans des eaux cristallines ou simplement se d\u00e9tendre sur des plages isol\u00e9es, cette excursion priv\u00e9e est id\u00e9ale pour ceux qui souhaitent fuir la foule et d\u00e9couvrir la beaut\u00e9 pr\u00e9serv\u00e9e de Phi Phi \u00e0 leur propre rythme.<\/p>\n<h3>Points forts<\/h3>\n<ul>\n<li><b>Visite priv\u00e9e :<\/b> Profitez d&#039;une exp\u00e9rience exclusive et personnalis\u00e9e.<\/li>\n<li><b>Vedette:<\/b> Voyage rapide et confortable vers les \u00eeles Phi Phi.<\/li>\n<li><b>\u00celes embl\u00e9matiques :<\/b> Visitez Maya Bay, Phi Phi Leh et bien plus encore.<\/li>\n<li><b>Plong\u00e9e en apn\u00e9e :<\/b> Explorez des r\u00e9cifs coralliens et une vie marine foisonnants.<\/li>\n<li><b>Personnalisable :<\/b> Cr\u00e9ez votre itin\u00e9raire id\u00e9al.<\/li>\n<\/ul>\n<\/div>","protected":false},"excerpt":{"rendered":"<p>Excursion priv\u00e9e aux \u00eeles Phi Phi en hors-bord depuis Krabi. Un s\u00e9jour \u00e0 Krabi serait incomplet sans une visite des \u00eeles Phi Phi, destination touristique incontournable.<\/p>","protected":false},"featured_media":35317,"comment_status":"open","ping_status":"closed","template":"","meta":{"_acf_changed":false},"product_brand":[403],"product_cat":[90],"product_tag":[94,91,53,52],"class_list":{"0":"post-21902","1":"product","2":"type-product","3":"status-publish","4":"has-post-thumbnail","6":"product_brand-krabi-tours","7":"product_cat-krabi-tours","8":"product_tag-krabi-tour","9":"product_tag-phi-phi","10":"product_tag-private","11":"product_tag-speed-boat","13":"first","14":"instock","15":"sold-individually","16":"shipping-taxable","17":"purchasable","18":"product-type-booking"},"booking_location":"","booking_location_type":"","booking_duration":1,"booking_duration_unit":"day","booking_buffer":0,"booking_cost":0,"booking_resources":[],"exclude_global_add_ons":false,"addons":[{"name":"Option bateau","type":"multiple_choice","position":0,"required":true,"title_format":"label","default":"","description_enable":false,"description":"","placeholder_enable":false,"placeholder":"","display":"select","restrictions_type":"any_text","adjust_price":false,"price":"","price_type":"flat_fee","restrictions":false,"min":"0","max":"0","options":[{"label":"1 Engine (1-15 Seats)","price":"","price_type":"flat_fee","image":0,"visibility":true},{"label":"2 Engine (1-35 Seats)","price":"7000","price_type":"flat_fee","image":0,"visibility":true},{"label":"3 Engine (1-46 Seats)","price":"18000","price_type":"flat_fee","image":0,"visibility":true}],"id":1702478864},{"name":"D\u00e9jeuner (facultatif)","type":"multiple_choice","position":1,"required":false,"title_format":"label","default":"","description_enable":false,"description":"","placeholder_enable":false,"placeholder":"","display":"select","restrictions_type":"any_text","adjust_price":false,"price":"","price_type":"flat_fee","restrictions":false,"min":"0","max":"0","options":[{"label":"Thai set menu","price":"350","price_type":"quantity_based","image":0,"visibility":true}],"id":1702478865}],"acf":[],"_links":{"self":[{"href":"https:\/\/tours.co.th\/fr\/wp-json\/wp\/v2\/product\/21902","targetHints":{"allow":["GET"]}}],"collection":[{"href":"https:\/\/tours.co.th\/fr\/wp-json\/wp\/v2\/product"}],"about":[{"href":"https:\/\/tours.co.th\/fr\/wp-json\/wp\/v2\/types\/product"}],"replies":[{"embeddable":true,"href":"https:\/\/tours.co.th\/fr\/wp-json\/wp\/v2\/comments?post=21902"}],"version-history":[{"count":6,"href":"https:\/\/tours.co.th\/fr\/wp-json\/wp\/v2\/product\/21902\/revisions"}],"predecessor-version":[{"id":35439,"href":"https:\/\/tours.co.th\/fr\/wp-json\/wp\/v2\/product\/21902\/revisions\/35439"}],"wp:featuredmedia":[{"embeddable":true,"href":"https:\/\/tours.co.th\/fr\/wp-json\/wp\/v2\/media\/35317"}],"wp:attachment":[{"href":"https:\/\/tours.co.th\/fr\/wp-json\/wp\/v2\/media?parent=21902"}],"wp:term":[{"taxonomy":"product_brand","embeddable":true,"href":"https:\/\/tours.co.th\/fr\/wp-json\/wp\/v2\/product_brand?post=21902"},{"taxonomy":"product_cat","embeddable":true,"href":"https:\/\/tours.co.th\/fr\/wp-json\/wp\/v2\/product_cat?post=21902"},{"taxonomy":"product_tag","embeddable":true,"href":"https:\/\/tours.co.th\/fr\/wp-json\/wp\/v2\/product_tag?post=21902"}],"curies":[{"name":"wp","href":"https:\/\/api.w.org\/{rel}","templated":true}]}}