{"id":16708,"date":"2023-05-04T23:36:00","date_gmt":"2023-05-04T16:36:00","guid":{"rendered":"https:\/\/tours.co.th\/?post_type=product&#038;p=16708"},"modified":"2025-08-11T15:38:24","modified_gmt":"2025-08-11T08:38:24","slug":"koh-lipe-outside-zone-snorkeling-trip-by-longtail-boat","status":"publish","type":"product","link":"https:\/\/tours.co.th\/fr\/koh-lipe-outside-zone-snorkeling-trip-by-longtail-boat\/","title":{"rendered":"Excursion de plong\u00e9e en apn\u00e9e dans la zone ext\u00e9rieure de Koh Lipe en bateau Longtail"},"content":{"rendered":"<div id=\"chat-history\" class=\"chat-history-scroll-container\">\n<div id=\"8cacf138e71e6cfb\" class=\"conversation-container message-actions-hover-boundary ng-star-inserted\">\n<div class=\"response-container ng-tns-c4147715887-183 response-container-with-gpi ng-star-inserted response-container-has-multiple-responses\">\n<div class=\"presented-response-container ng-tns-c4147715887-183\">\n<div class=\"response-container-content ng-tns-c4147715887-183\">\n<div class=\"response-content ng-tns-c4147715887-183\">\n<div id=\"model-response-message-contentr_8cacf138e71e6cfb\" class=\"markdown markdown-main-panel stronger enable-updated-hr-color\" dir=\"ltr\">\n<h3>Excursion de plong\u00e9e en apn\u00e9e en bateau \u00e0 longue queue dans la zone ext\u00e9rieure de Koh Lipe<\/h3>\n<p>Partez pour une journ\u00e9e d&#039;exploration sous-marine spectaculaire dans la \u201c\u00a0zone ext\u00e9rieure\u00a0\u201d de Koh Lipe, un archipel d&#039;\u00eeles isol\u00e9es abritant certains des \u00e9cosyst\u00e8mes marins les plus pr\u00e9serv\u00e9s et les plus riches de Tha\u00eflande. Cette excursion est id\u00e9ale pour ceux qui recherchent une exp\u00e9rience plus intime et enrichissante, loin de l&#039;\u00eele principale.<br \/>\nVotre excursion \u00e0 bord d&#039;un bateau traditionnel \u00e0 longue queue, une exp\u00e9rience incontournable des \u00eeles tha\u00eflandaises, vous m\u00e8nera vers une s\u00e9rie de destinations exceptionnelles. D\u00e9couvrez les c\u00e9l\u00e8bres <b>\u00cele de Jabang<\/b>, o\u00f9 des pinacles sous-marins sont recouverts de coraux mous rares aux sept couleurs. Explorez <b>Koh Hin Son<\/b>, r\u00e9put\u00e9 pour ses formations rocheuses empil\u00e9es uniques, et vous pourrez faire de la plong\u00e9e avec tuba dans les eaux environnantes regorgeant de poissons multicolores. Vous visiterez \u00e9galement <b>Koh Rawi<\/b> Pour un d\u00e9jeuner relaxant sur une plage de sable blanc immacul\u00e9e, d\u00e9couvrez la diversit\u00e9 des coraux durs et de la vie marine environnante. <b>Koh Yang<\/b>.<\/p>\n<p>L&#039;excursion dans la zone ext\u00e9rieure est un v\u00e9ritable paradis pour les amateurs de plong\u00e9e avec tuba, offrant une incroyable vari\u00e9t\u00e9 de vie marine, notamment des poissons-clowns, des poissons-perroquets et m\u00eame la possibilit\u00e9 d&#039;apercevoir une tortue de mer. Accompagn\u00e9s d&#039;un capitaine local professionnel, vous pourrez vous d\u00e9tendre et vous immerger pleinement dans les merveilles naturelles du parc national marin de Tarutao.<\/p>\n<h3>Points forts<\/h3>\n<ul>\n<li><b>R\u00e9cifs coralliens vierges\u00a0:<\/b> Explorez en plong\u00e9e libre un kal\u00e9idoscope de couleurs, notamment les sept couleurs uniques des coraux mous de Jabang.<\/li>\n<li><b>\u00celes embl\u00e9matiques :<\/b> Explorez une s\u00e9rie d&#039;\u00eeles magnifiques comme Hin Son, Rawi et Yang.<\/li>\n<li><b>Bateau \u00e0 longue queue traditionnel :<\/b> Profitez d&#039;une authentique et charmante excursion en bateau \u00e0 longue queue.<\/li>\n<li><b>Vie marine diversifi\u00e9e :<\/b> D\u00e9couvrez une grande vari\u00e9t\u00e9 de poissons tropicaux, de tortues marines et d&#039;autres cr\u00e9atures \u00e9tonnantes.<\/li>\n<li><b>Plages isol\u00e9es :<\/b> D\u00e9tendez-vous et d\u00e9jeunez sur de magnifiques plages isol\u00e9es, loin de la foule.<\/li>\n<li><b>Capitaine local professionnel :<\/b> Voyagez avec un guide local exp\u00e9riment\u00e9 qui conna\u00eet tous les meilleurs endroits.<\/li>\n<\/ul>\n<\/div>\n<\/div>\n<\/div>\n<\/div>\n<\/div>\n<\/div>\n<\/div>","protected":false},"excerpt":{"rendered":"<p>Partez \u00e0 l&#039;aventure en excursion de plong\u00e9e avec tuba autour des \u00eeles de Koh Lipe, Hin Son, Ror Kloy, Koh Phueng, Koh Dong, Koh Phai et Hin Ngam. Ce programme vous emm\u00e8nera d\u00e9couvrir des \u00eeles et des r\u00e9cifs coralliens \u00e0 couper le souffle. Profitez d&#039;une balade en bateau traditionnel \u00e0 longue queue en toute s\u00e9curit\u00e9, pilot\u00e9 par un capitaine professionnel.<\/p>","protected":false},"featured_media":16714,"comment_status":"open","ping_status":"closed","template":"","meta":{"_acf_changed":false},"product_brand":[],"product_cat":[289],"product_tag":[],"class_list":{"0":"post-16708","1":"product","2":"type-product","3":"status-publish","4":"has-post-thumbnail","6":"product_cat-lipe-tours","8":"first","9":"instock","10":"virtual","11":"sold-individually","12":"purchasable","13":"product-type-booking"},"booking_location":"","booking_location_type":"","booking_duration":1,"booking_duration_unit":"day","booking_buffer":0,"booking_cost":0,"booking_resources":[],"exclude_global_add_ons":[],"addons":[],"acf":[],"_links":{"self":[{"href":"https:\/\/tours.co.th\/fr\/wp-json\/wp\/v2\/product\/16708","targetHints":{"allow":["GET"]}}],"collection":[{"href":"https:\/\/tours.co.th\/fr\/wp-json\/wp\/v2\/product"}],"about":[{"href":"https:\/\/tours.co.th\/fr\/wp-json\/wp\/v2\/types\/product"}],"replies":[{"embeddable":true,"href":"https:\/\/tours.co.th\/fr\/wp-json\/wp\/v2\/comments?post=16708"}],"version-history":[{"count":1,"href":"https:\/\/tours.co.th\/fr\/wp-json\/wp\/v2\/product\/16708\/revisions"}],"predecessor-version":[{"id":35033,"href":"https:\/\/tours.co.th\/fr\/wp-json\/wp\/v2\/product\/16708\/revisions\/35033"}],"wp:featuredmedia":[{"embeddable":true,"href":"https:\/\/tours.co.th\/fr\/wp-json\/wp\/v2\/media\/16714"}],"wp:attachment":[{"href":"https:\/\/tours.co.th\/fr\/wp-json\/wp\/v2\/media?parent=16708"}],"wp:term":[{"taxonomy":"product_brand","embeddable":true,"href":"https:\/\/tours.co.th\/fr\/wp-json\/wp\/v2\/product_brand?post=16708"},{"taxonomy":"product_cat","embeddable":true,"href":"https:\/\/tours.co.th\/fr\/wp-json\/wp\/v2\/product_cat?post=16708"},{"taxonomy":"product_tag","embeddable":true,"href":"https:\/\/tours.co.th\/fr\/wp-json\/wp\/v2\/product_tag?post=16708"}],"curies":[{"name":"wp","href":"https:\/\/api.w.org\/{rel}","templated":true}]}}