{"id":16693,"date":"2023-05-04T22:17:58","date_gmt":"2023-05-04T15:17:58","guid":{"rendered":"https:\/\/tours.co.th\/?post_type=product&#038;p=16693"},"modified":"2025-06-16T02:37:43","modified_gmt":"2025-06-15T19:37:43","slug":"koh-lipe-snorkeling-inside-zone-longtail-trip","status":"publish","type":"product","link":"https:\/\/tours.co.th\/fr\/koh-lipe-snorkeling-inside-zone-longtail-trip\/","title":{"rendered":"Koh Lipe Snorkeling\u00a0: Excursion en Longtail dans la zone int\u00e9rieure"},"content":{"rendered":"<div class=\"markdown markdown-main-panel response-optimization stronger\" dir=\"ltr\">\n<p data-sourcepos=\"1:1-1:78\"><strong>Aventure de plong\u00e9e avec tuba \u00e0 Koh Lipe\u00a0: d\u00e9couvrez des \u00eeles et des r\u00e9cifs coralliens \u00e9poustouflants<\/strong><\/p>\n<p data-sourcepos=\"3:1-3:372\">Embarquez pour une aventure inoubliable de snorkeling autour des \u00eeles les plus \u00e9poustouflantes de Koh Lipe ! Explorez les merveilles sous-marines d&#039;Adang, Hin Ngam, Rawi, Jabung et Koh Yang, chacune dot\u00e9e de r\u00e9cifs coralliens luxuriants et d&#039;une vie marine diversifi\u00e9e. Notre capitaine exp\u00e9riment\u00e9 vous assure une travers\u00e9e en bateau longtail confortable et s\u00e9curis\u00e9e, pour vous d\u00e9tendre et admirer la beaut\u00e9 de la mer d&#039;Andaman.<\/p>\n<p data-sourcepos=\"5:1-5:15\"><strong>Points forts:<\/strong><\/p>\n<ul data-sourcepos=\"7:1-13:0\">\n<li data-sourcepos=\"7:1-7:89\"><strong>Excursion sur l'\u00eele :<\/strong> D\u00e9couvrez le charme unique des multiples \u00eeles entourant Koh Lipe.<\/li>\n<li data-sourcepos=\"8:1-8:97\"><strong>R\u00e9cifs coralliens dynamiques :<\/strong> Faites de la plong\u00e9e avec tuba dans des eaux cristallines et admirez un kal\u00e9idoscope de couleurs.<\/li>\n<li data-sourcepos=\"9:1-9:110\"><strong>Vie marine diversifi\u00e9e :<\/strong> Rencontrez une vari\u00e9t\u00e9 de poissons tropicaux, de tortues de mer et d\u2019autres cr\u00e9atures fascinantes.<\/li>\n<li data-sourcepos=\"10:1-10:84\"><strong>Exp\u00e9rience en bateau \u00e0 longue queue :<\/strong> Profitez d&#039;une excursion en bateau tha\u00eflandais traditionnel et authentique.<\/li>\n<li data-sourcepos=\"11:1-11:101\"><strong>Capitaine professionnel :<\/strong> D\u00e9tendez-vous avec l&#039;assurance d&#039;un voyage s\u00fbr et confortable dirig\u00e9 par un expert.<\/li>\n<li data-sourcepos=\"12:1-13:0\"><strong>Souvenirs inoubliables :<\/strong> Cr\u00e9ez des souvenirs durables en explorant le paradis sous-marin de Koh Lipe.<\/li>\n<\/ul>\n<p data-sourcepos=\"14:1-14:96\"><strong>R\u00e9servez votre aventure de plong\u00e9e en apn\u00e9e \u00e0 Koh Lipe d\u00e8s aujourd&#039;hui et d\u00e9couvrez la beaut\u00e9 de la mer d&#039;Andaman !<\/strong><\/p>\n<\/div>","protected":false},"excerpt":{"rendered":"<div class=\"markdown markdown-main-panel response-optimization stronger\" dir=\"ltr\">\n<p data-sourcepos=\"3:1-3:232\">Explorez les magnifiques \u00eeles et r\u00e9cifs autour de Koh Lipe lors d&#039;une excursion en bateau \u00e0 longue queue. Visitez Adang, Hin Ngam, Rawi, Jabung et Koh Yang. Vivez une exp\u00e9rience de plong\u00e9e en apn\u00e9e inoubliable et en toute s\u00e9curit\u00e9 avec un capitaine professionnel. R\u00e9servez votre aventure d\u00e8s aujourd&#039;hui\u00a0!<\/p>\n<\/div>","protected":false},"featured_media":16695,"comment_status":"open","ping_status":"closed","template":"","meta":{"_acf_changed":false},"product_brand":[],"product_cat":[289],"product_tag":[303],"class_list":{"0":"post-16693","1":"product","2":"type-product","3":"status-publish","4":"has-post-thumbnail","6":"product_cat-lipe-tours","7":"product_tag-koh-lipe","9":"first","10":"instock","11":"virtual","12":"sold-individually","13":"purchasable","14":"product-type-booking"},"booking_location":"","booking_location_type":"","booking_duration":1,"booking_duration_unit":"day","booking_buffer":0,"booking_cost":0,"booking_resources":[],"exclude_global_add_ons":[],"addons":[],"acf":[],"_links":{"self":[{"href":"https:\/\/tours.co.th\/fr\/wp-json\/wp\/v2\/product\/16693","targetHints":{"allow":["GET"]}}],"collection":[{"href":"https:\/\/tours.co.th\/fr\/wp-json\/wp\/v2\/product"}],"about":[{"href":"https:\/\/tours.co.th\/fr\/wp-json\/wp\/v2\/types\/product"}],"replies":[{"embeddable":true,"href":"https:\/\/tours.co.th\/fr\/wp-json\/wp\/v2\/comments?post=16693"}],"version-history":[{"count":0,"href":"https:\/\/tours.co.th\/fr\/wp-json\/wp\/v2\/product\/16693\/revisions"}],"wp:featuredmedia":[{"embeddable":true,"href":"https:\/\/tours.co.th\/fr\/wp-json\/wp\/v2\/media\/16695"}],"wp:attachment":[{"href":"https:\/\/tours.co.th\/fr\/wp-json\/wp\/v2\/media?parent=16693"}],"wp:term":[{"taxonomy":"product_brand","embeddable":true,"href":"https:\/\/tours.co.th\/fr\/wp-json\/wp\/v2\/product_brand?post=16693"},{"taxonomy":"product_cat","embeddable":true,"href":"https:\/\/tours.co.th\/fr\/wp-json\/wp\/v2\/product_cat?post=16693"},{"taxonomy":"product_tag","embeddable":true,"href":"https:\/\/tours.co.th\/fr\/wp-json\/wp\/v2\/product_tag?post=16693"}],"curies":[{"name":"wp","href":"https:\/\/api.w.org\/{rel}","templated":true}]}}