{"id":27501,"date":"2024-09-06T08:24:45","date_gmt":"2024-09-06T01:24:45","guid":{"rendered":"https:\/\/tours.co.th\/?page_id=27501"},"modified":"2024-09-06T11:32:13","modified_gmt":"2024-09-06T04:32:13","slug":"faq","status":"publish","type":"page","link":"https:\/\/tours.co.th\/fr\/faq\/","title":{"rendered":"FAQ"},"content":{"rendered":"<div id=\"rank-math-faq\" class=\"rank-math-block\">\n<div class=\"rank-math-list\">\n<div id=\"faq-question-1725584700246\" class=\"rank-math-list-item\">\n<h3 class=\"rank-math-question h1\">Votre site web est-il s\u00fbr \u00e0 utiliser\u00a0?<\/h3>\n<div class=\"rank-math-answer h2\">\n\n<p><strong>Activit\u00e9 l\u00e9gitime :<\/strong> Nous sommes une soci\u00e9t\u00e9 tha\u00eflandaise enregistr\u00e9e avec une assurance responsabilit\u00e9 civile de 4 millions de bahts.<br \/><strong>Partenaires de confiance :<\/strong> Nous vendons exclusivement des produits provenant d&#039;op\u00e9rateurs touristiques agr\u00e9\u00e9s.<br \/><strong>Paiements s\u00e9curis\u00e9s\u00a0:<\/strong> Vos donn\u00e9es de carte bancaire sont en s\u00e9curit\u00e9 avec Stripe ou PayPal. Nous ne traitons jamais directement vos informations de carte.<br \/><strong>Protection de l&#039;acheteur\u00a0:<\/strong> Nous respectons toutes les politiques de protection des acheteurs mises en \u0153uvre par les soci\u00e9t\u00e9s de paiement et de cartes de cr\u00e9dit.<br \/><strong>L&#039;int\u00e9grit\u00e9 avant tout :<\/strong> Nous sommes attach\u00e9s \u00e0 des pratiques commerciales \u00e9thiques et \u00e0 la satisfaction de nos clients.<br \/><strong>Exp\u00e9rience:<\/strong> Nous avons des ann\u00e9es d&#039;exp\u00e9rience dans le secteur du tourisme tha\u00eflandais.<br \/><strong>Consultez nos avis\u00a0:<\/strong> Vous h\u00e9sitez encore\u00a0? Consultez les avis de nos clients sur Trustindex.<\/p>\n\n<\/div>\n<\/div>\n<div id=\"faq-question-1725585033646\" class=\"rank-math-list-item\">\n<h3 class=\"rank-math-question h1\">Au secours ! Mon transport n&#039;est jamais arriv\u00e9.<\/h3>\n<div class=\"rank-math-answer h2\">\n\n<p><strong>Transport partag\u00e9 :<\/strong> La plupart des navettes d&#039;h\u00f4tel sont partag\u00e9es avec d&#039;autres voyageurs, ce qui peut entra\u00eener de l\u00e9gers retards.<br \/><strong>La patience est essentielle :<\/strong> Veuillez pr\u00e9voir quelques minutes suppl\u00e9mentaires pour l&#039;arriv\u00e9e de votre chauffeur.<br \/><strong>La r\u00e8gle des 30 minutes :<\/strong> Si votre chauffeur a plus de 20 minutes de retard, appelez imm\u00e9diatement notre num\u00e9ro d&#039;urgence.<\/p>\n\n<\/div>\n<\/div>\n<div id=\"faq-question-1725585183481\" class=\"rank-math-list-item\">\n<h3 class=\"rank-math-question h1\">Assistance 24h\/24 et 7j\/7 en Tha\u00eflande<\/h3>\n<div class=\"rank-math-answer h2\">\n\n<p>Num\u00e9ro d&#039;urgence fourni\u00a0: Votre bon comprend un num\u00e9ro de t\u00e9l\u00e9phone d\u00e9di\u00e9 pour une assistance imm\u00e9diate avant ou pendant votre voyage. Vous pouvez \u00e9galement nous contacter par courriel \u00e0 l&#039;adresse info@tours.co.th<\/p>\n\n<\/div>\n<\/div>\n<div id=\"faq-question-1725585441908\" class=\"rank-math-list-item\">\n<h3 class=\"rank-math-question h1\">Est-il possible de modifier les dates de mon voyage\u00a0?<\/h3>\n<div class=\"rank-math-answer h2\">\n\n<p>Besoin de reporter votre r\u00e9servation\u00a0? Aucun probl\u00e8me\u00a0! Il vous suffit de nous pr\u00e9venir 24\u00a0heures \u00e0 l\u2019avance par e-mail \u00e0 l\u2019adresse info@tours.co.th.<\/p>\n\n<\/div>\n<\/div>\n<div id=\"faq-question-1725585475459\" class=\"rank-math-list-item\">\n<h3 class=\"rank-math-question h1\">Comment annuler ma r\u00e9servation<\/h3>\n<div class=\"rank-math-answer h2\">\n\n<p>Remboursement int\u00e9gral garanti\u00a0: annulation possible jusqu\u2019\u00e0 24\u00a0heures \u00e0 l\u2019avance (articles en vente finale exclus).<\/p>\n\n<\/div>\n<\/div>\n<div id=\"faq-question-1725585798163\" class=\"rank-math-list-item\">\n<h3 class=\"rank-math-question h1\">Ai-je besoin d&#039;un billet imprim\u00e9 ?<\/h3>\n<div class=\"rank-math-answer h2\">\n\n<p><strong>PASSEZ AU VERT ! \ud83c\udf3f Laissez tomber le papier, montrez votre mobile !<\/strong><\/p>\n\n<\/div>\n<\/div>\n<div id=\"faq-question-1725586371982\" class=\"rank-math-list-item\">\n<h3 class=\"rank-math-question h1\">Voyage annul\u00e9 en raison des conditions m\u00e9t\u00e9orologiques \u2013 puis-je obtenir un remboursement\u00a0?<\/h3>\n<div class=\"rank-math-answer h2\">\n\n<p>Mauvais temps\u00a0? Annulation ou report gratuits. Remboursement int\u00e9gral garanti\u00a0!<\/p>\n\n<\/div>\n<\/div>\n<\/div>\n<\/div>","protected":false},"excerpt":{"rendered":"","protected":false},"author":1,"featured_media":27553,"parent":0,"menu_order":0,"comment_status":"closed","ping_status":"closed","template":"","meta":{"_acf_changed":false,"footnotes":""},"class_list":["post-27501","page","type-page","status-publish","has-post-thumbnail","hentry"],"acf":[],"_links":{"self":[{"href":"https:\/\/tours.co.th\/fr\/wp-json\/wp\/v2\/pages\/27501","targetHints":{"allow":["GET"]}}],"collection":[{"href":"https:\/\/tours.co.th\/fr\/wp-json\/wp\/v2\/pages"}],"about":[{"href":"https:\/\/tours.co.th\/fr\/wp-json\/wp\/v2\/types\/page"}],"author":[{"embeddable":true,"href":"https:\/\/tours.co.th\/fr\/wp-json\/wp\/v2\/users\/1"}],"replies":[{"embeddable":true,"href":"https:\/\/tours.co.th\/fr\/wp-json\/wp\/v2\/comments?post=27501"}],"version-history":[{"count":0,"href":"https:\/\/tours.co.th\/fr\/wp-json\/wp\/v2\/pages\/27501\/revisions"}],"wp:featuredmedia":[{"embeddable":true,"href":"https:\/\/tours.co.th\/fr\/wp-json\/wp\/v2\/media\/27553"}],"wp:attachment":[{"href":"https:\/\/tours.co.th\/fr\/wp-json\/wp\/v2\/media?parent=27501"}],"curies":[{"name":"wp","href":"https:\/\/api.w.org\/{rel}","templated":true}]}}