{"id":33623,"date":"2025-05-25T18:42:56","date_gmt":"2025-05-25T11:42:56","guid":{"rendered":"https:\/\/tours.co.th\/?post_type=product&#038;p=33623"},"modified":"2025-08-06T22:46:52","modified_gmt":"2025-08-06T15:46:52","slug":"phang-nga-bay-hong-island-by-speedboat-from-phuket","status":"publish","type":"product","link":"https:\/\/tours.co.th\/es\/phang-nga-bay-hong-island-by-speedboat-from-phuket\/","title":{"rendered":"Bah\u00eda de Phang Nga e isla Hong en lancha r\u00e1pida desde Phuket."},"content":{"rendered":"<div id=\"model-response-message-contentr_2879be26e415f41a\" class=\"markdown markdown-main-panel stronger enable-updated-hr-color\" dir=\"ltr\">\n<div id=\"model-response-message-contentr_51f818ab8cc6c484\" class=\"markdown markdown-main-panel stronger enable-updated-hr-color\" dir=\"ltr\">\n<p data-sourcepos=\"1:1-1:69\"><strong>Krabi y la bah\u00eda de Phang Nga: La aventura definitiva en un para\u00edso insular.<\/strong><\/p>\n<p data-sourcepos=\"3:1-3:259\">Emb\u00e1rcate en una inolvidable excursi\u00f3n de un d\u00eda completo por las islas, explorando la impresionante belleza natural de Krabi y la bah\u00eda de Phang Nga. Esta aventura te ofrece una combinaci\u00f3n perfecta de relajaci\u00f3n, exploraci\u00f3n y paisajes espectaculares en islas emblem\u00e1ticas y rincones secretos.<\/p>\n<p data-sourcepos=\"5:1-5:321\">Descubra el pintoresco <strong>Isla Lao Lading<\/strong>, con su acogedora playa enclavada entre escarpados acantilados y vegetaci\u00f3n tropical, perfecta para nadar y capturar hermosas fotos. Sea testigo de la singularidad <strong>Cueva del Nido de P\u00e1jaro<\/strong> en Lao Kar y sum\u00e9rjase en las aguas cristalinas de <strong>Ao Kar<\/strong> para un incre\u00edble <strong>esn\u00f3rquel<\/strong> experiencia.<\/p>\n<p data-sourcepos=\"7:1-7:472\">Viaje hacia la serenidad <strong>Laguna de la isla Hong<\/strong> antes de pisar las largas playas de arena blanca de <strong>Isla Hong<\/strong>, un Parque Nacional designado ideal para relajarse, practicar snorkel o dar un paseo tranquilo por la selva. Ascienda a su <strong>Punto de vista<\/strong> para disfrutar de vistas panor\u00e1micas incomparables de la costa de Krabi. En el camino, tome fotos en <strong>Isla de los monos<\/strong> y capturar la vista \u00fanica de las dos islas emblem\u00e1ticas que marcan el <strong>puesto fronterizo de las provincias de Phang Nga y Krabi<\/strong>.<\/p>\n<p data-sourcepos=\"9:1-9:330\">Pasea por el famoso <strong>Laem ten\u00eda Koh Yaw escupiendo arena<\/strong>, un paisaje cinematogr\u00e1fico de arena blanca como la nieve y palmeras meci\u00e9ndose. Concluya su odisea isle\u00f1a en <strong>Isla Naka<\/strong>, donde puedes relajarte en la playa o a\u00f1adir una emoci\u00f3n extra con actividades opcionales como <strong>Esqu\u00ed acu\u00e1tico, paseo en banana boat o parasailing<\/strong> (Se aplican cargos adicionales).<\/p>\n<p data-sourcepos=\"11:1-11:163\">Su d\u00eda incluye c\u00f3modos traslados desde su hotel y de regreso al muelle, lo que garantiza una exploraci\u00f3n fluida e inolvidable de las islas m\u00e1s cautivadoras de Tailandia.<\/p>\n<\/div>\n<\/div>","protected":false},"excerpt":{"rendered":"<p>Krabi &amp; Phang Nga Bay Island Hopping\u00a0Explore stunning islands, snorkel, swim, and relax on white-sand beaches. Visit iconic spots like Hong Island &amp; Laem Had Koh Yaw. Book your adventure!<\/p>","protected":false},"featured_media":33660,"comment_status":"open","ping_status":"closed","template":"","meta":{"_acf_changed":false},"product_brand":[401],"product_cat":[35],"product_tag":[159,158,412,413],"class_list":{"0":"post-33623","1":"product","2":"type-product","3":"status-publish","4":"has-post-thumbnail","6":"product_brand-phuket-tours","7":"product_cat-phuket-tours","8":"product_tag-hong-island","9":"product_tag-krabi","10":"product_tag-lao-lading-island","11":"product_tag-monkey-island","13":"first","14":"instock","15":"sold-individually","16":"shipping-taxable","17":"purchasable","18":"product-type-booking"},"booking_location":"","booking_location_type":"","booking_duration":1,"booking_duration_unit":"day","booking_buffer":0,"booking_cost":0,"booking_resources":[],"exclude_global_add_ons":[],"addons":[],"acf":[],"_links":{"self":[{"href":"https:\/\/tours.co.th\/es\/wp-json\/wp\/v2\/product\/33623","targetHints":{"allow":["GET"]}}],"collection":[{"href":"https:\/\/tours.co.th\/es\/wp-json\/wp\/v2\/product"}],"about":[{"href":"https:\/\/tours.co.th\/es\/wp-json\/wp\/v2\/types\/product"}],"replies":[{"embeddable":true,"href":"https:\/\/tours.co.th\/es\/wp-json\/wp\/v2\/comments?post=33623"}],"version-history":[{"count":8,"href":"https:\/\/tours.co.th\/es\/wp-json\/wp\/v2\/product\/33623\/revisions"}],"predecessor-version":[{"id":34503,"href":"https:\/\/tours.co.th\/es\/wp-json\/wp\/v2\/product\/33623\/revisions\/34503"}],"wp:featuredmedia":[{"embeddable":true,"href":"https:\/\/tours.co.th\/es\/wp-json\/wp\/v2\/media\/33660"}],"wp:attachment":[{"href":"https:\/\/tours.co.th\/es\/wp-json\/wp\/v2\/media?parent=33623"}],"wp:term":[{"taxonomy":"product_brand","embeddable":true,"href":"https:\/\/tours.co.th\/es\/wp-json\/wp\/v2\/product_brand?post=33623"},{"taxonomy":"product_cat","embeddable":true,"href":"https:\/\/tours.co.th\/es\/wp-json\/wp\/v2\/product_cat?post=33623"},{"taxonomy":"product_tag","embeddable":true,"href":"https:\/\/tours.co.th\/es\/wp-json\/wp\/v2\/product_tag?post=33623"}],"curies":[{"name":"wp","href":"https:\/\/api.w.org\/{rel}","templated":true}]}}