{"id":3199,"date":"2022-04-16T23:35:38","date_gmt":"2022-04-16T16:35:38","guid":{"rendered":"https:\/\/tours.co.th\/?post_type=product&#038;p=3199"},"modified":"2025-11-18T02:45:31","modified_gmt":"2025-11-17T19:45:31","slug":"eco-jungle-safari-koh-samui-highlights","status":"publish","type":"product","link":"https:\/\/tours.co.th\/es\/eco-jungle-safari-koh-samui-highlights\/","title":{"rendered":"Lo m\u00e1s destacado del Eco Jungle Safari y Koh Samui"},"content":{"rendered":"<div id=\"model-response-message-contentr_3fc041b809cd7622\" class=\"markdown markdown-main-panel stronger\" dir=\"ltr\">\n<p data-sourcepos=\"1:1-1:69\"><strong>Safari ecol\u00f3gico por la jungla de Koh Samui: explora los tesoros de la isla en un jeep 4\u00d74<\/strong><\/p>\n<p data-sourcepos=\"3:1-3:425\">Ad\u00e9ntrate en la belleza natural de Koh Samui con nuestro inmersivo Eco Jungle Safari. Este tour \u00fanico ofrece una exploraci\u00f3n inolvidable de las joyas ocultas de la isla, combinando aventura con pr\u00e1cticas sostenibles. Viaja en un robusto jeep militar 4x4, alcanzando miradores panor\u00e1micos y descubriendo lugares emblem\u00e1ticos como las Rocas del Abuelo\/Abuela, el sereno templo del Monje Momificado y la imponente cascada de Namuang.<\/p>\n<p data-sourcepos=\"5:1-5:15\"><strong>Reflejos:<\/strong><\/p>\n<ul data-sourcepos=\"7:1-15:0\">\n<li data-sourcepos=\"7:1-7:108\"><strong>Aventura en Jeep 4\u00d74:<\/strong> Experimente la emoci\u00f3n de la exploraci\u00f3n todoterreno a trav\u00e9s de los exuberantes paisajes de Koh Samui.<\/li>\n<li data-sourcepos=\"8:1-8:104\"><strong>Exploraci\u00f3n ecol\u00f3gica:<\/strong> Descubra la belleza de la isla minimizando su impacto ambiental.<\/li>\n<li data-sourcepos=\"9:1-9:89\"><strong>Lugares emblem\u00e1ticos:<\/strong> Visita las famosas Rocas del Abuelo\/Abuela, una maravilla natural.<\/li>\n<li data-sourcepos=\"10:1-10:103\"><strong>Inmersi\u00f3n cultural:<\/strong> Descubra el tranquilo templo del Monje Momificado y aprenda sobre las tradiciones locales.<\/li>\n<li data-sourcepos=\"11:1-11:97\"><strong>Cascada de Namuang:<\/strong> Refr\u00e9scate en las frescas aguas de esta impresionante atracci\u00f3n natural.<\/li>\n<li data-sourcepos=\"12:1-12:100\"><strong>Miradores panor\u00e1micos:<\/strong> Capture impresionantes vistas panor\u00e1micas de la costa y el interior de Koh Samui.<\/li>\n<li data-sourcepos=\"13:1-13:91\"><strong>Visitas a plantaciones:<\/strong> Vea las plantaciones locales y aprenda sobre la agricultura de las islas.<\/li>\n<li data-sourcepos=\"14:1-15:0\"><strong>Experiencia \u00fanica:<\/strong> Cree recuerdos duraderos en un recorrido que combina aventura, cultura y naturaleza.<\/li>\n<\/ul>\n<p data-sourcepos=\"16:1-16:91\"><strong>\u00a1Reserve hoy su Koh Samui Eco Jungle Safari y descubra los tesoros ocultos de la isla!<\/strong><\/p>\n<\/div>","protected":false},"excerpt":{"rendered":"<p>Explore Jungle Safari Koh Samui&#8217;s beauty eco-friendly! See Grandfathers\/Grandmother rocks, Mummified monks, + Namuang Waterfall. Enjoy off-road thrills &amp; mountain viewpoints by 4&#215;4.<\/p>","protected":false},"featured_media":3218,"comment_status":"open","ping_status":"closed","template":"","meta":{"_acf_changed":false},"product_brand":[404],"product_cat":[161],"product_tag":[167,120,118,55,162,115,168,165,163],"class_list":{"0":"post-3199","1":"product","2":"type-product","3":"status-publish","4":"has-post-thumbnail","6":"product_brand-samui-tours","7":"product_cat-koh-samui-tours","8":"product_tag-4x4","9":"product_tag-adventure-tour","10":"product_tag-city-tour","11":"product_tag-city-tours","12":"product_tag-koh-samui-tours","13":"product_tag-land-tour","14":"product_tag-safari","15":"product_tag-samui","16":"product_tag-samui-tours","18":"first","19":"instock","20":"featured","21":"virtual","22":"sold-individually","23":"purchasable","24":"product-type-booking"},"booking_location":"","booking_location_type":"","booking_duration":1,"booking_duration_unit":"day","booking_buffer":0,"booking_cost":0,"booking_resources":[],"exclude_global_add_ons":[],"addons":[],"acf":[],"_links":{"self":[{"href":"https:\/\/tours.co.th\/es\/wp-json\/wp\/v2\/product\/3199","targetHints":{"allow":["GET"]}}],"collection":[{"href":"https:\/\/tours.co.th\/es\/wp-json\/wp\/v2\/product"}],"about":[{"href":"https:\/\/tours.co.th\/es\/wp-json\/wp\/v2\/types\/product"}],"replies":[{"embeddable":true,"href":"https:\/\/tours.co.th\/es\/wp-json\/wp\/v2\/comments?post=3199"}],"version-history":[{"count":0,"href":"https:\/\/tours.co.th\/es\/wp-json\/wp\/v2\/product\/3199\/revisions"}],"wp:featuredmedia":[{"embeddable":true,"href":"https:\/\/tours.co.th\/es\/wp-json\/wp\/v2\/media\/3218"}],"wp:attachment":[{"href":"https:\/\/tours.co.th\/es\/wp-json\/wp\/v2\/media?parent=3199"}],"wp:term":[{"taxonomy":"product_brand","embeddable":true,"href":"https:\/\/tours.co.th\/es\/wp-json\/wp\/v2\/product_brand?post=3199"},{"taxonomy":"product_cat","embeddable":true,"href":"https:\/\/tours.co.th\/es\/wp-json\/wp\/v2\/product_cat?post=3199"},{"taxonomy":"product_tag","embeddable":true,"href":"https:\/\/tours.co.th\/es\/wp-json\/wp\/v2\/product_tag?post=3199"}],"curies":[{"name":"wp","href":"https:\/\/api.w.org\/{rel}","templated":true}]}}