{"id":1418,"date":"2022-03-21T16:18:05","date_gmt":"2022-03-21T09:18:05","guid":{"rendered":"https:\/\/thaihotels.ir\/?post_type=product&#038;p=1418"},"modified":"2025-11-18T02:30:26","modified_gmt":"2025-11-17T19:30:26","slug":"best-of-phuket-half-day-city-tour-atv-experience","status":"publish","type":"product","link":"https:\/\/tours.co.th\/es\/best-of-phuket-half-day-city-tour-atv-experience\/","title":{"rendered":"Recorrido de medio d\u00eda por la ciudad y experiencia en veh\u00edculos todoterreno"},"content":{"rendered":"<div class=\"markdown markdown-main-panel\" dir=\"ltr\">\n<p data-sourcepos=\"1:1-1:68\"><strong>Ciudad de Phuket y aventura en todoterreno: \u00a1cultura, templos y emociones!<\/strong><\/p>\n<p data-sourcepos=\"3:1-3:317\">\u00a1Vive lo mejor de Phuket en un inolvidable tour de medio d\u00eda! Sum\u00e9rgete en la rica cultura de la isla con visitas al impresionante templo Wat Chalong y al ic\u00f3nico Gran Buda, donde te esperan vistas panor\u00e1micas. Despu\u00e9s, sube la adrenalina con una emocionante aventura de 30 minutos en quad por los exuberantes senderos de la selva.<\/p>\n<p data-sourcepos=\"5:1-5:15\"><strong>Reflejos:<\/strong><\/p>\n<ul data-sourcepos=\"7:1-13:0\">\n<li data-sourcepos=\"7:1-7:113\"><strong>Inmersi\u00f3n cultural:<\/strong> Explore la arquitectura chino-portuguesa de Phuket y visite el venerado templo Wat Chalong.<\/li>\n<li data-sourcepos=\"8:1-8:131\"><strong>Majestuosidad del Gran Buda:<\/strong> Sea testigo de la grandeza del Gran Buda y capture impresionantes vistas de la isla y las aguas turquesas.<\/li>\n<li data-sourcepos=\"9:1-9:103\"><strong>Aventura en veh\u00edculos todo terreno:<\/strong> Emb\u00e1rcate en un emocionante viaje todoterreno a trav\u00e9s de los pintorescos paisajes selv\u00e1ticos de Phuket.<\/li>\n<li data-sourcepos=\"10:1-10:100\"><strong>Vistas panor\u00e1micas:<\/strong> Descubra impresionantes vistas de tres hermosas playas desde el mirador de Karon.<\/li>\n<li data-sourcepos=\"11:1-11:115\"><strong>Delicias locales:<\/strong> Disfrute de un descanso para tomar un caf\u00e9 en una tienda libre de impuestos y pruebe deliciosos anacardos en una f\u00e1brica local.<\/li>\n<li data-sourcepos=\"12:1-13:0\"><strong>C\u00f3modo y seguro:<\/strong> Recogida y regreso al hotel incluidos para una experiencia sin complicaciones.<\/li>\n<\/ul>\n<p data-sourcepos=\"14:1-14:82\"><strong>\u00a1Reserve hoy su aventura en Phuket City &amp; ATV para un viaje inolvidable!<\/strong><\/p>\n<\/div>","protected":false},"excerpt":{"rendered":"<p>Give yourself an appetite for the sights and sounds of the half-day Phuket City Tour and ATV Adventure.<br \/>\nHave a memorable and the best city tour into the cultural face of the city, full of Sino-Portuguese architecture. then you\u2019ll head to Wat Chalong, the main temple. And stop at the amazing Big Buddha statue at the highest point on Phuket Island and get an extraordinary view of the island and surrounding sea at Karon viewpoint, which boasts breathtaking views overlooking three beautiful beaches. This is the perfect chance to get those panoramic shots of the natural beauty of the area. And enjoy ridding ATV for 30 minutes<\/p>","protected":false},"featured_media":1424,"comment_status":"open","ping_status":"closed","template":"","meta":{"_acf_changed":false},"product_brand":[],"product_cat":[35],"product_tag":[120,119,118,116,117,115,37,38,39],"class_list":{"0":"post-1418","1":"product","2":"type-product","3":"status-publish","4":"has-post-thumbnail","6":"product_cat-phuket-tours","7":"product_tag-adventure-tour","8":"product_tag-atv","9":"product_tag-city-tour","10":"product_tag-half-day-phuket-city-tour","11":"product_tag-half-day-tour","12":"product_tag-land-tour","13":"product_tag-phuket","14":"product_tag-phuket-city-tour","15":"product_tag-phuket-tours","17":"first","18":"instock","19":"virtual","20":"sold-individually","21":"purchasable","22":"product-type-booking"},"booking_location":"","booking_location_type":"","booking_duration":1,"booking_duration_unit":"day","booking_buffer":0,"booking_cost":0,"booking_resources":[434,435],"exclude_global_add_ons":false,"addons":[{"name":"Complementos","type":"multiple_choice","position":0,"required":false,"title_format":"label","default":"","description_enable":false,"description":"","placeholder_enable":false,"placeholder":"","display":"radiobutton","restrictions_type":"any_text","adjust_price":false,"price":"","price_type":"flat_fee","restrictions":false,"min":"0","max":"0","options":[{"label":"ATV 45 Minutes + Elephant feeding","price":"400","price_type":"quantity_based","image":0,"visibility":true}],"id":1700431909}],"acf":[],"_links":{"self":[{"href":"https:\/\/tours.co.th\/es\/wp-json\/wp\/v2\/product\/1418","targetHints":{"allow":["GET"]}}],"collection":[{"href":"https:\/\/tours.co.th\/es\/wp-json\/wp\/v2\/product"}],"about":[{"href":"https:\/\/tours.co.th\/es\/wp-json\/wp\/v2\/types\/product"}],"replies":[{"embeddable":true,"href":"https:\/\/tours.co.th\/es\/wp-json\/wp\/v2\/comments?post=1418"}],"version-history":[{"count":3,"href":"https:\/\/tours.co.th\/es\/wp-json\/wp\/v2\/product\/1418\/revisions"}],"predecessor-version":[{"id":35101,"href":"https:\/\/tours.co.th\/es\/wp-json\/wp\/v2\/product\/1418\/revisions\/35101"}],"wp:featuredmedia":[{"embeddable":true,"href":"https:\/\/tours.co.th\/es\/wp-json\/wp\/v2\/media\/1424"}],"wp:attachment":[{"href":"https:\/\/tours.co.th\/es\/wp-json\/wp\/v2\/media?parent=1418"}],"wp:term":[{"taxonomy":"product_brand","embeddable":true,"href":"https:\/\/tours.co.th\/es\/wp-json\/wp\/v2\/product_brand?post=1418"},{"taxonomy":"product_cat","embeddable":true,"href":"https:\/\/tours.co.th\/es\/wp-json\/wp\/v2\/product_cat?post=1418"},{"taxonomy":"product_tag","embeddable":true,"href":"https:\/\/tours.co.th\/es\/wp-json\/wp\/v2\/product_tag?post=1418"}],"curies":[{"name":"wp","href":"https:\/\/api.w.org\/{rel}","templated":true}]}}