{"id":1329,"date":"2022-03-21T03:26:22","date_gmt":"2022-03-20T20:26:22","guid":{"rendered":"https:\/\/thaihotels.ir\/?post_type=product&#038;p=1329"},"modified":"2025-06-16T02:33:27","modified_gmt":"2025-06-15T19:33:27","slug":"half-day-phuket-elephants-sanctuary","status":"publish","type":"product","link":"https:\/\/tours.co.th\/es\/half-day-phuket-elephants-sanctuary\/","title":{"rendered":"Santuario de elefantes de Phuket de medio d\u00eda"},"content":{"rendered":"<div class=\"markdown markdown-main-panel response-optimization stronger\" dir=\"ltr\">\n<p data-sourcepos=\"1:1-1:61\"><strong>Santuario \u00c9tico de Elefantes de Phuket: Vive una experiencia \u00fanica y aprende de ella.<\/strong><\/p>\n<p data-sourcepos=\"3:1-3:295\">\u00danete al Santuario de Elefantes de Phuket para vivir un encuentro \u00e9tico inolvidable con elefantes rescatados. Aprende sobre su cuidado, contribuye a su bienestar y apoya el ecoturismo sostenible. Nuestra misi\u00f3n es brindarles a los elefantes rescatados un santuario donde puedan vivir libres y felices.<\/p>\n<p data-sourcepos=\"5:1-5:15\"><strong>Reflejos:<\/strong><\/p>\n<ul data-sourcepos=\"7:1-11:0\">\n<li data-sourcepos=\"7:1-7:106\"><strong>Interacciones \u00e9ticas:<\/strong> Ba\u00f1a, alimenta e interact\u00faa con los elefantes de forma responsable y respetuosa.<\/li>\n<li data-sourcepos=\"8:1-8:98\"><strong>Aprende sobre los elefantes:<\/strong> Obt\u00e9n informaci\u00f3n sobre el cuidado, el comportamiento y los esfuerzos de conservaci\u00f3n de los elefantes.<\/li>\n<li data-sourcepos=\"9:1-9:114\"><strong>Ecoturismo sostenible:<\/strong> Apoya un santuario comprometido con el bienestar de los elefantes y la responsabilidad ambiental.<\/li>\n<li data-sourcepos=\"10:1-11:0\"><strong>Marca la diferencia:<\/strong> Contribuye al rescate y la rehabilitaci\u00f3n de estos majestuosos animales.<\/li>\n<\/ul>\n<p data-sourcepos=\"12:1-12:85\"><strong>\u00a1Reserva hoy mismo tu experiencia \u00e9tica con elefantes en Elephant Jungle Sanctuary Phuket!<\/strong><\/p>\n<\/div>","protected":false},"excerpt":{"rendered":"<p>\u00a1Vive la experiencia del cuidado \u00e9tico de los elefantes en Elephant Jungle Sanctuary! Aprende de forma pr\u00e1ctica, ba\u00f1a y alimenta a los elefantes rescatados y apoya el ecoturismo sostenible. \u00danete a nuestra misi\u00f3n de brindar libertad y felicidad a estos gentiles gigantes.<\/p>","protected":false},"featured_media":1330,"comment_status":"open","ping_status":"closed","template":"","meta":{"_acf_changed":false},"product_brand":[],"product_cat":[35],"product_tag":[157,118,55,89,54,115,39],"class_list":{"0":"post-1329","1":"product","2":"type-product","3":"status-publish","4":"has-post-thumbnail","6":"product_cat-phuket-tours","7":"product_tag-animal","8":"product_tag-city-tour","9":"product_tag-city-tours","10":"product_tag-elephant","11":"product_tag-elephant-sanctuary","12":"product_tag-land-tour","13":"product_tag-phuket-tours","15":"first","16":"instock","17":"virtual","18":"sold-individually","19":"purchasable","20":"product-type-booking"},"booking_location":"","booking_location_type":"","booking_duration":1,"booking_duration_unit":"day","booking_buffer":0,"booking_cost":0,"booking_resources":[],"exclude_global_add_ons":false,"addons":[{"name":"Duraci\u00f3n","type":"multiple_choice","position":0,"required":true,"title_format":"label","default":"","description_enable":false,"description":"","placeholder_enable":false,"placeholder":"","display":"select","restrictions_type":"any_text","adjust_price":false,"price":"","price_type":"flat_fee","restrictions":false,"min":"0","max":"0","options":[{"label":"Morning (07:00 am)","price":"","price_type":"quantity_based","image":0,"visibility":true},{"label":"Afternoon (11:30 am)","price":"","price_type":"quantity_based","image":0,"visibility":true}],"id":1684300353}],"acf":[],"_links":{"self":[{"href":"https:\/\/tours.co.th\/es\/wp-json\/wp\/v2\/product\/1329","targetHints":{"allow":["GET"]}}],"collection":[{"href":"https:\/\/tours.co.th\/es\/wp-json\/wp\/v2\/product"}],"about":[{"href":"https:\/\/tours.co.th\/es\/wp-json\/wp\/v2\/types\/product"}],"replies":[{"embeddable":true,"href":"https:\/\/tours.co.th\/es\/wp-json\/wp\/v2\/comments?post=1329"}],"version-history":[{"count":0,"href":"https:\/\/tours.co.th\/es\/wp-json\/wp\/v2\/product\/1329\/revisions"}],"wp:featuredmedia":[{"embeddable":true,"href":"https:\/\/tours.co.th\/es\/wp-json\/wp\/v2\/media\/1330"}],"wp:attachment":[{"href":"https:\/\/tours.co.th\/es\/wp-json\/wp\/v2\/media?parent=1329"}],"wp:term":[{"taxonomy":"product_brand","embeddable":true,"href":"https:\/\/tours.co.th\/es\/wp-json\/wp\/v2\/product_brand?post=1329"},{"taxonomy":"product_cat","embeddable":true,"href":"https:\/\/tours.co.th\/es\/wp-json\/wp\/v2\/product_cat?post=1329"},{"taxonomy":"product_tag","embeddable":true,"href":"https:\/\/tours.co.th\/es\/wp-json\/wp\/v2\/product_tag?post=1329"}],"curies":[{"name":"wp","href":"https:\/\/api.w.org\/{rel}","templated":true}]}}