{"id":7784,"date":"2022-08-18T05:27:55","date_gmt":"2022-08-17T22:27:55","guid":{"rendered":"https:\/\/tours.co.th\/?post_type=product&#038;p=7784"},"modified":"2025-08-06T22:46:45","modified_gmt":"2025-08-06T15:46:45","slug":"damnoen-saduak-floating-market-river-kwai-in-kanchanaburi","status":"publish","type":"product","link":"https:\/\/tours.co.th\/de\/damnoen-saduak-floating-market-river-kwai-in-kanchanaburi\/","title":{"rendered":"Schwimmender Markt Damnoen Saduak und Fluss Kwai in Kanchanaburi"},"content":{"rendered":"<p><b>Schwimmender Markt von Damnoen Saduak und River Kwai: Eine Reise durch die thail\u00e4ndische Kultur und Geschichte<\/b><\/p>\n<p>Begeben Sie sich auf eine fesselnde Ganztagestour von Phuket aus und erleben Sie zwei der ber\u00fchmtesten Reiseziele Thailands: das pulsierende <b>Schwimmender Markt Damnoen Saduak<\/b> und die historische <b>Fluss Kwai<\/b> in Kanchanaburi. Diese einzigartige Reise verbindet den lebendigen Charme des traditionellen thail\u00e4ndischen Handels mit der ergreifenden Geschichte des Zweiten Weltkriegs.<\/p>\n<p>Bei <b>Damnoen Saduak<\/b>, Tauchen Sie ein in die gesch\u00e4ftige Atmosph\u00e4re von Thailands ber\u00fchmtestem schwimmenden Markt. Erleben Sie H\u00e4ndler mit traditionellen H\u00fcten, die frische Produkte, lokale Snacks und Kunsthandwerk direkt von ihren Longtail-Booten verkaufen. Sie k\u00f6nnen eine faszinierende Bootsfahrt durch die engen Kan\u00e4le unternehmen und das Leben der Einheimischen entlang der Wasserstra\u00dfen beobachten.<\/p>\n<p>Sp\u00e4ter reisen Sie nach Kanchanaburi zum legend\u00e4ren <b>Br\u00fccke \u00fcber den Fluss Kwai<\/b>, ein ergreifendes Symbol der Geschichte des Zweiten Weltkriegs. Erfahren Sie mehr \u00fcber seine bedeutende Rolle als Teil der \u201cTodesbahn\u201d und die Geschichten der Kriegsgefangenen, die sie gebaut haben. Dieser eindrucksvolle historische Ort bietet tiefe Einblicke in eine bedeutende Periode der Weltgeschichte.<\/p>\n<h3>Highlights<\/h3>\n<ul>\n<li><b>Damnoen Saduak Markt:<\/b> Erleben Sie Thailands ber\u00fchmtesten schwimmenden Markt.<\/li>\n<li><b>Traditionelles Longtail-Boot:<\/b> Gleiten Sie durch gesch\u00e4ftige Kan\u00e4le und erleben Sie das Leben vor Ort. (Optional)<\/li>\n<li><b>Br\u00fccke am Kwai:<\/b> Besuchen Sie das ber\u00fchmte historische Wahrzeichen des Zweiten Weltkriegs.<\/li>\n<li><b>Historischer Einblick:<\/b> Erfahren Sie mehr \u00fcber die \u201cTodesbahn\u201d und ihre Vergangenheit.<\/li>\n<li><b>Kulturelles Eintauchen:<\/b> Entdecken Sie den traditionellen thail\u00e4ndischen Handel und die Geschichte.<\/li>\n<\/ul>","protected":false},"excerpt":{"rendered":"<p>Experience two of Thailand&#8217;s most iconic destinations: the vibrant <b>Schwimmender Markt Damnoen Saduak<\/b> und die historische <b>Fluss Kwai<\/b> in Kanchanaburi. Diese einzigartige Reise verbindet den lebendigen Charme des traditionellen thail\u00e4ndischen Handels mit der ergreifenden Geschichte des Zweiten Weltkriegs.<\/p>","protected":false},"featured_media":7789,"comment_status":"open","ping_status":"closed","template":"","meta":{"_acf_changed":false},"product_brand":[],"product_cat":[114],"product_tag":[184,188,268,118,239,223,117],"class_list":{"0":"post-7784","1":"product","2":"type-product","3":"status-publish","4":"has-post-thumbnail","6":"product_cat-bangkok-tours","7":"product_tag-bangkok","8":"product_tag-bangkok-tour","9":"product_tag-bangkok-tours","10":"product_tag-city-tour","11":"product_tag-damnoen-saduak","12":"product_tag-floating-market","13":"product_tag-half-day-tour","15":"first","16":"instock","17":"virtual","18":"sold-individually","19":"purchasable","20":"product-type-booking"},"booking_location":"","booking_location_type":"","booking_duration":1,"booking_duration_unit":"day","booking_buffer":0,"booking_cost":0,"booking_resources":[],"exclude_global_add_ons":false,"addons":[{"name":"Add-on (Option)","type":"multiple_choice","position":0,"required":false,"title_format":"label","default":"","description_enable":false,"description":"","placeholder_enable":false,"placeholder":"","display":"select","restrictions_type":"any_text","adjust_price":false,"price":"","price_type":"flat_fee","restrictions":false,"min":"0","max":"0","options":[{"label":"Longtail boat trip","price":"200","price_type":"quantity_based","image":0,"visibility":true}],"id":1753912317}],"acf":[],"_links":{"self":[{"href":"https:\/\/tours.co.th\/de\/wp-json\/wp\/v2\/product\/7784","targetHints":{"allow":["GET"]}}],"collection":[{"href":"https:\/\/tours.co.th\/de\/wp-json\/wp\/v2\/product"}],"about":[{"href":"https:\/\/tours.co.th\/de\/wp-json\/wp\/v2\/types\/product"}],"replies":[{"embeddable":true,"href":"https:\/\/tours.co.th\/de\/wp-json\/wp\/v2\/comments?post=7784"}],"version-history":[{"count":2,"href":"https:\/\/tours.co.th\/de\/wp-json\/wp\/v2\/product\/7784\/revisions"}],"predecessor-version":[{"id":34677,"href":"https:\/\/tours.co.th\/de\/wp-json\/wp\/v2\/product\/7784\/revisions\/34677"}],"wp:featuredmedia":[{"embeddable":true,"href":"https:\/\/tours.co.th\/de\/wp-json\/wp\/v2\/media\/7789"}],"wp:attachment":[{"href":"https:\/\/tours.co.th\/de\/wp-json\/wp\/v2\/media?parent=7784"}],"wp:term":[{"taxonomy":"product_brand","embeddable":true,"href":"https:\/\/tours.co.th\/de\/wp-json\/wp\/v2\/product_brand?post=7784"},{"taxonomy":"product_cat","embeddable":true,"href":"https:\/\/tours.co.th\/de\/wp-json\/wp\/v2\/product_cat?post=7784"},{"taxonomy":"product_tag","embeddable":true,"href":"https:\/\/tours.co.th\/de\/wp-json\/wp\/v2\/product_tag?post=7784"}],"curies":[{"name":"wp","href":"https:\/\/api.w.org\/{rel}","templated":true}]}}