{"id":602,"date":"2022-03-15T01:33:31","date_gmt":"2022-03-14T18:33:31","guid":{"rendered":"https:\/\/thaihotels.ir\/?post_type=product&#038;p=602"},"modified":"2025-08-18T18:52:57","modified_gmt":"2025-08-18T11:52:57","slug":"phuket-private-yacht-myra-leopard-47ft","status":"publish","type":"product","link":"https:\/\/tours.co.th\/de\/phuket-private-yacht-myra-leopard-47ft\/","title":{"rendered":"Phuket Private Yacht: Myra Leopard 47ft"},"content":{"rendered":"<p><span class=\"citation-17\">Erleben Sie ultimativen Luxus und Stil mit einer privaten Charter an Bord der <\/span><b><span class=\"citation-17\">Myra Leopard 47 Fu\u00df<\/span><\/b><span class=\"citation-17 citation-end-17\">, ein eleganter und ger\u00e4umiger Katamaran, der f\u00fcr anspruchsvolle Unterhaltung und Komfort konzipiert wurde.<\/span> <span class=\"citation-16 citation-end-16\">Mit einer Kapazit\u00e4t f\u00fcr bis zu 30 G\u00e4ste bei Tagesausfl\u00fcgen und \u00dcbernachtungsm\u00f6glichkeiten ist diese Yacht perfekt f\u00fcr jeden Anlass.<br \/>\n<\/span><span class=\"citation-15\">Der <\/span><b><span class=\"citation-15\">Myra<\/span><\/b><span class=\"citation-15 citation-end-15\"> Es besticht durch ein einzigartiges und schickes Design mit sowohl einem gem\u00fctlichen Salon als auch einer weitl\u00e4ufigen Au\u00dfenterrasse und bietet somit den perfekten Rahmen, um zu entspannen und die atemberaubende Landschaft zu genie\u00dfen.<\/span> <span class=\"citation-14 citation-end-14\">Erkunden Sie das Paradies der Andamanensee mit einer professionellen Crew, die sich um all Ihre Bed\u00fcrfnisse k\u00fcmmert \u2013 von der Navigation zu den besten Schnorchelpl\u00e4tzen bis hin zum tadellosen Service.<br \/>\n<\/span>Ob Sie ein besonderes Ereignis feiern oder einfach nur einen Tag exklusiver Entspannung suchen, die Myra Leopard 47ft bietet eine nahtlose Mischung aus Eleganz und Abenteuer und macht jeden Moment unvergesslich.<\/p>\n<h3>Highlights<\/h3>\n<ul>\n<li><b><span class=\"citation-13\">Elegantes Katamaran-Design:<\/span><\/b><span class=\"citation-13 citation-end-13\"> Genie\u00dfen Sie eine stilvolle Kreuzfahrt auf einem modernen und eleganten Schiff.<\/span><\/li>\n<li><b><span class=\"citation-12\">Ideal f\u00fcr Gruppen:<\/span><\/b><span class=\"citation-12 citation-end-12\"> Bietet bequem Platz f\u00fcr bis zu 30 G\u00e4ste f\u00fcr Tagesausfl\u00fcge.<\/span><\/li>\n<li><b><span class=\"citation-11\">Ger\u00e4umig und luxuri\u00f6s:<\/span><\/b><span class=\"citation-11 citation-end-11\"> Genie\u00dfen Sie sowohl einen gem\u00fctlichen Salon als auch einen weitl\u00e4ufigen Au\u00dfenbereich.<\/span><\/li>\n<li><b>Professionelle Crew:<\/b> Erleben Sie au\u00dfergew\u00f6hnlichen Service und pers\u00f6nliche Betreuung.<\/li>\n<li><b><span class=\"citation-10\">Erkundung der Andamanensee:<\/span><\/b><span class=\"citation-10 citation-end-10\"> Entdecken Sie versteckte Buchten und unber\u00fchrte Inseln.<\/span><\/li>\n<li><b><span class=\"citation-9\">Ausstattung an Bord:<\/span><\/b><span class=\"citation-9 citation-end-9\"> Genie\u00dfen Sie ein Begr\u00fc\u00dfungsgetr\u00e4nk, Snacks und Wasserspielzeug.<\/span><\/li>\n<\/ul>","protected":false},"excerpt":{"rendered":"<p><span class=\"citation-17\">Erleben Sie ultimativen Luxus und Stil mit einer privaten Charter an Bord der <\/span><b><span class=\"citation-17\">Myra Leopard 47 Fu\u00df<\/span><\/b><span class=\"citation-17 citation-end-17\">, ein eleganter und ger\u00e4umiger Katamaran, der f\u00fcr anspruchsvolle Unterhaltung und Komfort konzipiert wurde.<\/span><\/p>","protected":false},"featured_media":35283,"comment_status":"open","ping_status":"closed","template":"","meta":{"_acf_changed":false},"product_brand":[],"product_cat":[35],"product_tag":[75,50,83,39,53,69,80],"class_list":{"0":"post-602","1":"product","2":"type-product","3":"status-publish","4":"has-post-thumbnail","6":"product_cat-phuket-tours","7":"product_tag-catamaran","8":"product_tag-island-tours","9":"product_tag-luxury","10":"product_tag-phuket-tours","11":"product_tag-private","12":"product_tag-sea-tours","13":"product_tag-yacht","15":"first","16":"instock","17":"virtual","18":"sold-individually","19":"purchasable","20":"product-type-booking"},"booking_location":"","booking_location_type":"","booking_duration":1,"booking_duration_unit":"day","booking_buffer":0,"booking_cost":44200,"booking_resources":[],"exclude_global_add_ons":false,"addons":[{"name":"Programmtour","type":"multiple_choice","position":0,"required":true,"title_format":"label","default":"","description_enable":false,"description":"","placeholder_enable":false,"placeholder":"","display":"select","restrictions_type":"any_text","adjust_price":false,"price":"","price_type":"flat_fee","restrictions":false,"min":"0","max":"0","options":[{"label":"Phang Nga Bay (Panak Island + Hong Island (Phang Nga) + James bond Island) - Within 8 Hours","price":"","price_type":"quantity_based","image":0,"visibility":true},{"label":"Khai Islands & Naka Islands - Within 8 Hours","price":"","price_type":"quantity_based","image":0,"visibility":true},{"label":"Hong Island in Krabi - Within 10 Hours","price":"8000","price_type":"quantity_based","image":0,"visibility":true}],"id":1679364291}],"acf":[],"_links":{"self":[{"href":"https:\/\/tours.co.th\/de\/wp-json\/wp\/v2\/product\/602","targetHints":{"allow":["GET"]}}],"collection":[{"href":"https:\/\/tours.co.th\/de\/wp-json\/wp\/v2\/product"}],"about":[{"href":"https:\/\/tours.co.th\/de\/wp-json\/wp\/v2\/types\/product"}],"replies":[{"embeddable":true,"href":"https:\/\/tours.co.th\/de\/wp-json\/wp\/v2\/comments?post=602"}],"version-history":[{"count":8,"href":"https:\/\/tours.co.th\/de\/wp-json\/wp\/v2\/product\/602\/revisions"}],"predecessor-version":[{"id":35282,"href":"https:\/\/tours.co.th\/de\/wp-json\/wp\/v2\/product\/602\/revisions\/35282"}],"wp:featuredmedia":[{"embeddable":true,"href":"https:\/\/tours.co.th\/de\/wp-json\/wp\/v2\/media\/35283"}],"wp:attachment":[{"href":"https:\/\/tours.co.th\/de\/wp-json\/wp\/v2\/media?parent=602"}],"wp:term":[{"taxonomy":"product_brand","embeddable":true,"href":"https:\/\/tours.co.th\/de\/wp-json\/wp\/v2\/product_brand?post=602"},{"taxonomy":"product_cat","embeddable":true,"href":"https:\/\/tours.co.th\/de\/wp-json\/wp\/v2\/product_cat?post=602"},{"taxonomy":"product_tag","embeddable":true,"href":"https:\/\/tours.co.th\/de\/wp-json\/wp\/v2\/product_tag?post=602"}],"curies":[{"name":"wp","href":"https:\/\/api.w.org\/{rel}","templated":true}]}}