{"id":537,"date":"2022-03-14T17:50:44","date_gmt":"2022-03-14T10:50:44","guid":{"rendered":"https:\/\/thaihotels.ir\/?post_type=product&#038;p=537"},"modified":"2025-11-09T20:05:53","modified_gmt":"2025-11-09T13:05:53","slug":"james-bond-island-by-longtail-boat-from-krabi","status":"publish","type":"product","link":"https:\/\/tours.co.th\/de\/james-bond-island-by-longtail-boat-from-krabi\/","title":{"rendered":"James-Bond-Insel mit dem Langboot von Krabi aus"},"content":{"rendered":"<h3>James-Bond-Insel-Longtailboot-Tour ab Krabi<\/h3>\n<p>Begeben Sie sich auf ein faszinierendes ganzt\u00e4giges Sightseeing-Abenteuer nach <b>James-Bond-Insel<\/b> und das atemberaubende <b>Phang Nga Bucht<\/b> Mit einem traditionellen Langboot von Krabi aus. Diese umfassende Tour bietet zahlreiche einzigartige Sehensw\u00fcrdigkeiten und verbindet ikonische Filmgeschichte mit Naturwundern.<\/p>\n<p>Genie\u00dfen Sie den Komfort <b>Hoteltransfers<\/b> Von Krabi, Ao Nang, Klong Muang und Tub Kaek aus geht es in klimatisierten Minivans weiter. Das Abenteuer beginnt mit einem Zwischenstopp am mystischen <b>Affenh\u00f6hle (Wat Suwan Kuha)<\/b> bevor es zum Pier in Phang Nga geht.<\/p>\n<p>Von dort aus geht es auf einer Kreuzfahrt entlang klassischer Stra\u00dfen. <b>Langheckboot<\/b> Zu <b>James-Bond-Insel (Ko Ta Pu)<\/b> Und <b>Khao Phing Kan<\/b> Sie k\u00f6nnen die ber\u00fchmte Felsformation besichtigen, die in \u2018Der Mann mit dem goldenen Colt\u2019 zu sehen ist. Sie haben au\u00dferdem freie Zeit, dieses ikonische Wahrzeichen auf eigene Faust zu erkunden.<\/p>\n<p>Die Tour bietet eine spannende Gelegenheit f\u00fcr <b>optionales Kajakfahren<\/b> durch H\u00f6hlen und entlang hoch aufragender Schluchten rund <b>Lod-H\u00f6hle<\/b>. Alternativ k\u00f6nnen Sie eine malerische Fahrt mit einem Langboot genie\u00dfen und die atemberaubende Landschaft bewundern. <b>Mangrovenw\u00e4lder<\/b> und die wundersch\u00f6ne Kalkstein-Karstlandschaft der Phang-Nga-Bucht.<\/p>\n<p>Beide Gruppen treffen sich wieder zu einem k\u00f6stlichen Essen. <b>Mittagessen im thail\u00e4ndischen Stil<\/b> bei <b>Koh Panyee<\/b>, Das einzigartige schwimmende Fischerdorf bietet Ihnen die M\u00f6glichkeit, in aller Ruhe diese faszinierende Seenomaden-Gemeinschaft zu erkunden.<\/p>\n<p>Zum Abschluss Ihres Abenteuers endet die Reise mit einem erfrischenden Zwischenstopp in einem <b>Wasserfall<\/b>, Dort k\u00f6nnen Sie sich abk\u00fchlen und schwimmen (denken Sie an Badekleidung und Handtuch!). Dieser abwechslungsreiche Tagesausflug bietet eine unvergessliche Reise durch die spektakul\u00e4rsten Landschaften S\u00fcdthailands.<\/p>\n<h3>Highlights<\/h3>\n<ul>\n<li><b>Longtail-Bootstour:<\/b> Authentische und malerische Kreuzfahrt durch die Phang-Nga-Bucht.<\/li>\n<li><b>James-Bond-Insel:<\/b> Sehen Sie den legend\u00e4ren Felsen aus \u2018Der Mann mit dem goldenen Colt\u2019.\u2019<\/li>\n<li><b>Affenh\u00f6hle:<\/b> Besuchen Sie den einzigartigen H\u00f6hlentempel Wat Suwan Kuha.<\/li>\n<li><b>Kajak-Option:<\/b> Erkunden Sie die Lod-H\u00f6hle und die umliegenden Schluchten (optional).<\/li>\n<li><b>Koh Panyee Mittagessen:<\/b> K\u00f6stliches thail\u00e4ndisches Mittagessen im schwimmenden Dorf.<\/li>\n<li><b>Wasserfallbesuch:<\/b> Letzter Halt f\u00fcr ein erfrischendes Bad und zum Abk\u00fchlen.<\/li>\n<\/ul>","protected":false},"excerpt":{"rendered":"<p>Explore the iconic James Bond Island by longtail boat from Krabi . You&#8217;ll have the opportunity to see the filming locations up close, as well as enjoy the beautiful scenery and wildlife of the area.<\/p>","protected":false},"featured_media":21648,"comment_status":"open","ping_status":"closed","template":"","meta":{"_acf_changed":false},"product_brand":[403],"product_cat":[90],"product_tag":[65,100,66,67,68,37,39],"class_list":{"0":"post-537","1":"product","2":"type-product","3":"status-publish","4":"has-post-thumbnail","6":"product_brand-krabi-tours","7":"product_cat-krabi-tours","8":"product_tag-canoeing","9":"product_tag-james-bond-island","10":"product_tag-james-bond-island-tours","11":"product_tag-kayaking","12":"product_tag-longtail-boat","13":"product_tag-phuket","14":"product_tag-phuket-tours","16":"first","17":"instock","18":"virtual","19":"sold-individually","20":"purchasable","21":"product-type-booking"},"booking_location":"","booking_location_type":"","booking_duration":1,"booking_duration_unit":"day","booking_buffer":0,"booking_cost":0,"booking_resources":[],"exclude_global_add_ons":false,"addons":[{"name":"Kanusport","type":"checkbox","position":0,"required":false,"title_format":"hide","default":"","description_enable":false,"description":"","placeholder_enable":false,"placeholder":"","display":"select","restrictions_type":"any_text","adjust_price":false,"price":"","price_type":"flat_fee","restrictions":false,"min":"0","max":"0","options":[{"label":"Canoeing","price":"199","price_type":"flat_fee","image":0,"visibility":true}],"id":1762718111}],"acf":[],"_links":{"self":[{"href":"https:\/\/tours.co.th\/de\/wp-json\/wp\/v2\/product\/537","targetHints":{"allow":["GET"]}}],"collection":[{"href":"https:\/\/tours.co.th\/de\/wp-json\/wp\/v2\/product"}],"about":[{"href":"https:\/\/tours.co.th\/de\/wp-json\/wp\/v2\/types\/product"}],"replies":[{"embeddable":true,"href":"https:\/\/tours.co.th\/de\/wp-json\/wp\/v2\/comments?post=537"}],"version-history":[{"count":4,"href":"https:\/\/tours.co.th\/de\/wp-json\/wp\/v2\/product\/537\/revisions"}],"predecessor-version":[{"id":36148,"href":"https:\/\/tours.co.th\/de\/wp-json\/wp\/v2\/product\/537\/revisions\/36148"}],"wp:featuredmedia":[{"embeddable":true,"href":"https:\/\/tours.co.th\/de\/wp-json\/wp\/v2\/media\/21648"}],"wp:attachment":[{"href":"https:\/\/tours.co.th\/de\/wp-json\/wp\/v2\/media?parent=537"}],"wp:term":[{"taxonomy":"product_brand","embeddable":true,"href":"https:\/\/tours.co.th\/de\/wp-json\/wp\/v2\/product_brand?post=537"},{"taxonomy":"product_cat","embeddable":true,"href":"https:\/\/tours.co.th\/de\/wp-json\/wp\/v2\/product_cat?post=537"},{"taxonomy":"product_tag","embeddable":true,"href":"https:\/\/tours.co.th\/de\/wp-json\/wp\/v2\/product_tag?post=537"}],"curies":[{"name":"wp","href":"https:\/\/api.w.org\/{rel}","templated":true}]}}