{"id":476,"date":"2025-06-16T16:52:34","date_gmt":"2025-06-16T09:52:34","guid":{"rendered":"https:\/\/thaihotels.ir\/?post_type=product&#038;p=476"},"modified":"2025-11-18T02:37:35","modified_gmt":"2025-11-17T19:37:35","slug":"hanuman-world-zipline-skywalk","status":"publish","type":"product","link":"https:\/\/tours.co.th\/de\/hanuman-world-zipline-skywalk\/","title":{"rendered":"Hanuman World Seilrutsche &amp; Skywalk"},"content":{"rendered":"<div class=\"\" data-block=\"true\" data-editor=\"8tlji\" data-offset-key=\"akpu9-0-0\">\n<div class=\"public-DraftStyleDefault-block public-DraftStyleDefault-ltr\" data-offset-key=\"akpu9-0-0\">\n<div class=\"markdown markdown-main-panel\" dir=\"ltr\">\n<p class=\"first-token\" data-sourcepos=\"1:1-1:67\"><strong>Hanuman World: Thailand&#8217;s Ultimate Rainforest Zipline Adventure<\/strong><\/p>\n<p data-sourcepos=\"3:1-3:86\"><strong>Soar through Thailand&#8217;s largest rainforest canopy on an eco-friendly zipline adventure at Hanuman World!<\/strong> Our thrilling and secure ziplines offer an unforgettable experience for all ages (4-70 years), with a focus on safety and environmental preservation. Our expert guides ensure your comfort and well-being as you glide through the lush rainforest, creating memories that will last a lifetime.<\/p>\n<p data-sourcepos=\"5:1-5:15\"><strong>Highlights:<\/strong><\/p>\n<ul data-sourcepos=\"7:1-7:1\">\n<li data-sourcepos=\"7:1-7:1\"><strong>Largest Rainforest Zipline Park in Thailand:<\/strong> Experience the thrill of flying through the jungle canopy.<\/li>\n<li data-sourcepos=\"8:1-8:71\"><strong>Eco-Friendly Adventure:<\/strong> Explore the rainforest without disturbing its delicate ecosystem.<\/li>\n<li data-sourcepos=\"9:1-9:95\"><strong>Safe and Secure:<\/strong> Our highly trained staff and top-notch equipment prioritize your safety.<\/li>\n<li data-sourcepos=\"10:1-10:133\"><strong>Suitable for All Ages:<\/strong> Enjoy this adventure with family and friends, regardless of age or experience level (max weight 120 kg).<\/li>\n<li data-sourcepos=\"11:1-12:0\"><strong>Expertenratgeber:<\/strong> Our knowledgeable and friendly guides ensure a fun and informative experience.<\/li>\n<\/ul>\n<hr data-sourcepos=\"3:1-3:3\" \/>\n<h3>Dauer<\/h3>\n<p>Zipline 10 Plattform \u2013 Erlebnis 20 Min.<br \/>\nZipline 18 Plattformen \u2013 Erlebnis 40 Minuten<br \/>\nZipline 32 Plattformen \u2013 1 Stunde erleben<br \/>\nCombine World C+ &#8211; Experience 1 hour &#8211; Zipline 10 Platform + Roller + Skywalk + Meal at Wanon Zone<br \/>\nCombine World B+ &#8211; Experience 2 hrs. &#8211; Zipline 18 Platforms + Roller + Skywalk + Meal at Wanon Zone<br \/>\nCombine World A+ &#8211; Experience 3 hrs &#8211; Zipline 32 Platforms + Roller + Skywalk + Meal at Wanon Zone<\/p>\n<p><strong>Book your Hanuman World Zipline Eco-Adventure today and create unforgettable memories in the heart of Thailand&#8217;s rainforest!<\/strong><\/p>\n<\/div>\n<\/div>\n<\/div>","protected":false},"excerpt":{"rendered":"<p>Sausen Sie durch den Regenwald in Hanuman World, Thailands gr\u00f6\u00dftem und umweltfreundlichstem Zipline-Park. Sicher, unterhaltsam und f\u00fcr alle Altersgruppen geeignet<\/p>","protected":false},"featured_media":33977,"comment_status":"open","ping_status":"closed","template":"","meta":{"_acf_changed":false},"product_brand":[401],"product_cat":[35],"product_tag":[120,56,37,38,39,58,59],"class_list":{"0":"post-476","1":"product","2":"type-product","3":"status-publish","4":"has-post-thumbnail","6":"product_brand-phuket-tours","7":"product_cat-phuket-tours","8":"product_tag-adventure-tour","9":"product_tag-hanuman-world","10":"product_tag-phuket","11":"product_tag-phuket-city-tour","12":"product_tag-phuket-tours","13":"product_tag-skywalk","14":"product_tag-zipline","16":"first","17":"instock","18":"virtual","19":"sold-individually","20":"purchasable","21":"product-type-booking"},"booking_location":"","booking_location_type":"","booking_duration":1,"booking_duration_unit":"day","booking_buffer":0,"booking_cost":0,"booking_resources":[],"exclude_global_add_ons":false,"addons":[{"name":"Programm","type":"multiple_choice","position":0,"required":true,"title_format":"label","default":"","description_enable":false,"description":"","placeholder_enable":false,"placeholder":"","display":"select","restrictions_type":"any_text","adjust_price":false,"price":"","price_type":"flat_fee","restrictions":false,"min":"0","max":"0","options":[{"label":"Zipline 10 Platforms (20 Minutes)","price":"","price_type":"quantity_based","image":0,"visibility":true},{"label":"Zipline 18 Platforms (40 Minutes)","price":"595","price_type":"quantity_based","image":0,"visibility":true},{"label":"Zipline 32 Platforms (60 Minutes)","price":"1190","price_type":"quantity_based","image":0,"visibility":true},{"label":"Combine World C+","price":"835","price_type":"quantity_based","image":0,"visibility":true},{"label":"Combine World B+","price":"1265","price_type":"quantity_based","image":0,"visibility":true},{"label":"Combine World A+","price":"1685","price_type":"quantity_based","image":0,"visibility":true}],"id":1710797019},{"name":"Startzeit","type":"multiple_choice","position":1,"required":true,"title_format":"label","default":"","description_enable":false,"description":"","placeholder_enable":false,"placeholder":"","display":"select","restrictions_type":"any_text","adjust_price":false,"price":"","price_type":"flat_fee","restrictions":false,"min":"0","max":"0","options":[{"label":"08:00","price":"","price_type":"flat_fee","image":0,"visibility":true},{"label":"10:00","price":"","price_type":"flat_fee","image":0,"visibility":true},{"label":"13:00","price":"","price_type":"flat_fee","image":0,"visibility":true},{"label":"15:00","price":"","price_type":"flat_fee","image":0,"visibility":true}],"id":1710797020},{"name":"Additional Offer","type":"multiple_choice","position":2,"required":false,"title_format":"label","default":"","description_enable":false,"description":"","placeholder_enable":false,"placeholder":"","display":"select","restrictions_type":"any_text","adjust_price":false,"price":"","price_type":"flat_fee","restrictions":false,"min":"0","max":"0","options":[{"label":"LUGE 1 Ride","price":"790","price_type":"quantity_based","image":0,"visibility":true},{"label":"LUGE 2 Ride","price":"890","price_type":"quantity_based","image":0,"visibility":true},{"label":"LUGE 3 Ride","price":"990","price_type":"quantity_based","image":0,"visibility":true}],"id":1749946181}],"acf":[],"_links":{"self":[{"href":"https:\/\/tours.co.th\/de\/wp-json\/wp\/v2\/product\/476","targetHints":{"allow":["GET"]}}],"collection":[{"href":"https:\/\/tours.co.th\/de\/wp-json\/wp\/v2\/product"}],"about":[{"href":"https:\/\/tours.co.th\/de\/wp-json\/wp\/v2\/types\/product"}],"replies":[{"embeddable":true,"href":"https:\/\/tours.co.th\/de\/wp-json\/wp\/v2\/comments?post=476"}],"version-history":[{"count":8,"href":"https:\/\/tours.co.th\/de\/wp-json\/wp\/v2\/product\/476\/revisions"}],"predecessor-version":[{"id":34360,"href":"https:\/\/tours.co.th\/de\/wp-json\/wp\/v2\/product\/476\/revisions\/34360"}],"wp:featuredmedia":[{"embeddable":true,"href":"https:\/\/tours.co.th\/de\/wp-json\/wp\/v2\/media\/33977"}],"wp:attachment":[{"href":"https:\/\/tours.co.th\/de\/wp-json\/wp\/v2\/media?parent=476"}],"wp:term":[{"taxonomy":"product_brand","embeddable":true,"href":"https:\/\/tours.co.th\/de\/wp-json\/wp\/v2\/product_brand?post=476"},{"taxonomy":"product_cat","embeddable":true,"href":"https:\/\/tours.co.th\/de\/wp-json\/wp\/v2\/product_cat?post=476"},{"taxonomy":"product_tag","embeddable":true,"href":"https:\/\/tours.co.th\/de\/wp-json\/wp\/v2\/product_tag?post=476"}],"curies":[{"name":"wp","href":"https:\/\/api.w.org\/{rel}","templated":true}]}}