{"id":35083,"date":"2025-08-11T20:42:27","date_gmt":"2025-08-11T13:42:27","guid":{"rendered":"https:\/\/tours.co.th\/?post_type=product&#038;p=35083"},"modified":"2026-01-10T12:50:07","modified_gmt":"2026-01-10T05:50:07","slug":"chiang-mai-3-hours-atv-ride-adventure","status":"publish","type":"product","link":"https:\/\/tours.co.th\/de\/chiang-mai-3-hours-atv-ride-adventure\/","title":{"rendered":"Chiang Mai \u2013 3-st\u00fcndiges ATV-Abenteuer"},"content":{"rendered":"<h3>Chiang Mai ATV-Abenteuer: 3-st\u00fcndiger Offroad-Rausch<\/h3>\n<p>Erleben Sie mit uns, einem der besten Abenteueranbieter in Chiang Mai, eine aufregende dreist\u00fcndige ATV-Tour. Diese Tour ist ideal f\u00fcr Anf\u00e4nger und Fortgeschrittene und f\u00fchrt Sie tief ins Mae Taeng Tal \u2013 eine spannende Reise durch abwechslungsreiches Dschungelgel\u00e4nde, teils auf befestigten Stra\u00dfen, teils abseits befestigter Wege.<br \/>\nBeginnen Sie mit einer Sicherheitseinweisung und einem Fahrtraining, um sich mit dem Fahrzeug vertraut zu machen. Anschlie\u00dfend folgen Sie erfahrenen Guides durch eine abwechslungsreiche Landschaft. Sie erkunden die Umgebung auf einzigartige Weise: Die Route passt sich Wetter und Fahrk\u00f6nnen an und garantiert so ein sicheres und unterhaltsames Erlebnis f\u00fcr alle.<\/p>\n<p>Der gesamte Ausflug dauert einen ganzen Tag, also etwa 6 Stunden, und beinhaltet den Hin- und R\u00fccktransport in einem klimatisierten Fahrzeug von Ihrem Hotel in Chiang Mai, ein leckeres Mittagessen, die gesamte notwendige Sicherheitsausr\u00fcstung sowie die fachkundige Anleitung von in Erster Hilfe und HLW zertifizierten Mitarbeitern.<\/p>\n<h3>Highlights<\/h3>\n<ul>\n<li><b>3-st\u00fcndige ATV-Tour:<\/b> Eine aufregende Reise durch abwechslungsreiches Terrain.<\/li>\n<li><b>Anf\u00e4ngerfreundlich:<\/b> Eine detaillierte Anleitung und ein Schulungskurs sind enthalten.<\/li>\n<li><b>Expertenratgeber:<\/b> Genie\u00dfen Sie eine sichere und unterhaltsame Fahrt mit zertifizierten Profis.<\/li>\n<li><b>Malerische Lage:<\/b> Erkunden Sie das wundersch\u00f6ne Mae Taeng Tal.<\/li>\n<li><b>Alles inklusive:<\/b> Transfers, Mittagessen und Sicherheitsausr\u00fcstung werden gestellt.<\/li>\n<\/ul>","protected":false},"excerpt":{"rendered":"<p>Erleben Sie mit uns, einem der besten Abenteueranbieter in Chiang Mai, eine aufregende dreist\u00fcndige ATV-Tour. Diese Tour ist ideal f\u00fcr Anf\u00e4nger und Fortgeschrittene und f\u00fchrt Sie tief ins Mae Taeng Tal \u2013 eine spannende Reise durch abwechslungsreiches Dschungelgel\u00e4nde, teils auf befestigten Stra\u00dfen, teils abseits befestigter Wege.<\/p>","protected":false},"featured_media":35058,"comment_status":"open","ping_status":"closed","template":"","meta":{"_acf_changed":false},"product_brand":[],"product_cat":[41],"product_tag":[42,43,99],"class_list":{"0":"post-35083","1":"product","2":"type-product","3":"status-publish","4":"has-post-thumbnail","6":"product_cat-chiang-mai-tours","7":"product_tag-chiang-mai","8":"product_tag-chiang-mai-tours","9":"product_tag-mae-wang","11":"first","12":"instock","13":"virtual","14":"sold-individually","15":"purchasable","16":"product-type-booking"},"booking_location":"","booking_location_type":"","booking_duration":1,"booking_duration_unit":"day","booking_buffer":0,"booking_cost":0,"booking_resources":[],"exclude_global_add_ons":false,"addons":[{"name":"Zusatzoption (optional)","type":"multiple_choice","position":0,"required":false,"title_format":"label","default":"","description_enable":false,"description":"","placeholder_enable":false,"placeholder":"","display":"select","restrictions_type":"any_text","adjust_price":false,"price":"","price_type":"flat_fee","restrictions":false,"min":"0","max":"0","options":[{"label":"3 Hours trekking to waterfall","price":"300","price_type":"quantity_based","image":0,"visibility":true}],"id":1754945334}],"acf":[],"_links":{"self":[{"href":"https:\/\/tours.co.th\/de\/wp-json\/wp\/v2\/product\/35083","targetHints":{"allow":["GET"]}}],"collection":[{"href":"https:\/\/tours.co.th\/de\/wp-json\/wp\/v2\/product"}],"about":[{"href":"https:\/\/tours.co.th\/de\/wp-json\/wp\/v2\/types\/product"}],"replies":[{"embeddable":true,"href":"https:\/\/tours.co.th\/de\/wp-json\/wp\/v2\/comments?post=35083"}],"version-history":[{"count":3,"href":"https:\/\/tours.co.th\/de\/wp-json\/wp\/v2\/product\/35083\/revisions"}],"predecessor-version":[{"id":35087,"href":"https:\/\/tours.co.th\/de\/wp-json\/wp\/v2\/product\/35083\/revisions\/35087"}],"wp:featuredmedia":[{"embeddable":true,"href":"https:\/\/tours.co.th\/de\/wp-json\/wp\/v2\/media\/35058"}],"wp:attachment":[{"href":"https:\/\/tours.co.th\/de\/wp-json\/wp\/v2\/media?parent=35083"}],"wp:term":[{"taxonomy":"product_brand","embeddable":true,"href":"https:\/\/tours.co.th\/de\/wp-json\/wp\/v2\/product_brand?post=35083"},{"taxonomy":"product_cat","embeddable":true,"href":"https:\/\/tours.co.th\/de\/wp-json\/wp\/v2\/product_cat?post=35083"},{"taxonomy":"product_tag","embeddable":true,"href":"https:\/\/tours.co.th\/de\/wp-json\/wp\/v2\/product_tag?post=35083"}],"curies":[{"name":"wp","href":"https:\/\/api.w.org\/{rel}","templated":true}]}}