{"id":33951,"date":"2025-06-15T14:48:29","date_gmt":"2025-06-15T07:48:29","guid":{"rendered":"https:\/\/tours.co.th\/?post_type=product&#038;p=33951"},"modified":"2025-12-30T21:31:34","modified_gmt":"2025-12-30T14:31:34","slug":"flying-hanuman-phuket","status":"publish","type":"product","link":"https:\/\/tours.co.th\/de\/flying-hanuman-phuket\/","title":{"rendered":"Flying Hanuman Phuket"},"content":{"rendered":"<div class=\"\" data-block=\"true\" data-editor=\"8tlji\" data-offset-key=\"akpu9-0-0\">\n<div class=\"public-DraftStyleDefault-block public-DraftStyleDefault-ltr\" data-offset-key=\"akpu9-0-0\">\n<div class=\"markdown markdown-main-panel\" dir=\"ltr\">\n<h3 data-sourcepos=\"1:1-1:55\">Flying Hanuman Phuket: Zipline-Abenteuer im Regenwald<\/h3>\n<hr data-sourcepos=\"3:1-3:3\" \/>\n<p data-sourcepos=\"5:1-5:361\">Erleben Sie ein aufregendes \u00d6ko-Abenteuer im Flying Hanuman Phuket und schweben Sie durch das \u00fcppige Bl\u00e4tterdach des Regenwalds der Insel. Dieser spannende Zipline-Park bietet eine einzigartige Perspektive auf das Landesinnere von Phuket und verbindet adrenalingeladene Aktivit\u00e4ten mit tiefem Respekt vor der Natur. Mit verschiedenen Parcours und einem besonderen Fokus auf Sicherheit ist es ein unvergessliches Erlebnis f\u00fcr alle Altersgruppen.<\/p>\n<hr data-sourcepos=\"7:1-7:3\" \/>\n<h3 data-sourcepos=\"9:1-9:14\">Highlights<\/h3>\n<ul data-sourcepos=\"11:1-20:63\">\n<li data-sourcepos=\"11:1-11:58\"><strong>Dschungel-Ziplines:<\/strong> Schweben Sie durch das Bl\u00e4tterdach des Regenwalds.<\/li>\n<li data-sourcepos=\"12:1-12:68\"><strong>L\u00e4ngste Seilrutsche:<\/strong> Erleben Sie eine aufregende 400 m lange Superman-Zipline.<\/li>\n<li data-sourcepos=\"13:1-13:54\"><strong>Sky Rail:<\/strong> Hochgeschwindigkeits-Einschienenbahn durch die B\u00e4ume.<\/li>\n<li data-sourcepos=\"14:1-14:48\"><strong>Abseilen:<\/strong> Steigen Sie 40 m von uralten B\u00e4umen hinab.<\/li>\n<li data-sourcepos=\"15:1-15:56\"><strong>Himmelsbr\u00fccken:<\/strong> \u00dcberqueren Sie schwankende H\u00e4ngebr\u00fccken.<\/li>\n<li data-sourcepos=\"16:1-16:57\"><strong>Wendeltreppen:<\/strong> Einzigartige Baumklettererlebnisse.<\/li>\n<li data-sourcepos=\"17:1-17:73\"><strong>\u00d6ko-Abenteuer:<\/strong> Nachhaltige Praktiken, minimale Umweltbelastung.<\/li>\n<li data-sourcepos=\"18:1-18:68\"><strong>Sicherheit geht vor:<\/strong> Erfahrene Guides, Ausr\u00fcstung nach europ\u00e4ischem Standard.<\/li>\n<li data-sourcepos=\"19:1-19:63\"><strong>Blick auf die Stadt Phuket:<\/strong> Panoramablick von erh\u00f6hten Punkten.<\/li>\n<li data-sourcepos=\"20:1-20:63\"><strong>Alle F\u00e4higkeitsstufen:<\/strong> Routen f\u00fcr Anf\u00e4nger bis hin zu Nervenkitzel-Suchenden.<\/li>\n<\/ul>\n<hr data-sourcepos=\"7:1-7:3\" \/>\n<h3>Programmdetails<\/h3>\n<p><strong>FH1:<\/strong> 42 Plattformen, 14 Seilrutschen, 4 Sky Bridges, 2 Abseilstellen, 5 Wendeltreppen, 1 Doppelseilrutsche, 1 Sky Rail, kostenlose Mahlzeit (Erlebnis 3 Stunden)<br \/>\n<strong>FH2: <\/strong>28 Plattformen, 7 Seilrutschen, 3 Sky Bridges, 1 Abseilpunkt, 2 Wendeltreppen, 1 Doppelseilrutsche (Erlebnis 2 Stunden)<br \/>\n<strong>FH3:<\/strong> 12 Plattformen, 3 Seilrutschen, 1 Sky Bridge, 1 Abseilpunkt, 1 Wendeltreppe (Erlebnis 30 Min. bis 1 Std.)<\/p>\n<\/div>\n<\/div>\n<\/div>","protected":false},"excerpt":{"rendered":"<p>Experience an exhilarating eco-adventure at Flying Hanuman Phuket, soaring through the island&#8217;s lush rainforest canopy.<\/p>","protected":false},"featured_media":33959,"comment_status":"open","ping_status":"closed","template":"","meta":{"_acf_changed":false},"product_brand":[401],"product_cat":[35],"product_tag":[120,416,37,38,39,59],"class_list":{"0":"post-33951","1":"product","2":"type-product","3":"status-publish","4":"has-post-thumbnail","6":"product_brand-phuket-tours","7":"product_cat-phuket-tours","8":"product_tag-adventure-tour","9":"product_tag-flying-hanuman","10":"product_tag-phuket","11":"product_tag-phuket-city-tour","12":"product_tag-phuket-tours","13":"product_tag-zipline","15":"first","16":"instock","17":"virtual","18":"sold-individually","19":"purchasable","20":"product-type-booking"},"booking_location":"","booking_location_type":"","booking_duration":1,"booking_duration_unit":"day","booking_buffer":0,"booking_cost":0,"booking_resources":[],"exclude_global_add_ons":false,"addons":[{"name":"Programm","type":"multiple_choice","position":0,"required":true,"title_format":"label","default":"","description_enable":false,"description":"","placeholder_enable":false,"placeholder":"","display":"select","restrictions_type":"any_text","adjust_price":false,"price":"","price_type":"flat_fee","restrictions":false,"min":"0","max":"0","options":[{"label":"FH3 (Experience 30 minutes)","price":"","price_type":"quantity_based","image":0,"visibility":true},{"label":"FH2 Epic Adventure (Experience 2 hrs)","price":"719","price_type":"quantity_based","image":0,"visibility":true},{"label":"FH1 Original Thrill with Meal (Experience 3 hrs)","price":"1433","price_type":"quantity_based","image":0,"visibility":true}],"id":1710797019},{"name":"Startzeit","type":"multiple_choice","position":1,"required":true,"title_format":"label","default":"","description_enable":false,"description":"","placeholder_enable":false,"placeholder":"","display":"select","restrictions_type":"any_text","adjust_price":false,"price":"","price_type":"flat_fee","restrictions":false,"min":"0","max":"0","options":[{"label":"08:00","price":"","price_type":"flat_fee","image":0,"visibility":true},{"label":"10:00","price":"","price_type":"flat_fee","image":0,"visibility":true},{"label":"13:00","price":"","price_type":"flat_fee","image":0,"visibility":true},{"label":"15:00","price":"","price_type":"flat_fee","image":0,"visibility":true}],"id":1710797020}],"acf":[],"_links":{"self":[{"href":"https:\/\/tours.co.th\/de\/wp-json\/wp\/v2\/product\/33951","targetHints":{"allow":["GET"]}}],"collection":[{"href":"https:\/\/tours.co.th\/de\/wp-json\/wp\/v2\/product"}],"about":[{"href":"https:\/\/tours.co.th\/de\/wp-json\/wp\/v2\/types\/product"}],"replies":[{"embeddable":true,"href":"https:\/\/tours.co.th\/de\/wp-json\/wp\/v2\/comments?post=33951"}],"version-history":[{"count":4,"href":"https:\/\/tours.co.th\/de\/wp-json\/wp\/v2\/product\/33951\/revisions"}],"predecessor-version":[{"id":33972,"href":"https:\/\/tours.co.th\/de\/wp-json\/wp\/v2\/product\/33951\/revisions\/33972"}],"wp:featuredmedia":[{"embeddable":true,"href":"https:\/\/tours.co.th\/de\/wp-json\/wp\/v2\/media\/33959"}],"wp:attachment":[{"href":"https:\/\/tours.co.th\/de\/wp-json\/wp\/v2\/media?parent=33951"}],"wp:term":[{"taxonomy":"product_brand","embeddable":true,"href":"https:\/\/tours.co.th\/de\/wp-json\/wp\/v2\/product_brand?post=33951"},{"taxonomy":"product_cat","embeddable":true,"href":"https:\/\/tours.co.th\/de\/wp-json\/wp\/v2\/product_cat?post=33951"},{"taxonomy":"product_tag","embeddable":true,"href":"https:\/\/tours.co.th\/de\/wp-json\/wp\/v2\/product_tag?post=33951"}],"curies":[{"name":"wp","href":"https:\/\/api.w.org\/{rel}","templated":true}]}}