{"id":3199,"date":"2022-04-16T23:35:38","date_gmt":"2022-04-16T16:35:38","guid":{"rendered":"https:\/\/tours.co.th\/?post_type=product&#038;p=3199"},"modified":"2025-11-18T02:45:31","modified_gmt":"2025-11-17T19:45:31","slug":"eco-jungle-safari-koh-samui-highlights","status":"publish","type":"product","link":"https:\/\/tours.co.th\/de\/eco-jungle-safari-koh-samui-highlights\/","title":{"rendered":"\u00d6ko-Dschungelsafari und H\u00f6hepunkte von Koh Samui"},"content":{"rendered":"<div id=\"model-response-message-contentr_3fc041b809cd7622\" class=\"markdown markdown-main-panel stronger\" dir=\"ltr\">\n<p data-sourcepos=\"1:1-1:69\"><strong>\u00d6ko-Dschungelsafari auf Koh Samui: Entdecken Sie die Sch\u00e4tze der Insel mit dem 4\u00d74-Jeep<\/strong><\/p>\n<p data-sourcepos=\"3:1-3:425\">Tauchen Sie mit unserer \u00d6ko-Dschungelsafari in das Herz der Natursch\u00f6nheiten von Koh Samui ein! Diese einzigartige Tour bietet eine unvergessliche Erkundung der verborgenen Sch\u00e4tze der Insel und verbindet Abenteuer mit nachhaltigen Praktiken. Reisen Sie in einem robusten 4\u00d74-Milit\u00e4rjeep, erreichen Sie malerische Aussichtspunkte und entdecken Sie ber\u00fchmte Sehensw\u00fcrdigkeiten wie die Gro\u00dfvater-\/Gro\u00dfmutter-Felsen, den ruhigen Tempel der mumifizierten M\u00f6nche und den kaskadenartigen Namuang-Wasserfall.<\/p>\n<p data-sourcepos=\"5:1-5:15\"><strong>Highlights:<\/strong><\/p>\n<ul data-sourcepos=\"7:1-15:0\">\n<li data-sourcepos=\"7:1-7:108\"><strong>4\u00d74 Jeep-Abenteuer:<\/strong> Erleben Sie den Nervenkitzel einer Offroad-Erkundung durch die \u00fcppige Landschaft von Koh Samui.<\/li>\n<li data-sourcepos=\"8:1-8:104\"><strong>Umweltfreundliche Erkundung:<\/strong> Entdecken Sie die Sch\u00f6nheit der Insel und minimieren Sie gleichzeitig Ihre Umweltbelastung.<\/li>\n<li data-sourcepos=\"9:1-9:89\"><strong>Ber\u00fchmte Wahrzeichen:<\/strong> Besuchen Sie die ber\u00fchmten Grandfather\/Grandmother Rocks, ein Naturwunder.<\/li>\n<li data-sourcepos=\"10:1-10:103\"><strong>Kulturelles Eintauchen:<\/strong> Entdecken Sie den friedlichen Tempel der mumifizierten M\u00f6nche und erfahren Sie mehr \u00fcber die lokalen Traditionen.<\/li>\n<li data-sourcepos=\"11:1-11:97\"><strong>Namuang-Wasserfall:<\/strong> Erfrischen Sie sich im k\u00fchlen Wasser dieser atemberaubenden Naturattraktion.<\/li>\n<li data-sourcepos=\"12:1-12:100\"><strong>Aussichtspunkte:<\/strong> Fangen Sie atemberaubende Panoramablicke auf die K\u00fcste und das Landesinnere von Koh Samui ein.<\/li>\n<li data-sourcepos=\"13:1-13:91\"><strong>Plantagenbesuche:<\/strong> Sehen Sie sich die lokalen Plantagen an und erfahren Sie mehr \u00fcber die Landwirtschaft der Insel.<\/li>\n<li data-sourcepos=\"14:1-15:0\"><strong>Einzigartiges Erlebnis:<\/strong> Schaffen Sie bleibende Erinnerungen auf einer Tour, die Abenteuer, Kultur und Natur vereint.<\/li>\n<\/ul>\n<p data-sourcepos=\"16:1-16:91\"><strong>Buchen Sie noch heute Ihre \u00d6ko-Dschungelsafari auf Koh Samui und entdecken Sie die verborgenen Sch\u00e4tze der Insel!<\/strong><\/p>\n<\/div>","protected":false},"excerpt":{"rendered":"<p>Explore Jungle Safari Koh Samui&#8217;s beauty eco-friendly! See Grandfathers\/Grandmother rocks, Mummified monks, + Namuang Waterfall. Enjoy off-road thrills &amp; mountain viewpoints by 4&#215;4.<\/p>","protected":false},"featured_media":3218,"comment_status":"open","ping_status":"closed","template":"","meta":{"_acf_changed":false},"product_brand":[404],"product_cat":[161],"product_tag":[167,120,118,55,162,115,168,165,163],"class_list":{"0":"post-3199","1":"product","2":"type-product","3":"status-publish","4":"has-post-thumbnail","6":"product_brand-samui-tours","7":"product_cat-koh-samui-tours","8":"product_tag-4x4","9":"product_tag-adventure-tour","10":"product_tag-city-tour","11":"product_tag-city-tours","12":"product_tag-koh-samui-tours","13":"product_tag-land-tour","14":"product_tag-safari","15":"product_tag-samui","16":"product_tag-samui-tours","18":"first","19":"instock","20":"featured","21":"virtual","22":"sold-individually","23":"purchasable","24":"product-type-booking"},"booking_location":"","booking_location_type":"","booking_duration":1,"booking_duration_unit":"day","booking_buffer":0,"booking_cost":0,"booking_resources":[],"exclude_global_add_ons":[],"addons":[],"acf":[],"_links":{"self":[{"href":"https:\/\/tours.co.th\/de\/wp-json\/wp\/v2\/product\/3199","targetHints":{"allow":["GET"]}}],"collection":[{"href":"https:\/\/tours.co.th\/de\/wp-json\/wp\/v2\/product"}],"about":[{"href":"https:\/\/tours.co.th\/de\/wp-json\/wp\/v2\/types\/product"}],"replies":[{"embeddable":true,"href":"https:\/\/tours.co.th\/de\/wp-json\/wp\/v2\/comments?post=3199"}],"version-history":[{"count":0,"href":"https:\/\/tours.co.th\/de\/wp-json\/wp\/v2\/product\/3199\/revisions"}],"wp:featuredmedia":[{"embeddable":true,"href":"https:\/\/tours.co.th\/de\/wp-json\/wp\/v2\/media\/3218"}],"wp:attachment":[{"href":"https:\/\/tours.co.th\/de\/wp-json\/wp\/v2\/media?parent=3199"}],"wp:term":[{"taxonomy":"product_brand","embeddable":true,"href":"https:\/\/tours.co.th\/de\/wp-json\/wp\/v2\/product_brand?post=3199"},{"taxonomy":"product_cat","embeddable":true,"href":"https:\/\/tours.co.th\/de\/wp-json\/wp\/v2\/product_cat?post=3199"},{"taxonomy":"product_tag","embeddable":true,"href":"https:\/\/tours.co.th\/de\/wp-json\/wp\/v2\/product_tag?post=3199"}],"curies":[{"name":"wp","href":"https:\/\/api.w.org\/{rel}","templated":true}]}}