{"id":21639,"date":"2023-12-01T12:33:01","date_gmt":"2023-12-01T05:33:01","guid":{"rendered":"https:\/\/tours.co.th\/?post_type=product&#038;p=21639"},"modified":"2025-08-06T22:46:38","modified_gmt":"2025-08-06T15:46:38","slug":"railay-to-phi-phi-speedboat-transfer","status":"publish","type":"product","link":"https:\/\/tours.co.th\/de\/railay-to-phi-phi-speedboat-transfer\/","title":{"rendered":"Schnellboottransfer von Railay nach Phi Phi"},"content":{"rendered":"","protected":false},"excerpt":{"rendered":"<p>\u00dcberspringen Sie die lange Fahrt mit der F\u00e4hre und genie\u00dfen Sie einen malerischen und aufregenden Schnellboottransfer von Railay zur Insel Phi Phi<\/p>","protected":false},"featured_media":21633,"comment_status":"open","ping_status":"closed","template":"","meta":{"_acf_changed":false},"product_brand":[],"product_cat":[90],"product_tag":[94,95,52,97,321],"class_list":{"0":"post-21639","1":"product","2":"type-product","3":"status-publish","4":"has-post-thumbnail","6":"product_cat-krabi-tours","7":"product_tag-krabi-tour","8":"product_tag-krabi-tours","9":"product_tag-speed-boat","10":"product_tag-speedboat","11":"product_tag-transfer","13":"first","14":"instock","15":"virtual","16":"sold-individually","17":"purchasable","18":"product-type-booking"},"booking_location":"","booking_location_type":"","booking_duration":1,"booking_duration_unit":"day","booking_buffer":0,"booking_cost":0,"booking_resources":[],"exclude_global_add_ons":[],"addons":[],"acf":[],"_links":{"self":[{"href":"https:\/\/tours.co.th\/de\/wp-json\/wp\/v2\/product\/21639","targetHints":{"allow":["GET"]}}],"collection":[{"href":"https:\/\/tours.co.th\/de\/wp-json\/wp\/v2\/product"}],"about":[{"href":"https:\/\/tours.co.th\/de\/wp-json\/wp\/v2\/types\/product"}],"replies":[{"embeddable":true,"href":"https:\/\/tours.co.th\/de\/wp-json\/wp\/v2\/comments?post=21639"}],"version-history":[{"count":0,"href":"https:\/\/tours.co.th\/de\/wp-json\/wp\/v2\/product\/21639\/revisions"}],"wp:featuredmedia":[{"embeddable":true,"href":"https:\/\/tours.co.th\/de\/wp-json\/wp\/v2\/media\/21633"}],"wp:attachment":[{"href":"https:\/\/tours.co.th\/de\/wp-json\/wp\/v2\/media?parent=21639"}],"wp:term":[{"taxonomy":"product_brand","embeddable":true,"href":"https:\/\/tours.co.th\/de\/wp-json\/wp\/v2\/product_brand?post=21639"},{"taxonomy":"product_cat","embeddable":true,"href":"https:\/\/tours.co.th\/de\/wp-json\/wp\/v2\/product_cat?post=21639"},{"taxonomy":"product_tag","embeddable":true,"href":"https:\/\/tours.co.th\/de\/wp-json\/wp\/v2\/product_tag?post=21639"}],"curies":[{"name":"wp","href":"https:\/\/api.w.org\/{rel}","templated":true}]}}