{"id":2079,"date":"2022-03-26T18:56:54","date_gmt":"2022-03-26T11:56:54","guid":{"rendered":"https:\/\/thaihotels.ir\/?post_type=product&#038;p=2079"},"modified":"2025-07-17T22:10:03","modified_gmt":"2025-07-17T15:10:03","slug":"the-upside-down-house-museum-fun-attractions","status":"publish","type":"product","link":"https:\/\/tours.co.th\/de\/the-upside-down-house-museum-fun-attractions\/","title":{"rendered":"Das Upside Down House Museum und unterhaltsame Attraktionen"},"content":{"rendered":"<p>Das Upside Down House Phuket (Baan Teelanka) ist eine einzigartige Attraktion mit familienfreundlichen Aktivit\u00e4ten, die alle Altersgruppen genie\u00dfen k\u00f6nnen. Es ist ideal f\u00fcr einen unterhaltsamen Tag mit der Familie und eine gute Aktivit\u00e4t, um dem Regen des tropischen Wetters zu entfliehen.<\/p>\n<p>A fun experience is not the only thing you will take home. Snap great photos with optical illusions and fun effects to express your unique lifestyle online! You can also choose to visit the life-size Garden Maze, located just outside of the UpsideDown House, to get lost in it or challenge yourself and find your way out of it! We are open every day. visit us from 10 am till 5:30 pm<\/p>","protected":false},"excerpt":{"rendered":"<p>Das Upside Down House Phuket (Baan Teelanka) ist eine einzigartige Attraktion mit familienfreundlichen Aktivit\u00e4ten, die alle Altersgruppen genie\u00dfen k\u00f6nnen. Es ist ideal f\u00fcr einen unterhaltsamen Tag mit der Familie und eine gute Aktivit\u00e4t, um dem Regen des tropischen Wetters zu entfliehen.<\/p>","protected":false},"featured_media":2086,"comment_status":"open","ping_status":"closed","template":"","meta":{"_acf_changed":false},"product_brand":[401],"product_cat":[35],"product_tag":[44,37,425],"class_list":{"0":"post-2079","1":"product","2":"type-product","3":"status-publish","4":"has-post-thumbnail","6":"product_brand-phuket-tours","7":"product_cat-phuket-tours","8":"product_tag-city","9":"product_tag-phuket","10":"product_tag-upside-down-house","12":"first","13":"instock","14":"virtual","15":"sold-individually","16":"purchasable","17":"product-type-booking"},"booking_location":"","booking_location_type":"","booking_duration":1,"booking_duration_unit":"day","booking_buffer":0,"booking_cost":0,"booking_resources":[],"exclude_global_add_ons":false,"addons":[{"name":"Add-ons","type":"multiple_choice","position":1,"required":false,"title_format":"label","default":"","description_enable":false,"description":"","placeholder_enable":false,"placeholder":"","display":"select","restrictions_type":"any_text","adjust_price":false,"price":"","price_type":"flat_fee","restrictions":false,"min":"0","max":"0","options":[{"label":"Garden Maze","price":"110","price_type":"quantity_based","image":0,"visibility":true},{"label":"Garden Maze + Escape Room","price":"920","price_type":"quantity_based","image":0,"visibility":true}],"id":1752790203}],"acf":[],"_links":{"self":[{"href":"https:\/\/tours.co.th\/de\/wp-json\/wp\/v2\/product\/2079","targetHints":{"allow":["GET"]}}],"collection":[{"href":"https:\/\/tours.co.th\/de\/wp-json\/wp\/v2\/product"}],"about":[{"href":"https:\/\/tours.co.th\/de\/wp-json\/wp\/v2\/types\/product"}],"replies":[{"embeddable":true,"href":"https:\/\/tours.co.th\/de\/wp-json\/wp\/v2\/comments?post=2079"}],"version-history":[{"count":2,"href":"https:\/\/tours.co.th\/de\/wp-json\/wp\/v2\/product\/2079\/revisions"}],"predecessor-version":[{"id":34414,"href":"https:\/\/tours.co.th\/de\/wp-json\/wp\/v2\/product\/2079\/revisions\/34414"}],"wp:featuredmedia":[{"embeddable":true,"href":"https:\/\/tours.co.th\/de\/wp-json\/wp\/v2\/media\/2086"}],"wp:attachment":[{"href":"https:\/\/tours.co.th\/de\/wp-json\/wp\/v2\/media?parent=2079"}],"wp:term":[{"taxonomy":"product_brand","embeddable":true,"href":"https:\/\/tours.co.th\/de\/wp-json\/wp\/v2\/product_brand?post=2079"},{"taxonomy":"product_cat","embeddable":true,"href":"https:\/\/tours.co.th\/de\/wp-json\/wp\/v2\/product_cat?post=2079"},{"taxonomy":"product_tag","embeddable":true,"href":"https:\/\/tours.co.th\/de\/wp-json\/wp\/v2\/product_tag?post=2079"}],"curies":[{"name":"wp","href":"https:\/\/api.w.org\/{rel}","templated":true}]}}