{"id":1418,"date":"2022-03-21T16:18:05","date_gmt":"2022-03-21T09:18:05","guid":{"rendered":"https:\/\/thaihotels.ir\/?post_type=product&#038;p=1418"},"modified":"2025-11-18T02:30:26","modified_gmt":"2025-11-17T19:30:26","slug":"best-of-phuket-half-day-city-tour-atv-experience","status":"publish","type":"product","link":"https:\/\/tours.co.th\/de\/best-of-phuket-half-day-city-tour-atv-experience\/","title":{"rendered":"Halbt\u00e4gige Stadtrundfahrt &amp; ATV-Erlebnis"},"content":{"rendered":"<div class=\"markdown markdown-main-panel\" dir=\"ltr\">\n<p data-sourcepos=\"1:1-1:68\"><strong>Phuket City &amp; ATV-Abenteuer: Kultur, Tempel &amp; Nervenkitzel!<\/strong><\/p>\n<p data-sourcepos=\"3:1-3:317\">Erleben Sie das Beste von Phuket auf einer unvergesslichen Halbtagestour! Tauchen Sie ein in die reiche Kultur der Insel mit Besuchen des beeindruckenden Tempels Wat Chalong und des ber\u00fchmten Gro\u00dfen Buddha, von wo aus Sie ein atemberaubender Panoramablick erwartet. Anschlie\u00dfend k\u00f6nnen Sie Ihren Adrenalinspiegel bei einer aufregenden 30-min\u00fctigen ATV-Tour durch \u00fcppige Dschungelpfade in die H\u00f6he treiben lassen.<\/p>\n<p data-sourcepos=\"5:1-5:15\"><strong>Highlights:<\/strong><\/p>\n<ul data-sourcepos=\"7:1-13:0\">\n<li data-sourcepos=\"7:1-7:113\"><strong>Kulturelles Eintauchen:<\/strong> Erkunden Sie die sino-portugiesische Architektur Phukets und besuchen Sie den verehrten Tempel Wat Chalong.<\/li>\n<li data-sourcepos=\"8:1-8:131\"><strong>Majest\u00e4t des Gro\u00dfen Buddha:<\/strong> Erleben Sie die Erhabenheit des Gro\u00dfen Buddha und genie\u00dfen Sie atemberaubende Ausblicke auf die Insel und das t\u00fcrkisfarbene Wasser.<\/li>\n<li data-sourcepos=\"9:1-9:103\"><strong>ATV-Abenteuer:<\/strong> Begeben Sie sich auf eine aufregende Offroad-Fahrt durch die malerischen Dschungellandschaften von Phuket.<\/li>\n<li data-sourcepos=\"10:1-10:100\"><strong>Panoramablick:<\/strong> Vom Aussichtspunkt Karon aus genie\u00dfen Sie atemberaubende Ausblicke auf drei wundersch\u00f6ne Str\u00e4nde.<\/li>\n<li data-sourcepos=\"11:1-11:115\"><strong>Lokale K\u00f6stlichkeiten:<\/strong> G\u00f6nnen Sie sich eine Kaffeepause in einem Duty-Free-Shop und probieren Sie k\u00f6stliche Cashewn\u00fcsse in einer lokalen Fabrik.<\/li>\n<li data-sourcepos=\"12:1-13:0\"><strong>Bequem und sicher:<\/strong> Hoteltransfer inklusive f\u00fcr ein stressfreies Erlebnis.<\/li>\n<\/ul>\n<p data-sourcepos=\"14:1-14:82\"><strong>Buchen Sie noch heute Ihr Phuket City &amp; ATV-Abenteuer f\u00fcr eine unvergessliche Reise!<\/strong><\/p>\n<\/div>","protected":false},"excerpt":{"rendered":"<p>Give yourself an appetite for the sights and sounds of the half-day Phuket City Tour and ATV Adventure.<br \/>\nHave a memorable and the best city tour into the cultural face of the city, full of Sino-Portuguese architecture. then you\u2019ll head to Wat Chalong, the main temple. And stop at the amazing Big Buddha statue at the highest point on Phuket Island and get an extraordinary view of the island and surrounding sea at Karon viewpoint, which boasts breathtaking views overlooking three beautiful beaches. This is the perfect chance to get those panoramic shots of the natural beauty of the area. And enjoy ridding ATV for 30 minutes<\/p>","protected":false},"featured_media":1424,"comment_status":"open","ping_status":"closed","template":"","meta":{"_acf_changed":false},"product_brand":[],"product_cat":[35],"product_tag":[120,119,118,116,117,115,37,38,39],"class_list":{"0":"post-1418","1":"product","2":"type-product","3":"status-publish","4":"has-post-thumbnail","6":"product_cat-phuket-tours","7":"product_tag-adventure-tour","8":"product_tag-atv","9":"product_tag-city-tour","10":"product_tag-half-day-phuket-city-tour","11":"product_tag-half-day-tour","12":"product_tag-land-tour","13":"product_tag-phuket","14":"product_tag-phuket-city-tour","15":"product_tag-phuket-tours","17":"first","18":"instock","19":"virtual","20":"sold-individually","21":"purchasable","22":"product-type-booking"},"booking_location":"","booking_location_type":"","booking_duration":1,"booking_duration_unit":"day","booking_buffer":0,"booking_cost":0,"booking_resources":[434,435],"exclude_global_add_ons":false,"addons":[{"name":"Add-ons","type":"multiple_choice","position":0,"required":false,"title_format":"label","default":"","description_enable":false,"description":"","placeholder_enable":false,"placeholder":"","display":"radiobutton","restrictions_type":"any_text","adjust_price":false,"price":"","price_type":"flat_fee","restrictions":false,"min":"0","max":"0","options":[{"label":"ATV 45 Minutes + Elephant feeding","price":"400","price_type":"quantity_based","image":0,"visibility":true}],"id":1700431909}],"acf":[],"_links":{"self":[{"href":"https:\/\/tours.co.th\/de\/wp-json\/wp\/v2\/product\/1418","targetHints":{"allow":["GET"]}}],"collection":[{"href":"https:\/\/tours.co.th\/de\/wp-json\/wp\/v2\/product"}],"about":[{"href":"https:\/\/tours.co.th\/de\/wp-json\/wp\/v2\/types\/product"}],"replies":[{"embeddable":true,"href":"https:\/\/tours.co.th\/de\/wp-json\/wp\/v2\/comments?post=1418"}],"version-history":[{"count":3,"href":"https:\/\/tours.co.th\/de\/wp-json\/wp\/v2\/product\/1418\/revisions"}],"predecessor-version":[{"id":35101,"href":"https:\/\/tours.co.th\/de\/wp-json\/wp\/v2\/product\/1418\/revisions\/35101"}],"wp:featuredmedia":[{"embeddable":true,"href":"https:\/\/tours.co.th\/de\/wp-json\/wp\/v2\/media\/1424"}],"wp:attachment":[{"href":"https:\/\/tours.co.th\/de\/wp-json\/wp\/v2\/media?parent=1418"}],"wp:term":[{"taxonomy":"product_brand","embeddable":true,"href":"https:\/\/tours.co.th\/de\/wp-json\/wp\/v2\/product_brand?post=1418"},{"taxonomy":"product_cat","embeddable":true,"href":"https:\/\/tours.co.th\/de\/wp-json\/wp\/v2\/product_cat?post=1418"},{"taxonomy":"product_tag","embeddable":true,"href":"https:\/\/tours.co.th\/de\/wp-json\/wp\/v2\/product_tag?post=1418"}],"curies":[{"name":"wp","href":"https:\/\/api.w.org\/{rel}","templated":true}]}}