{"id":27501,"date":"2024-09-06T08:24:45","date_gmt":"2024-09-06T01:24:45","guid":{"rendered":"https:\/\/tours.co.th\/?page_id=27501"},"modified":"2024-09-06T11:32:13","modified_gmt":"2024-09-06T04:32:13","slug":"faq","status":"publish","type":"page","link":"https:\/\/tours.co.th\/de\/faq\/","title":{"rendered":"FAQ"},"content":{"rendered":"<div id=\"rank-math-faq\" class=\"rank-math-block\">\n<div class=\"rank-math-list\">\n<div id=\"faq-question-1725584700246\" class=\"rank-math-list-item\">\n<h3 class=\"rank-math-question h1\">Ist die Nutzung Ihrer Website sicher?<\/h3>\n<div class=\"rank-math-answer h2\">\n\n<p><strong>Legitimes Gesch\u00e4ft:<\/strong> Wir sind ein in Thailand registriertes Unternehmen mit einer Haftpflichtversicherung in H\u00f6he von 4 Millionen Baht.<br \/><strong>Vertrauensw\u00fcrdige Partner:<\/strong> Wir verkaufen ausschlie\u00dflich Produkte von lizenzierten Reiseveranstaltern.<br \/><strong>Sichere Zahlungen:<\/strong> Ihre Kreditkartendaten sind bei Stripe oder PayPal sicher. Wir verarbeiten Ihre Karteninformationen niemals direkt.<br \/><strong>K\u00e4uferschutz:<\/strong> Wir halten uns an alle K\u00e4uferschutzrichtlinien der Zahlungs- und Kreditkartenunternehmen.<br \/><strong>Integrit\u00e4t geht vor:<\/strong> Wir setzen uns f\u00fcr ethische Gesch\u00e4ftspraktiken und Kundenzufriedenheit ein.<br \/><strong>Erfahrung:<\/strong> Wir verf\u00fcgen \u00fcber jahrelange Erfahrung in der thail\u00e4ndischen Reisebranche.<br \/><strong>Lesen Sie unsere Bewertungen:<\/strong> Noch immer unsicher? Lesen Sie, was unsere Kunden auf Trustindex sagen.<\/p>\n\n<\/div>\n<\/div>\n<div id=\"faq-question-1725585033646\" class=\"rank-math-list-item\">\n<h3 class=\"rank-math-question h1\">Hilfe! Mein Fahrzeug ist nie angekommen!<\/h3>\n<div class=\"rank-math-answer h2\">\n\n<p><strong>Gemeinsamer Transport:<\/strong> Die meisten Hotelabholungen erfolgen in Gruppen mit anderen Reisenden, was zu leichten Verz\u00f6gerungen f\u00fchren kann.<br \/><strong>Geduld ist der Schl\u00fcssel:<\/strong> Bitte rechnen Sie mit einigen zus\u00e4tzlichen Minuten Wartezeit f\u00fcr Ihren Fahrer.<br \/><strong>30-Minuten-Regel:<\/strong> Wenn Ihr Fahrer mehr als 20 Minuten Versp\u00e4tung hat, rufen Sie sofort unsere Notfallnummer an.<\/p>\n\n<\/div>\n<\/div>\n<div id=\"faq-question-1725585183481\" class=\"rank-math-list-item\">\n<h3 class=\"rank-math-question h1\">24\/7-Support in Thailand<\/h3>\n<div class=\"rank-math-answer h2\">\n\n<p>Notfallkontakt: Ihr Voucher enth\u00e4lt eine Telefonnummer f\u00fcr sofortige Hilfe vor oder w\u00e4hrend Ihrer Reise. Sie erreichen uns auch per E-Mail unter info@tours.co.th.<\/p>\n\n<\/div>\n<\/div>\n<div id=\"faq-question-1725585441908\" class=\"rank-math-list-item\">\n<h3 class=\"rank-math-question h1\">Kann ich meine Reisedaten \u00e4ndern?<\/h3>\n<div class=\"rank-math-answer h2\">\n\n<p>Sie m\u00fcssen Ihren Termin verschieben? Kein Problem! Geben Sie uns einfach 24 Stunden im Voraus per E-Mail an info@tours.co.th Bescheid.<\/p>\n\n<\/div>\n<\/div>\n<div id=\"faq-question-1725585475459\" class=\"rank-math-list-item\">\n<h3 class=\"rank-math-question h1\">Wie kann ich meine Buchung stornieren?<\/h3>\n<div class=\"rank-math-answer h2\">\n\n<p>Volle R\u00fcckerstattung garantiert: Stornierung bis zu 24 Stunden im Voraus (ausgenommen reduzierte Artikel)<\/p>\n\n<\/div>\n<\/div>\n<div id=\"faq-question-1725585798163\" class=\"rank-math-list-item\">\n<h3 class=\"rank-math-question h1\">Ben\u00f6tige ich einen ausgedruckten Ticketgutschein?<\/h3>\n<div class=\"rank-math-answer h2\">\n\n<p><strong>WERDE UMWELTFREUNDLICH! \ud83c\udf3f Weg mit dem Papier, zeig dein Handy!<\/strong><\/p>\n\n<\/div>\n<\/div>\n<div id=\"faq-question-1725586371982\" class=\"rank-math-list-item\">\n<h3 class=\"rank-math-question h1\">Reise wetterbedingt abgesagt \u2013 erhalte ich eine R\u00fcckerstattung?<\/h3>\n<div class=\"rank-math-answer h2\">\n\n<p>Schlechtes Wetter? Kostenlose Stornierung oder Umbuchung. Volle R\u00fcckerstattung garantiert!<\/p>\n\n<\/div>\n<\/div>\n<\/div>\n<\/div>","protected":false},"excerpt":{"rendered":"","protected":false},"author":1,"featured_media":27553,"parent":0,"menu_order":0,"comment_status":"closed","ping_status":"closed","template":"","meta":{"_acf_changed":false,"footnotes":""},"class_list":["post-27501","page","type-page","status-publish","has-post-thumbnail","hentry"],"acf":[],"_links":{"self":[{"href":"https:\/\/tours.co.th\/de\/wp-json\/wp\/v2\/pages\/27501","targetHints":{"allow":["GET"]}}],"collection":[{"href":"https:\/\/tours.co.th\/de\/wp-json\/wp\/v2\/pages"}],"about":[{"href":"https:\/\/tours.co.th\/de\/wp-json\/wp\/v2\/types\/page"}],"author":[{"embeddable":true,"href":"https:\/\/tours.co.th\/de\/wp-json\/wp\/v2\/users\/1"}],"replies":[{"embeddable":true,"href":"https:\/\/tours.co.th\/de\/wp-json\/wp\/v2\/comments?post=27501"}],"version-history":[{"count":0,"href":"https:\/\/tours.co.th\/de\/wp-json\/wp\/v2\/pages\/27501\/revisions"}],"wp:featuredmedia":[{"embeddable":true,"href":"https:\/\/tours.co.th\/de\/wp-json\/wp\/v2\/media\/27553"}],"wp:attachment":[{"href":"https:\/\/tours.co.th\/de\/wp-json\/wp\/v2\/media?parent=27501"}],"curies":[{"name":"wp","href":"https:\/\/api.w.org\/{rel}","templated":true}]}}